{"id":1087852,"date":"2026-03-04T15:55:15","date_gmt":"2026-03-04T14:55:15","guid":{"rendered":"https:\/\/www.claret.cat\/llibre\/gegants-i-bestiari-9788413565651\/"},"modified":"2026-04-08T13:20:05","modified_gmt":"2026-04-08T11:20:05","slug":"gegants-i-bestiari-9788413565651","status":"publish","type":"product","link":"https:\/\/www.claret.cat\/es\/libro\/gegants-i-bestiari-9788413565651\/","title":{"rendered":"GEGANTS I BESTIARI"},"content":{"rendered":"<p>IL\u00b7LUSTRACIONS D&#8221;HUGO PRADES 2A EDICI\u00d3 EL PATUFET TRASLLADA LA TRADICI\u00d3 DE LES DIVERSES B\u00c8STIES FESTIVES D&#8221;ARREU DE CATALUNYA ALS PETITS DE CASA. Ei, menuts i menudes! El Patufet us acosta les tradicions m\u00e9s boniques del costumari catal\u00e0. En aquest conte fareu nous amics: gegants, nans, \u00e0ligues, dracs, mulasses i una llarga r\u00e8cula de b\u00e8sties festives. Conte amb MENYS TEXT, TOT EN CARTR\u00d3 I EN MAJ\u00daSCULES, per a nens m\u00e9s petits. * Aquesta col\u00b7lecci\u00f3 aposta per ensenyar les tradicions i llegendes catalanes als m\u00e9s petits a trav\u00e9s de l&#8221;entranyable personatge del Patufet.<\/p>\n","protected":false},"excerpt":{"rendered":"<p>ROGER ROIG C\u00c9SAR<\/p>\n","protected":false},"featured_media":1087853,"template":"","meta":{"_acf_changed":false,"om_disable_all_campaigns":false,"rs_blank_template":"","rs_page_bg_color":"","slide_template_v7":"","inline_featured_image":false,"_monsterinsights_skip_tracking":false,"_monsterinsights_sitenote_active":false,"_monsterinsights_sitenote_note":"","_monsterinsights_sitenote_category":0},"product_brand":[],"product_cat":[131,361],"product_tag":[],"class_list":{"0":"post-1087852","1":"product","2":"type-product","3":"status-publish","4":"has-post-thumbnail","6":"product_cat-contes-per-infants-0-6-anys","7":"product_cat-cuentos-para-ninos-0-6-anos","9":"first","10":"instock","11":"taxable","12":"shipping-taxable","13":"purchasable","14":"product-type-simple"},"acf":{"autor":"ROGER ROIG C\u00c9SAR","codart":"841356565","libros-coleccion":"","ediciones":"1","encuadernacion":"Carton\u00e9","fecha_de_publicacion":"01\/03\/2026","novedad":"1","paginas":"12","subtitulo":"","orden":"0","portada":"0","idioma":"cat","booktrailer":"","resenas":"","editorial":[{"ID":6171,"post_author":"3","post_date":"2022-07-28 17:46:25","post_date_gmt":"2022-07-28 15:46:25","post_content":"","post_title":"COSSETANIA EDICIONS","post_excerpt":"","post_status":"publish","comment_status":"closed","ping_status":"closed","post_password":"","post_name":"cossetania-edicions","to_ping":"","pinged":"","post_modified":"2022-07-28 17:46:25","post_modified_gmt":"2022-07-28 15:46:25","post_content_filtered":"","post_parent":0,"guid":"http:\/\/dev.claret.cat\/editorial\/cossetania-edicions\/","menu_order":0,"post_type":"editorial","post_mime_type":"","comment_count":"0","filter":"raw"}]},"aioseo_notices":[],"_links":{"self":[{"href":"https:\/\/www.claret.cat\/es\/wp-json\/wp\/v2\/product\/1087852","targetHints":{"allow":["GET"]}}],"collection":[{"href":"https:\/\/www.claret.cat\/es\/wp-json\/wp\/v2\/product"}],"about":[{"href":"https:\/\/www.claret.cat\/es\/wp-json\/wp\/v2\/types\/product"}],"wp:featuredmedia":[{"embeddable":true,"href":"https:\/\/www.claret.cat\/es\/wp-json\/wp\/v2\/media\/1087853"}],"wp:attachment":[{"href":"https:\/\/www.claret.cat\/es\/wp-json\/wp\/v2\/media?parent=1087852"}],"wp:term":[{"taxonomy":"product_brand","embeddable":true,"href":"https:\/\/www.claret.cat\/es\/wp-json\/wp\/v2\/product_brand?post=1087852"},{"taxonomy":"product_cat","embeddable":true,"href":"https:\/\/www.claret.cat\/es\/wp-json\/wp\/v2\/product_cat?post=1087852"},{"taxonomy":"product_tag","embeddable":true,"href":"https:\/\/www.claret.cat\/es\/wp-json\/wp\/v2\/product_tag?post=1087852"}],"curies":[{"name":"wp","href":"https:\/\/api.w.org\/{rel}","templated":true}]}}