{"id":1087858,"date":"2026-03-04T15:55:42","date_gmt":"2026-03-04T14:55:42","guid":{"rendered":"https:\/\/www.claret.cat\/llibre\/una-teoria-critica-de-la-inteligencia-artificial-rustica-9791388019685\/"},"modified":"2026-03-05T10:55:48","modified_gmt":"2026-03-05T09:55:48","slug":"una-teoria-critica-de-la-inteligencia-artificial-rustica-9791388019685","status":"publish","type":"product","link":"https:\/\/www.claret.cat\/es\/libro\/una-teoria-critica-de-la-inteligencia-artificial-rustica-9791388019685\/","title":{"rendered":"UNA TEOR\u00cdA CR\u00cdTICA DE LA INTELIGENCIA ARTIFICIAL- R\u00daSTICA"},"content":{"rendered":"<p>El cambio tecnol\u00f3gico afecta a un valor fundamental de las sociedades democr\u00e1ticas: la capacidad de decidir. Cada vez m\u00e1s decisiones, cotidianas o pol\u00edticas, son automatizadas y se delegan en sofisticados artefactos. A partir de la reflexi\u00f3n acerca del concepto de decisi\u00f3n democr\u00e1tica, Innerarity elabora, con rigor anal\u00edtico, una filosof\u00eda pol\u00edtica de la inteligencia artificial que se pregunta qu\u00e9 tipo de voluntad popular se est\u00e1 gestando, al tiempo que se aleja del determinismo tecnol\u00f3gico y de posiciones catastrofistas o apocal\u00edpticas. Este ensayo, galardonado con el III Premio de Ensayo Eugenio Tr\u00edas, propone una reflexi\u00f3n filos\u00f3fica sobre los principales asuntos que la inteligencia artificial nos obliga a repensar: las capacidades de los algoritmos y las de los humanos; la naturaleza de la automatizaci\u00f3n, la inteligencia y la creatividad; la fiabilidad de la anal\u00edtica predictiva el significado de la transparencia; la dimensi\u00f3n intuitiva y corporal del conocimiento; el poder y la inexactitud de los datos; el aspecto colectivo y social de la privacidad, o el lugar de la indeterminaci\u00f3n y el azar en un entorno mediado por la gobernanza algor\u00edtmica. Desde una perspectiva a la vez cr\u00edtica y respetuosa con la complejidad tecnol\u00f3gica, Innerarity plantea una idea novedosa del control pol\u00edtico de la tecnolog\u00eda que promueva la igualdad y la democratizaci\u00f3n del entorno algor\u00edtmico, as\u00ed como un nuevo contrato social entre los humanos y las m\u00e1quinas, con el fin de lograr su integraci\u00f3n equilibrada y justa en un mundo negociable. En el gran debate de la inteligencia artificial, Innerarity reexamina el concepto de democracia en la actual encrucijada tecnol\u00f3gica.<\/p>\n","protected":false},"excerpt":{"rendered":"<p>DANIEL INNERARITY<\/p>\n","protected":false},"featured_media":1088083,"template":"","meta":{"_acf_changed":false,"om_disable_all_campaigns":false,"rs_blank_template":"","rs_page_bg_color":"","slide_template_v7":"","inline_featured_image":false,"_monsterinsights_skip_tracking":false,"_monsterinsights_sitenote_active":false,"_monsterinsights_sitenote_note":"","_monsterinsights_sitenote_category":0},"product_brand":[],"product_cat":[373,166,104,554,440,169],"product_tag":[],"class_list":{"0":"post-1087858","1":"product","2":"type-product","3":"status-publish","4":"has-post-thumbnail","6":"product_cat-autores","7":"product_cat-autors-filosofia","8":"product_cat-ciencia","9":"product_cat-ciencia-5_otras-spa","10":"product_cat-de-la-ciencia-filosofia-2_humanidades","11":"product_cat-de-la-ciencia","13":"first","14":"instock","15":"taxable","16":"shipping-taxable","17":"purchasable","18":"product-type-simple"},"acf":{"autor":"DANIEL INNERARITY","codart":"138801968","libros-coleccion":"","ediciones":"1","encuadernacion":"R\u00fastica","fecha_de_publicacion":"01\/03\/2026","novedad":"1","paginas":"552","subtitulo":"","orden":"0","portada":"0","idioma":"spa","booktrailer":"","resenas":"","editorial":[{"ID":6260,"post_author":"3","post_date":"2022-07-28 17:48:23","post_date_gmt":"2022-07-28 15:48:23","post_content":"","post_title":"Galaxia Gutenberg","post_excerpt":"","post_status":"publish","comment_status":"closed","ping_status":"closed","post_password":"","post_name":"galaxia-gutenberg","to_ping":"","pinged":"","post_modified":"2022-07-28 17:48:23","post_modified_gmt":"2022-07-28 15:48:23","post_content_filtered":"","post_parent":0,"guid":"http:\/\/dev.claret.cat\/editorial\/galaxia-gutenberg\/","menu_order":0,"post_type":"editorial","post_mime_type":"","comment_count":"0","filter":"raw"}]},"aioseo_notices":[],"_links":{"self":[{"href":"https:\/\/www.claret.cat\/es\/wp-json\/wp\/v2\/product\/1087858","targetHints":{"allow":["GET"]}}],"collection":[{"href":"https:\/\/www.claret.cat\/es\/wp-json\/wp\/v2\/product"}],"about":[{"href":"https:\/\/www.claret.cat\/es\/wp-json\/wp\/v2\/types\/product"}],"wp:featuredmedia":[{"embeddable":true,"href":"https:\/\/www.claret.cat\/es\/wp-json\/wp\/v2\/media\/1088083"}],"wp:attachment":[{"href":"https:\/\/www.claret.cat\/es\/wp-json\/wp\/v2\/media?parent=1087858"}],"wp:term":[{"taxonomy":"product_brand","embeddable":true,"href":"https:\/\/www.claret.cat\/es\/wp-json\/wp\/v2\/product_brand?post=1087858"},{"taxonomy":"product_cat","embeddable":true,"href":"https:\/\/www.claret.cat\/es\/wp-json\/wp\/v2\/product_cat?post=1087858"},{"taxonomy":"product_tag","embeddable":true,"href":"https:\/\/www.claret.cat\/es\/wp-json\/wp\/v2\/product_tag?post=1087858"}],"curies":[{"name":"wp","href":"https:\/\/api.w.org\/{rel}","templated":true}]}}