{"id":1087861,"date":"2026-03-04T15:55:56","date_gmt":"2026-03-04T14:55:56","guid":{"rendered":"https:\/\/www.claret.cat\/llibre\/els-irresponsables-9791387853235\/"},"modified":"2026-03-24T17:07:37","modified_gmt":"2026-03-24T16:07:37","slug":"els-irresponsables-9791387853235","status":"publish","type":"product","link":"https:\/\/www.claret.cat\/es\/libro\/els-irresponsables-9791387853235\/","title":{"rendered":"ELS IRRESPONSABLES"},"content":{"rendered":"<p>ELLS NO PODIEN NI INTUIR EL QUE VA PASSAR. NOSALTRES, ARA, SABEM QUE VA SER EL PITJOR MOMENT DE LA HIST\u00d2RIA D&#8217;EUROPA. AQUEST LLIBRE \u00c9S UN ADVERTIMENT URGENT SOBRE ELS PERILLS QUE ASSETGEN LES NOSTRES DEMOCR\u00c0CIES, AHIR I AVUI. Lluny de ser un desenlla\u00e7 inevitable, l&#8217;ascens de Hitler al poder va ser el resultat de les accions conscients d&#8217;unes elits pol\u00edtiques, econ\u00f2miques i militars que, encegades pels propis interessos, van creure que podrien controlar les decisions d&#8217;un inexpert partit nazi en el poder. El president Hindenburg, els cancellers Papen i Schleicher, el magnat de la premsa Hugenberg, els terratinents i els rics industrials Krupp i Thyssen, entre altres, van for\u00e7ar una alian\u00e7a perillosa amb els nazis que els va acabar devorant: el flirteig de la dreta conservadora amb l&#8221;extrema dreta, motivat per la defensa dels seus privilegis, va acabar tornant-se en contra i obrint les portes de l&#8217;infern. Chapoutot reconstrueix les intrigues, els pactes secrets i els errors fatals que van convertir una democr\u00e0cia plena en el pitjor totalitarisme. I aquesta lli\u00e7\u00f3 hist\u00f2rica \u00e9s ara, m\u00e9s que mai, un crit d&#8221;alerta sobre el nostre present. TRADUCCI\u00d3 D&#8217;ANDREU GOMILA.<\/p>\n","protected":false},"excerpt":{"rendered":"<p>JOHANN CHAPOUTOT<\/p>\n","protected":false},"featured_media":1088340,"template":"","meta":{"_acf_changed":false,"om_disable_all_campaigns":false,"rs_blank_template":"","rs_page_bg_color":"","slide_template_v7":"","inline_featured_image":false,"_monsterinsights_skip_tracking":false,"_monsterinsights_sitenote_active":false,"_monsterinsights_sitenote_note":"","_monsterinsights_sitenote_category":0},"product_brand":[],"product_cat":[368,151],"product_tag":[],"class_list":{"0":"post-1087861","1":"product","2":"type-product","3":"status-publish","4":"has-post-thumbnail","6":"product_cat-contemporanea","7":"product_cat-contemporania","9":"first","10":"instock","11":"taxable","12":"shipping-taxable","13":"purchasable","14":"product-type-simple"},"acf":{"autor":"JOHANN CHAPOUTOT","codart":"138785323","libros-coleccion":"","ediciones":"1","encuadernacion":"R\u00fastica","fecha_de_publicacion":"01\/03\/2026","novedad":"1","paginas":"381","subtitulo":"QUI VA PORTAR HITLER AL PODER?","orden":"0","portada":"0","idioma":"cat","booktrailer":"","resenas":"","editorial":[{"ID":6122,"post_author":"3","post_date":"2022-07-28 17:45:22","post_date_gmt":"2022-07-28 15:45:22","post_content":"","post_title":"ANGLE EDITORIAL","post_excerpt":"","post_status":"publish","comment_status":"closed","ping_status":"closed","post_password":"","post_name":"angle-editorial","to_ping":"","pinged":"","post_modified":"2022-07-28 17:45:22","post_modified_gmt":"2022-07-28 15:45:22","post_content_filtered":"","post_parent":0,"guid":"http:\/\/dev.claret.cat\/editorial\/angle-editorial\/","menu_order":0,"post_type":"editorial","post_mime_type":"","comment_count":"0","filter":"raw"}]},"aioseo_notices":[],"_links":{"self":[{"href":"https:\/\/www.claret.cat\/es\/wp-json\/wp\/v2\/product\/1087861","targetHints":{"allow":["GET"]}}],"collection":[{"href":"https:\/\/www.claret.cat\/es\/wp-json\/wp\/v2\/product"}],"about":[{"href":"https:\/\/www.claret.cat\/es\/wp-json\/wp\/v2\/types\/product"}],"wp:featuredmedia":[{"embeddable":true,"href":"https:\/\/www.claret.cat\/es\/wp-json\/wp\/v2\/media\/1088340"}],"wp:attachment":[{"href":"https:\/\/www.claret.cat\/es\/wp-json\/wp\/v2\/media?parent=1087861"}],"wp:term":[{"taxonomy":"product_brand","embeddable":true,"href":"https:\/\/www.claret.cat\/es\/wp-json\/wp\/v2\/product_brand?post=1087861"},{"taxonomy":"product_cat","embeddable":true,"href":"https:\/\/www.claret.cat\/es\/wp-json\/wp\/v2\/product_cat?post=1087861"},{"taxonomy":"product_tag","embeddable":true,"href":"https:\/\/www.claret.cat\/es\/wp-json\/wp\/v2\/product_tag?post=1087861"}],"curies":[{"name":"wp","href":"https:\/\/api.w.org\/{rel}","templated":true}]}}