{"id":1087864,"date":"2026-03-04T15:56:10","date_gmt":"2026-03-04T14:56:10","guid":{"rendered":"https:\/\/www.claret.cat\/llibre\/el-joc-del-mentider-9791399140934\/"},"modified":"2026-03-05T11:40:22","modified_gmt":"2026-03-05T10:40:22","slug":"el-joc-del-mentider-9791399140934","status":"publish","type":"product","link":"https:\/\/www.claret.cat\/es\/libro\/el-joc-del-mentider-9791399140934\/","title":{"rendered":"EL JOC DEL MENTIDER"},"content":{"rendered":"<p>Ambientada en la Barcelona de la Transici\u00f3, El joc del mentider \u00e9s la novel\u00b7la d&#8217;una generaci\u00f3 que va voler creure en la llibertat, en la modernitat i en una nova moral possible. A trav\u00e9s de la veu d&#8217;Oriol Valls, narrador i protagonista, Llu\u00eds Maria Tod\u00f3 construeix el relat d&#8217;un grup d&#8217;amics units pel desig i la paraula, per\u00f2 tamb\u00e9 per la necessitat constant de dissimular, d&#8217;adaptar-se, de mentir. La novel\u00b7la avan\u00e7a mitjan\u00e7ant cartes, confessions i relats encreuats que posen en q\u00fcesti\u00f3 la sinceritat de qualsevol text. Qu\u00e8 vol dir narrar? Quina identitat es pot construir en un m\u00f3n que es transforma? Quines mentides cal assumir per poder viure, estimar o pert\u00e0nyer a un col\u00b7lectiu? En aquest joc subtil de miralls, la mentida no \u00e9s un accident moral, sin\u00f3 una condici\u00f3<\/p>\n","protected":false},"excerpt":{"rendered":"<p>TOD\u00d3, LLU\u00cdS MARIA<\/p>\n","protected":false},"featured_media":1088115,"template":"","meta":{"_acf_changed":false,"om_disable_all_campaigns":false,"rs_blank_template":"","rs_page_bg_color":"","slide_template_v7":"","inline_featured_image":false,"_monsterinsights_skip_tracking":false,"_monsterinsights_sitenote_active":false,"_monsterinsights_sitenote_note":"","_monsterinsights_sitenote_category":0},"product_brand":[],"product_cat":[127,357],"product_tag":[],"class_list":{"0":"post-1087864","1":"product","2":"type-product","3":"status-publish","4":"has-post-thumbnail","6":"product_cat-novella-contemporania","7":"product_cat-novela-contemporanea","9":"first","10":"instock","11":"taxable","12":"shipping-taxable","13":"purchasable","14":"product-type-simple"},"acf":{"autor":"TOD\u00d3, LLU\u00cdS MARIA","codart":"139914093","libros-coleccion":"","ediciones":"1","encuadernacion":"R\u00fastica","fecha_de_publicacion":"01\/02\/2026","novedad":"1","paginas":"286","subtitulo":"","orden":"0","portada":"0","idioma":"cat","booktrailer":"","resenas":"","editorial":[{"ID":6280,"post_author":"3","post_date":"2022-07-28 17:48:48","post_date_gmt":"2022-07-28 15:48:48","post_content":"","post_title":"LABREU EDICIONS","post_excerpt":"","post_status":"publish","comment_status":"closed","ping_status":"closed","post_password":"","post_name":"labreu-edicions","to_ping":"","pinged":"","post_modified":"2022-07-28 17:48:48","post_modified_gmt":"2022-07-28 15:48:48","post_content_filtered":"","post_parent":0,"guid":"http:\/\/dev.claret.cat\/editorial\/labreu-edicions\/","menu_order":0,"post_type":"editorial","post_mime_type":"","comment_count":"0","filter":"raw"}]},"aioseo_notices":[],"_links":{"self":[{"href":"https:\/\/www.claret.cat\/es\/wp-json\/wp\/v2\/product\/1087864","targetHints":{"allow":["GET"]}}],"collection":[{"href":"https:\/\/www.claret.cat\/es\/wp-json\/wp\/v2\/product"}],"about":[{"href":"https:\/\/www.claret.cat\/es\/wp-json\/wp\/v2\/types\/product"}],"wp:featuredmedia":[{"embeddable":true,"href":"https:\/\/www.claret.cat\/es\/wp-json\/wp\/v2\/media\/1088115"}],"wp:attachment":[{"href":"https:\/\/www.claret.cat\/es\/wp-json\/wp\/v2\/media?parent=1087864"}],"wp:term":[{"taxonomy":"product_brand","embeddable":true,"href":"https:\/\/www.claret.cat\/es\/wp-json\/wp\/v2\/product_brand?post=1087864"},{"taxonomy":"product_cat","embeddable":true,"href":"https:\/\/www.claret.cat\/es\/wp-json\/wp\/v2\/product_cat?post=1087864"},{"taxonomy":"product_tag","embeddable":true,"href":"https:\/\/www.claret.cat\/es\/wp-json\/wp\/v2\/product_tag?post=1087864"}],"curies":[{"name":"wp","href":"https:\/\/api.w.org\/{rel}","templated":true}]}}