{"id":1087867,"date":"2026-03-04T16:00:07","date_gmt":"2026-03-04T15:00:07","guid":{"rendered":"https:\/\/www.claret.cat\/llibre\/nacidos-para-estar-fuertes-9791387936235\/"},"modified":"2026-03-05T10:50:43","modified_gmt":"2026-03-05T09:50:43","slug":"nacidos-para-estar-fuertes-9791387936235","status":"publish","type":"product","link":"https:\/\/www.claret.cat\/es\/libro\/nacidos-para-estar-fuertes-9791387936235\/","title":{"rendered":"NACIDOS PARA ESTAR FUERTES"},"content":{"rendered":"<p>Estar fuerte no es una opci\u00f3n, es una necesidad biol\u00f3gica para proteger tu salud f\u00edsica y mental.<br \/> Convi\u00e9rtete en tu propio entrenador y nutricionista. Desarrolla una mentalidad implacable y haz del conocimiento tu mejor aliado. No necesitas m\u00e1s trucos, rutinas gen\u00e9ricas ni dietas que destruyan tu salud. Lo que necesitas es entender c\u00f3mo funciona tu cuerpo y tomar el control.<br \/> En este libro encontrar\u00e1s herramientas pr\u00e1cticas para construir el lugar donde vas a vivir toda tu vida: tu cuerpo.<br \/> Con ciencia, l\u00f3gica y estrategia aprender\u00e1s a\u2026<\/p>\n<p> Dise\u00f1ar un plan de entrenamiento y nutrici\u00f3n adaptado a ti.<br \/> Perder grasa y ganar m\u00fasculo sin perder el tiempo en el gimnasio.<br \/> Comer bien sin obsesionarte con dietas absurdas.<br \/> Evitar los errores m\u00e1s comunes que sabotean tu progreso.<br \/> Forjar la mentalidad necesaria para conseguirlo.<\/p>\n<p> Si entiendes las reglas del juego, puedes ganar. Pero primero tienes que aprenderlas.<br \/> Si est\u00e1s listo para tomar el control de tu cuerpo y dejar de perder el tiempo, este libro es para ti.<\/p>\n","protected":false},"excerpt":{"rendered":"<p>LAURA FALCES<\/p>\n","protected":false},"featured_media":1088075,"template":"","meta":{"_acf_changed":false,"om_disable_all_campaigns":false,"rs_blank_template":"","rs_page_bg_color":"","slide_template_v7":"","inline_featured_image":false,"_monsterinsights_skip_tracking":false,"_monsterinsights_sitenote_active":false,"_monsterinsights_sitenote_note":"","_monsterinsights_sitenote_category":0},"product_brand":[],"product_cat":[547,97],"product_tag":[],"class_list":{"0":"post-1087867","1":"product","2":"type-product","3":"status-publish","4":"has-post-thumbnail","6":"product_cat-salud","7":"product_cat-salut","9":"first","10":"instock","11":"taxable","12":"shipping-taxable","13":"purchasable","14":"product-type-simple"},"acf":{"autor":"LAURA FALCES","codart":"138793623","libros-coleccion":"","ediciones":"1","encuadernacion":"R\u00fastica","fecha_de_publicacion":"01\/02\/2026","novedad":"1","paginas":"231","subtitulo":"RECONECTA CON UN CUERPO SANO, FUERTE Y EST\u00c9TICO. CONSTR\u00daYELO PARA TODA LA VIDA.","orden":"0","portada":"0","idioma":"spa","booktrailer":"","resenas":"","editorial":[{"ID":1064024,"post_author":"3","post_date":"2025-11-05 14:05:10","post_date_gmt":"2025-11-05 13:05:10","post_content":"","post_title":"Tenos","post_excerpt":"","post_status":"publish","comment_status":"closed","ping_status":"closed","post_password":"","post_name":"tenos","to_ping":"","pinged":"","post_modified":"2025-11-05 14:05:10","post_modified_gmt":"2025-11-05 13:05:10","post_content_filtered":"","post_parent":0,"guid":"https:\/\/www.claret.cat\/editorial\/tenos\/","menu_order":0,"post_type":"editorial","post_mime_type":"","comment_count":"0","filter":"raw"}]},"aioseo_notices":[],"_links":{"self":[{"href":"https:\/\/www.claret.cat\/es\/wp-json\/wp\/v2\/product\/1087867","targetHints":{"allow":["GET"]}}],"collection":[{"href":"https:\/\/www.claret.cat\/es\/wp-json\/wp\/v2\/product"}],"about":[{"href":"https:\/\/www.claret.cat\/es\/wp-json\/wp\/v2\/types\/product"}],"wp:featuredmedia":[{"embeddable":true,"href":"https:\/\/www.claret.cat\/es\/wp-json\/wp\/v2\/media\/1088075"}],"wp:attachment":[{"href":"https:\/\/www.claret.cat\/es\/wp-json\/wp\/v2\/media?parent=1087867"}],"wp:term":[{"taxonomy":"product_brand","embeddable":true,"href":"https:\/\/www.claret.cat\/es\/wp-json\/wp\/v2\/product_brand?post=1087867"},{"taxonomy":"product_cat","embeddable":true,"href":"https:\/\/www.claret.cat\/es\/wp-json\/wp\/v2\/product_cat?post=1087867"},{"taxonomy":"product_tag","embeddable":true,"href":"https:\/\/www.claret.cat\/es\/wp-json\/wp\/v2\/product_tag?post=1087867"}],"curies":[{"name":"wp","href":"https:\/\/api.w.org\/{rel}","templated":true}]}}