{"id":1087870,"date":"2026-03-04T16:00:21","date_gmt":"2026-03-04T15:00:21","guid":{"rendered":"https:\/\/www.claret.cat\/llibre\/el-goig-de-caminar-9788413565750\/"},"modified":"2026-04-01T15:21:16","modified_gmt":"2026-04-01T13:21:16","slug":"el-goig-de-caminar-9788413565750","status":"publish","type":"product","link":"https:\/\/www.claret.cat\/es\/libro\/el-goig-de-caminar-9788413565750\/","title":{"rendered":"EL GOIG DE CAMINAR"},"content":{"rendered":"<p>SELECCI\u00d3 DELS AUTORS I DELS TEXTOS: SUZY CRIPPS I ENRIC FAURA \u00abAmb temps lliure i en companyia dels meus pensaments, camino pels camps sense l\u00edmits de temps o espai.\u00bb Rabindranath Tagore _EL GOIG DE CAMINAR_ APLEGA ASSAIG, FICCI\u00d3 I POESIA QUE EVOCA EL SIMPLE ACTE DE POSAR UN PEU DAVANT DE L&#8221;ALTRE. Caminar ha estat durant molt de temps una font d&#8221;inspiraci\u00f3 i creativitat per als escriptors. Molts autors, com William Wordsworth, Walt Whitman i Joan Maragall, lloen les virtuts de caminar pel camp, ja sigui sol o en companyia d&#8221;amics, mentre que d&#8221;altres, com Charles Dickens i E. M. Forster, contraposen el goig que suposa enfront dels perills de moure&#8221;s per la ciutat. Per a escriptores com Emily Bront\u00eb i Elizabeth Gaskell, caminar \u00e9s una via cap a la llibertat i la intimitat. I molts altres escrits sostenen que caminar pot ser curatiu, sens dubte una lli\u00e7\u00f3 valuosa en el m\u00f3n fren\u00e8tic actual. TRADUCCI\u00d3 DE JOSEP MARIA FULQUET * AUTORS DELS TEXTOS: Henry David Thoreau, John Burroughs, Charlotte Bront\u00eb, Robert Louis Stevenson, Walt Whitman, William Hazlitt, Elizabeth Barrett Browning, Rabindranath Tagore, Thomas Traherne, Dorothy Wordsworth, Ann Radcliffe, Frances Burney, William Cowper, Robert Southey, Charles Dickens, Charlotte Lennox, Jean-Jacques Rousseau, William Wordsworth, Alfred Tennyson, Elizabeth Gaskell, Mark Twain, Frederick Douglass, Leslie Stephen, Harriet Martineau, Thomas Hardy, Emily Bront\u00eb, Charles Baudelaire, Alfred Edward Housman, Wilkie Collins, Jane Austen, W. B. Yeats, John Clare, Rosa N. Carey, George Eliot, John Dyer, Carles Bosch de la Trinxeria, Santiago Rusi\u00f1ol i Joan Maragall.<\/p>\n","protected":false},"excerpt":{"rendered":"<p>AA.VV.<\/p>\n","protected":false},"featured_media":1090347,"template":"","meta":{"_acf_changed":false,"om_disable_all_campaigns":false,"rs_blank_template":"","rs_page_bg_color":"","slide_template_v7":"","inline_featured_image":false,"_monsterinsights_skip_tracking":false,"_monsterinsights_sitenote_active":false,"_monsterinsights_sitenote_note":"","_monsterinsights_sitenote_category":0},"product_brand":[],"product_cat":[90,540],"product_tag":[],"class_list":{"0":"post-1087870","1":"product","2":"type-product","3":"status-publish","4":"has-post-thumbnail","6":"product_cat-altres","7":"product_cat-otros","9":"first","10":"instock","11":"taxable","12":"shipping-taxable","13":"purchasable","14":"product-type-simple"},"acf":{"autor":"AA.VV.","codart":"841356575","libros-coleccion":"","ediciones":"1","encuadernacion":"R\u00fastica","fecha_de_publicacion":"01\/03\/2026","novedad":"1","paginas":"220","subtitulo":"","orden":"0","portada":"0","idioma":"cat","booktrailer":"","resenas":"","editorial":[{"ID":6171,"post_author":"3","post_date":"2022-07-28 17:46:25","post_date_gmt":"2022-07-28 15:46:25","post_content":"","post_title":"COSSETANIA EDICIONS","post_excerpt":"","post_status":"publish","comment_status":"closed","ping_status":"closed","post_password":"","post_name":"cossetania-edicions","to_ping":"","pinged":"","post_modified":"2022-07-28 17:46:25","post_modified_gmt":"2022-07-28 15:46:25","post_content_filtered":"","post_parent":0,"guid":"http:\/\/dev.claret.cat\/editorial\/cossetania-edicions\/","menu_order":0,"post_type":"editorial","post_mime_type":"","comment_count":"0","filter":"raw"}]},"aioseo_notices":[],"_links":{"self":[{"href":"https:\/\/www.claret.cat\/es\/wp-json\/wp\/v2\/product\/1087870","targetHints":{"allow":["GET"]}}],"collection":[{"href":"https:\/\/www.claret.cat\/es\/wp-json\/wp\/v2\/product"}],"about":[{"href":"https:\/\/www.claret.cat\/es\/wp-json\/wp\/v2\/types\/product"}],"wp:featuredmedia":[{"embeddable":true,"href":"https:\/\/www.claret.cat\/es\/wp-json\/wp\/v2\/media\/1090347"}],"wp:attachment":[{"href":"https:\/\/www.claret.cat\/es\/wp-json\/wp\/v2\/media?parent=1087870"}],"wp:term":[{"taxonomy":"product_brand","embeddable":true,"href":"https:\/\/www.claret.cat\/es\/wp-json\/wp\/v2\/product_brand?post=1087870"},{"taxonomy":"product_cat","embeddable":true,"href":"https:\/\/www.claret.cat\/es\/wp-json\/wp\/v2\/product_cat?post=1087870"},{"taxonomy":"product_tag","embeddable":true,"href":"https:\/\/www.claret.cat\/es\/wp-json\/wp\/v2\/product_tag?post=1087870"}],"curies":[{"name":"wp","href":"https:\/\/api.w.org\/{rel}","templated":true}]}}