{"id":1087876,"date":"2026-03-04T16:05:02","date_gmt":"2026-03-04T15:05:02","guid":{"rendered":"https:\/\/www.claret.cat\/llibre\/guaracu-9791387594169\/"},"modified":"2026-03-04T16:40:35","modified_gmt":"2026-03-04T15:40:35","slug":"guaracu-9791387594169","status":"publish","type":"product","link":"https:\/\/www.claret.cat\/es\/libro\/guaracu-9791387594169\/","title":{"rendered":"GUARA\u00c7\u00da"},"content":{"rendered":"<p>IL\u00b7LUSTRACIONS DE MARIA RIUS UN \u00c0LBUM IMPRESCINDIBLE DE LA LITERATURA INFANTIL Sota els arbres del llindar del bosc, en Guara\u00e7\u00fa, el petit ind\u00edgena, s&#8221;entretenia fent un nino de fang. Un ocell blau, estrany, d&#8221;una bellesa que el nen no havia vist mai, es pos\u00e0 a terra, al seu costat. Ricardo Alc\u00e1ntara i Maria Rius s\u00f3n els creadors d&#8221;aquest cl\u00e0ssic imprescindible de la nostra literatura infantil.<\/p>\n","protected":false},"excerpt":{"rendered":"<p>RICARDO ALC\u00c1NTARA SGARBI<\/p>\n","protected":false},"featured_media":1087877,"template":"","meta":{"_acf_changed":false,"om_disable_all_campaigns":false,"rs_blank_template":"","rs_page_bg_color":"","slide_template_v7":"","inline_featured_image":false,"_monsterinsights_skip_tracking":false,"_monsterinsights_sitenote_active":false,"_monsterinsights_sitenote_note":"","_monsterinsights_sitenote_category":0},"product_brand":[],"product_cat":[131,361],"product_tag":[],"class_list":{"0":"post-1087876","1":"product","2":"type-product","3":"status-publish","4":"has-post-thumbnail","6":"product_cat-contes-per-infants-0-6-anys","7":"product_cat-cuentos-para-ninos-0-6-anos","9":"first","10":"instock","11":"taxable","12":"shipping-taxable","13":"purchasable","14":"product-type-simple"},"acf":{"autor":"RICARDO ALC\u00c1NTARA SGARBI","codart":"138759416","libros-coleccion":"","ediciones":"1","encuadernacion":"Carpeta","fecha_de_publicacion":"01\/03\/2026","novedad":"1","paginas":"32","subtitulo":"","orden":"0","portada":"0","idioma":"spa","booktrailer":"","resenas":"","editorial":[{"ID":6145,"post_author":"3","post_date":"2022-07-28 17:45:51","post_date_gmt":"2022-07-28 15:45:51","post_content":"","post_title":"BINDI BOOKS","post_excerpt":"","post_status":"publish","comment_status":"closed","ping_status":"closed","post_password":"","post_name":"bindi-books","to_ping":"","pinged":"","post_modified":"2022-07-28 17:45:51","post_modified_gmt":"2022-07-28 15:45:51","post_content_filtered":"","post_parent":0,"guid":"http:\/\/dev.claret.cat\/editorial\/bindi-books\/","menu_order":0,"post_type":"editorial","post_mime_type":"","comment_count":"0","filter":"raw"}]},"aioseo_notices":[],"_links":{"self":[{"href":"https:\/\/www.claret.cat\/es\/wp-json\/wp\/v2\/product\/1087876","targetHints":{"allow":["GET"]}}],"collection":[{"href":"https:\/\/www.claret.cat\/es\/wp-json\/wp\/v2\/product"}],"about":[{"href":"https:\/\/www.claret.cat\/es\/wp-json\/wp\/v2\/types\/product"}],"wp:featuredmedia":[{"embeddable":true,"href":"https:\/\/www.claret.cat\/es\/wp-json\/wp\/v2\/media\/1087877"}],"wp:attachment":[{"href":"https:\/\/www.claret.cat\/es\/wp-json\/wp\/v2\/media?parent=1087876"}],"wp:term":[{"taxonomy":"product_brand","embeddable":true,"href":"https:\/\/www.claret.cat\/es\/wp-json\/wp\/v2\/product_brand?post=1087876"},{"taxonomy":"product_cat","embeddable":true,"href":"https:\/\/www.claret.cat\/es\/wp-json\/wp\/v2\/product_cat?post=1087876"},{"taxonomy":"product_tag","embeddable":true,"href":"https:\/\/www.claret.cat\/es\/wp-json\/wp\/v2\/product_tag?post=1087876"}],"curies":[{"name":"wp","href":"https:\/\/api.w.org\/{rel}","templated":true}]}}