{"id":1087879,"date":"2026-03-04T16:05:17","date_gmt":"2026-03-04T15:05:17","guid":{"rendered":"https:\/\/www.claret.cat\/llibre\/terapia-cognitiva-de-la-depresion-2a-edicion-revisada-y-ampliada-9788433039873\/"},"modified":"2026-03-05T10:25:49","modified_gmt":"2026-03-05T09:25:49","slug":"terapia-cognitiva-de-la-depresion-2a-edicion-revisada-y-ampliada-9788433039873","status":"publish","type":"product","link":"https:\/\/www.claret.cat\/es\/libro\/terapia-cognitiva-de-la-depresion-2a-edicion-revisada-y-ampliada-9788433039873\/","title":{"rendered":"TERAPIA COGNITIVA DE LA DEPRESI\u00d3N &#8211; 2\u00aa EDICI\u00d3N REVISADA Y AMPLIADA"},"content":{"rendered":"<p>La obra cl\u00e1sica que transform\u00f3 para siempre la psicoterapia de la depresi\u00f3n vuelve en una edici\u00f3n profundamente revisada -m\u00e1s actual, m\u00e1s completa y m\u00e1s \u00fatil para la pr\u00e1ctica cl\u00ednica.<\/p>\n<p> Hace m\u00e1s de cuatro d\u00e9cadas, Terapia cognitiva de la depresi\u00f3n inaugur\u00f3 un nuevo paradigma en salud mental al demostrar, por primera vez, que una intervenci\u00f3n psicol\u00f3gica pod\u00eda ser tan eficaz como la medicaci\u00f3n antidepresiva y ofrecer beneficios m\u00e1s duraderos. Hoy, esta 2\u00aa edici\u00f3n revisada y ampliada, escrita por los autores originales junto con destacados investigadores contempor\u00e1neos, integra 45 a\u00f1os de investigaci\u00f3n, refinamiento te\u00f3rico y experiencia cl\u00ednica acumulada. El resultado es un manual exhaustivo, riguroso y plenamente actualizado, concebido para responder a las demandas reales de la psicolog\u00eda cl\u00ednica del siglo XXI.<\/p>\n<p> La obra desarrolla de manera sistem\u00e1tica el modelo cognitivo de Beck y su evoluci\u00f3n reciente, incorporando los avances en neurociencia, psicolog\u00eda evolutiva y conceptualizaci\u00f3n basada en esquemas. El lector encontrar\u00e1 una gu\u00eda clara y estructurada para el tratamiento de la depresi\u00f3n: desde la entrevista inicial y la activaci\u00f3n conductual hasta la reestructuraci\u00f3n cognitiva avanzada, el trabajo con creencias centrales, el abordaje de la comorbilidad, el tratamiento del paciente suicida, las adaptaciones a distintas poblaciones y la prevenci\u00f3n de reca\u00eddas.<\/p>\n<p> Esta edici\u00f3n ampl\u00eda de forma sustancial la presentaci\u00f3n de casos cl\u00ednicos, actualiza los procedimientos para trabajar con trastornos de personalidad y desarrolla el taburete de tres patas, una de las innovaciones m\u00e1s relevantes del enfoque cognitivo contempor\u00e1neo. Asimismo, ofrece una revisi\u00f3n exhaustiva de la evidencia emp\u00edrica acumulada en ensayos cl\u00ednicos internacionales, confirmando la eficacia y los efectos duraderos de la terapia cognitiva en la depresi\u00f3n.<\/p>\n<p> Un manual imprescindible para psic\u00f3logos, psiquiatras, profesionales de salud mental y estudiantes avanzados que buscan una herramienta s\u00f3lida, actual y basada en la evidencia para el abordaje de la depresi\u00f3n.<\/p>\n<p> Cl\u00e1sico y renovado a la vez, este libro combina precisi\u00f3n acad\u00e9mica, claridad did\u00e1ctica y una profunda sensibilidad hacia la experiencia del paciente, reafirm\u00e1ndose como una referencia fundamental en la formaci\u00f3n y pr\u00e1ctica de la terapia cognitiva.<\/p>\n","protected":false},"excerpt":{"rendered":"<p>AARON T. BECK<\/p>\n","protected":false},"featured_media":1088053,"template":"","meta":{"_acf_changed":false,"om_disable_all_campaigns":false,"rs_blank_template":"","rs_page_bg_color":"","slide_template_v7":"","inline_featured_image":false,"_monsterinsights_skip_tracking":false,"_monsterinsights_sitenote_active":false,"_monsterinsights_sitenote_note":"","_monsterinsights_sitenote_category":0},"product_brand":[],"product_cat":[90,540],"product_tag":[],"class_list":{"0":"post-1087879","1":"product","2":"type-product","3":"status-publish","4":"has-post-thumbnail","6":"product_cat-altres","7":"product_cat-otros","9":"first","10":"instock","11":"taxable","12":"shipping-taxable","13":"purchasable","14":"product-type-simple"},"acf":{"autor":"AARON T. BECK","codart":"843303987","libros-coleccion":"","ediciones":"1","encuadernacion":"R\u00fastica","fecha_de_publicacion":"01\/02\/2026","novedad":"1","paginas":"472","subtitulo":"2\u00aa EDICION REVISADA Y AUMENTADA","orden":"0","portada":"0","idioma":"spa","booktrailer":"","resenas":"","editorial":[{"ID":8232,"post_author":"3","post_date":"2022-09-30 09:21:20","post_date_gmt":"2022-09-30 07:21:20","post_content":"","post_title":"DESCLEE DE BROUWER","post_excerpt":"","post_status":"publish","comment_status":"closed","ping_status":"closed","post_password":"","post_name":"desclee-de-brouwer-2","to_ping":"","pinged":"","post_modified":"2022-09-30 09:21:20","post_modified_gmt":"2022-09-30 07:21:20","post_content_filtered":"","post_parent":0,"guid":"http:\/\/dev.claret.cat\/editorial\/desclee-de-brouwer-2\/","menu_order":0,"post_type":"editorial","post_mime_type":"","comment_count":"0","filter":"raw"}]},"aioseo_notices":[],"_links":{"self":[{"href":"https:\/\/www.claret.cat\/es\/wp-json\/wp\/v2\/product\/1087879","targetHints":{"allow":["GET"]}}],"collection":[{"href":"https:\/\/www.claret.cat\/es\/wp-json\/wp\/v2\/product"}],"about":[{"href":"https:\/\/www.claret.cat\/es\/wp-json\/wp\/v2\/types\/product"}],"wp:featuredmedia":[{"embeddable":true,"href":"https:\/\/www.claret.cat\/es\/wp-json\/wp\/v2\/media\/1088053"}],"wp:attachment":[{"href":"https:\/\/www.claret.cat\/es\/wp-json\/wp\/v2\/media?parent=1087879"}],"wp:term":[{"taxonomy":"product_brand","embeddable":true,"href":"https:\/\/www.claret.cat\/es\/wp-json\/wp\/v2\/product_brand?post=1087879"},{"taxonomy":"product_cat","embeddable":true,"href":"https:\/\/www.claret.cat\/es\/wp-json\/wp\/v2\/product_cat?post=1087879"},{"taxonomy":"product_tag","embeddable":true,"href":"https:\/\/www.claret.cat\/es\/wp-json\/wp\/v2\/product_tag?post=1087879"}],"curies":[{"name":"wp","href":"https:\/\/api.w.org\/{rel}","templated":true}]}}