{"id":1087888,"date":"2026-03-04T16:05:56","date_gmt":"2026-03-04T15:05:56","guid":{"rendered":"https:\/\/www.claret.cat\/llibre\/macarfi-9788409805600\/"},"modified":"2026-03-04T16:31:29","modified_gmt":"2026-03-04T15:31:29","slug":"macarfi-9788409805600","status":"publish","type":"product","link":"https:\/\/www.claret.cat\/es\/libro\/macarfi-9788409805600\/","title":{"rendered":"MACARFI"},"content":{"rendered":"<p>Macarfi presenta la und\u00e9cima edici\u00f3n de su gu\u00eda de restaurantes. La Gu\u00eda Macarfi recoge los restaurantes m\u00e1s interesantes de la Espa\u00f1a peninsular.Para cada comunidad aut\u00f3noma, esta nueva edici\u00f3n ofrece el ranking top 50 o top 100, clasificaciones por provincias, listados de rookies con las mejores aperturas del \u00faltimo a\u00f1o y numerosos rankings que ordenan los restaurantes por tipo de cocina, decoraci\u00f3n, servicio, most popular y joyas por descubrir. En los listados se incluyen los restaurantes existentes en la web y en la app. Adem\u00e1s, la gu\u00eda incluye una selecci\u00f3n de restaurantes que, sin contar con las puntuaciones m\u00e1s altas, resultan interesantes por otras razones.La gu\u00eda est\u00e1 en castellano e ingl\u00e9s, e incluye restaurantes de las siguientes ciudades:- ANDALUC\u00cdA- ARAG\u00d3N- CANTABRIA- CASTILLA LA MANCHA- CASTILLA Y LE\u00d3N- CATALUNYA- COMUNIDAD DE MADRID- COMUNITAT VALENCIANA- EUSKADI- EXTREMADURA- GALICIA- LA RIOJA- MURCIA- NAVARRA- PRINCIPADO DE ASTURIAS<\/p>\n","protected":false},"excerpt":{"rendered":"<p>AAVV<\/p>\n","protected":false},"featured_media":1087889,"template":"","meta":{"_acf_changed":false,"om_disable_all_campaigns":false,"rs_blank_template":"","rs_page_bg_color":"","slide_template_v7":"","inline_featured_image":false,"_monsterinsights_skip_tracking":false,"_monsterinsights_sitenote_active":false,"_monsterinsights_sitenote_note":"","_monsterinsights_sitenote_category":0},"product_brand":[],"product_cat":[553,103],"product_tag":[],"class_list":{"0":"post-1087888","1":"product","2":"type-product","3":"status-publish","4":"has-post-thumbnail","6":"product_cat-cocina","7":"product_cat-cuina","9":"first","10":"instock","11":"taxable","12":"shipping-taxable","13":"purchasable","14":"product-type-simple"},"acf":{"autor":"AAVV","codart":"840980560","libros-coleccion":"","ediciones":"1","encuadernacion":"R\u00fastica","fecha_de_publicacion":"01\/02\/2026","novedad":"1","paginas":"534","subtitulo":"RESTAURANTS GUIDE 2026","orden":"0","portada":"0","idioma":"spa","booktrailer":"","resenas":"","editorial":[{"ID":8268,"post_author":"3","post_date":"2022-09-30 09:21:37","post_date_gmt":"2022-09-30 07:21:37","post_content":"","post_title":"RBA LIBROS SA.","post_excerpt":"","post_status":"publish","comment_status":"closed","ping_status":"closed","post_password":"","post_name":"rba-libros-sa","to_ping":"","pinged":"","post_modified":"2022-09-30 09:21:37","post_modified_gmt":"2022-09-30 07:21:37","post_content_filtered":"","post_parent":0,"guid":"http:\/\/dev.claret.cat\/editorial\/rba-libros-sa\/","menu_order":0,"post_type":"editorial","post_mime_type":"","comment_count":"0","filter":"raw"}]},"aioseo_notices":[],"_links":{"self":[{"href":"https:\/\/www.claret.cat\/es\/wp-json\/wp\/v2\/product\/1087888","targetHints":{"allow":["GET"]}}],"collection":[{"href":"https:\/\/www.claret.cat\/es\/wp-json\/wp\/v2\/product"}],"about":[{"href":"https:\/\/www.claret.cat\/es\/wp-json\/wp\/v2\/types\/product"}],"wp:featuredmedia":[{"embeddable":true,"href":"https:\/\/www.claret.cat\/es\/wp-json\/wp\/v2\/media\/1087889"}],"wp:attachment":[{"href":"https:\/\/www.claret.cat\/es\/wp-json\/wp\/v2\/media?parent=1087888"}],"wp:term":[{"taxonomy":"product_brand","embeddable":true,"href":"https:\/\/www.claret.cat\/es\/wp-json\/wp\/v2\/product_brand?post=1087888"},{"taxonomy":"product_cat","embeddable":true,"href":"https:\/\/www.claret.cat\/es\/wp-json\/wp\/v2\/product_cat?post=1087888"},{"taxonomy":"product_tag","embeddable":true,"href":"https:\/\/www.claret.cat\/es\/wp-json\/wp\/v2\/product_tag?post=1087888"}],"curies":[{"name":"wp","href":"https:\/\/api.w.org\/{rel}","templated":true}]}}