{"id":1087891,"date":"2026-03-04T16:06:10","date_gmt":"2026-03-04T15:06:10","guid":{"rendered":"https:\/\/www.claret.cat\/llibre\/como-abrazar-un-cactus-parentalidad-reflexiva-de-adolescentes-9788433039842\/"},"modified":"2026-03-05T10:50:23","modified_gmt":"2026-03-05T09:50:23","slug":"como-abrazar-un-cactus-parentalidad-reflexiva-de-adolescentes-9788433039842","status":"publish","type":"product","link":"https:\/\/www.claret.cat\/es\/libro\/como-abrazar-un-cactus-parentalidad-reflexiva-de-adolescentes-9788433039842\/","title":{"rendered":"\u00bfC\u00d3MO ABRAZAR UN CACTUS? PARENTALIDAD REFLEXIVA DE ADOLESCENTES"},"content":{"rendered":"<p>Criar a un adolescente puede sentirse como intentar abrazar un cactus: duele, confunde y pone a prueba incluso a los padres m\u00e1s comprometidos. <\/p>\n<p> \u00bfC\u00f3mo abrazar un cactus? es la gu\u00eda que madres, padres, cuidadores y profesionales llevan a\u00f1os esperando. La reconocida psic\u00f3loga Sheila Redfern ofrece una obra clara, pr\u00e1ctica y basada en la evidencia para ayudar a padres, cuidadores y profesionales a comprender qu\u00e9 sucede en la mente del adolescente y c\u00f3mo responder de forma m\u00e1s emp\u00e1tica y eficaz.<\/p>\n<p> Apoy\u00e1ndose en la parentalidad reflexiva, la neurociencia y la teor\u00eda del apego, este libro nos invita a mirar m\u00e1s all\u00e1 del comportamiento y a centrarnos en el mundo emocional del joven. A trav\u00e9s de ejemplos reales y situaciones cotidianas, Redfern muestra c\u00f3mo fortalecer la conexi\u00f3n, la resiliencia y la seguridad emocional durante una de las etapas m\u00e1s intensas del desarrollo.<\/p>\n<p> Incluye orientaciones pr\u00e1cticas sobre autolesiones, redes sociales, videojuegos, conductas de riesgo, TEA, y un cap\u00edtulo espec\u00edfico para familias adoptivas y de acogida. Un libro esencial tanto para padres que desean acompa\u00f1ar mejor a sus hijos como para psic\u00f3logos y profesionales que trabajan con adolescentes y familias.<\/p>\n<p> Sheila Redfern, PhD, es psic\u00f3loga cl\u00ednica consultora infantil y adolescente, con m\u00e1s de 30 a\u00f1os de experiencia apoyando a ni\u00f1os, j\u00f3venes y familias. Ha desarrollado el modelo de Parentalidad Reflexiva, mediante el cual forma a profesionales y dise\u00f1a intervenciones destinadas a fortalecer la relaci\u00f3n entre padres e hijos.<br \/> Ha trabajado en el NHS como consultora, donde desarroll\u00f3 una s\u00f3lida especializaci\u00f3n en autismo, apego, acogimiento familiar y adopci\u00f3n. Asimismo, fue responsable del \u00e1rea de Trauma Familiar en el Anna Freud National Centre for Children and Families, una de las principales instituciones de referencia en salud mental infantil. En la actualidad, se dedica exclusivamente a su pr\u00e1ctica profesional y al desarrollo de su trabajo en parentalidad y salud mental infantil y adolescente.<\/p>\n","protected":false},"excerpt":{"rendered":"<p>SHEILA REDFERN<\/p>\n","protected":false},"featured_media":1088073,"template":"","meta":{"_acf_changed":false,"om_disable_all_campaigns":false,"rs_blank_template":"","rs_page_bg_color":"","slide_template_v7":"","inline_featured_image":false,"_monsterinsights_skip_tracking":false,"_monsterinsights_sitenote_active":false,"_monsterinsights_sitenote_note":"","_monsterinsights_sitenote_category":0},"product_brand":[],"product_cat":[376,178,180,448],"product_tag":[],"class_list":{"0":"post-1087891","1":"product","2":"type-product","3":"status-publish","4":"has-post-thumbnail","6":"product_cat-autores-psicologia-2_humanidades","7":"product_cat-autors-psicologia","8":"product_cat-psiquiatria-i-psicoterapia","9":"product_cat-psiquiatria-y-psicoterapia","11":"first","12":"instock","13":"taxable","14":"shipping-taxable","15":"purchasable","16":"product-type-simple"},"acf":{"autor":"SHEILA REDFERN","codart":"843303984","libros-coleccion":"","ediciones":"1","encuadernacion":"R\u00fastica","fecha_de_publicacion":"01\/02\/2026","novedad":"1","paginas":"378","subtitulo":"PARENTALIDAD REFLEXIVA DE ADOLESCENTES","orden":"0","portada":"0","idioma":"spa","booktrailer":"","resenas":"","editorial":[{"ID":8232,"post_author":"3","post_date":"2022-09-30 09:21:20","post_date_gmt":"2022-09-30 07:21:20","post_content":"","post_title":"DESCLEE DE BROUWER","post_excerpt":"","post_status":"publish","comment_status":"closed","ping_status":"closed","post_password":"","post_name":"desclee-de-brouwer-2","to_ping":"","pinged":"","post_modified":"2022-09-30 09:21:20","post_modified_gmt":"2022-09-30 07:21:20","post_content_filtered":"","post_parent":0,"guid":"http:\/\/dev.claret.cat\/editorial\/desclee-de-brouwer-2\/","menu_order":0,"post_type":"editorial","post_mime_type":"","comment_count":"0","filter":"raw"}]},"aioseo_notices":[],"_links":{"self":[{"href":"https:\/\/www.claret.cat\/es\/wp-json\/wp\/v2\/product\/1087891","targetHints":{"allow":["GET"]}}],"collection":[{"href":"https:\/\/www.claret.cat\/es\/wp-json\/wp\/v2\/product"}],"about":[{"href":"https:\/\/www.claret.cat\/es\/wp-json\/wp\/v2\/types\/product"}],"wp:featuredmedia":[{"embeddable":true,"href":"https:\/\/www.claret.cat\/es\/wp-json\/wp\/v2\/media\/1088073"}],"wp:attachment":[{"href":"https:\/\/www.claret.cat\/es\/wp-json\/wp\/v2\/media?parent=1087891"}],"wp:term":[{"taxonomy":"product_brand","embeddable":true,"href":"https:\/\/www.claret.cat\/es\/wp-json\/wp\/v2\/product_brand?post=1087891"},{"taxonomy":"product_cat","embeddable":true,"href":"https:\/\/www.claret.cat\/es\/wp-json\/wp\/v2\/product_cat?post=1087891"},{"taxonomy":"product_tag","embeddable":true,"href":"https:\/\/www.claret.cat\/es\/wp-json\/wp\/v2\/product_tag?post=1087891"}],"curies":[{"name":"wp","href":"https:\/\/api.w.org\/{rel}","templated":true}]}}