{"id":1087894,"date":"2026-03-04T16:10:08","date_gmt":"2026-03-04T15:10:08","guid":{"rendered":"https:\/\/www.claret.cat\/llibre\/avni-9-una-bola-de-energia-9791387744175\/"},"modified":"2026-04-16T18:40:28","modified_gmt":"2026-04-16T16:40:28","slug":"avni-9-una-bola-de-energia-9791387744175","status":"publish","type":"product","link":"https:\/\/www.claret.cat\/es\/libro\/avni-9-una-bola-de-energia-9791387744175\/","title":{"rendered":"AVNI 9. UNA BOLA DE ENERG\u00cdA"},"content":{"rendered":"<p>Cuando Avni est\u00e1 contento, es una verdadera bola de energ\u00eda. Pero cuando est\u00e1 triste, puede convertirse en todo lo contrario: una simple bola redonda y azul que no habla. Entonces, ya no hay nadie que vaya a por los balones perdidos estirando los brazos, que haga las mayores trastadas volvi\u00e9ndose rojo, amarillo o transparente o que fastidie al director adoptando su apariencia. Sin Avni, \u00a1qu\u00e9 aburrimiento!<\/p>\n","protected":false},"excerpt":{"rendered":"<p>ROMAIN PUJOL<\/p>\n","protected":false},"featured_media":1087895,"template":"","meta":{"_acf_changed":false,"om_disable_all_campaigns":false,"rs_blank_template":"","rs_page_bg_color":"","slide_template_v7":"","inline_featured_image":false,"_monsterinsights_skip_tracking":false,"_monsterinsights_sitenote_active":false,"_monsterinsights_sitenote_note":"","_monsterinsights_sitenote_category":0},"product_brand":[],"product_cat":[132,362],"product_tag":[],"class_list":{"0":"post-1087894","1":"product","2":"type-product","3":"status-publish","4":"has-post-thumbnail","6":"product_cat-lectures-per-preadolescents-6-12-anys","7":"product_cat-libros-preadolescentes-6-12-anos","9":"first","10":"instock","11":"taxable","12":"shipping-taxable","13":"purchasable","14":"product-type-simple"},"acf":{"autor":"ROMAIN PUJOL","codart":"138774417","libros-coleccion":"","ediciones":"1","encuadernacion":"R\u00fastica","fecha_de_publicacion":"01\/03\/2026","novedad":"1","paginas":"64","subtitulo":"","orden":"0","portada":"0","idioma":"spa","booktrailer":"","resenas":"","editorial":[{"ID":148339,"post_author":"3","post_date":"2022-10-14 11:57:28","post_date_gmt":"2022-10-14 09:57:28","post_content":"","post_title":"K\u00f3mikids","post_excerpt":"","post_status":"publish","comment_status":"closed","ping_status":"closed","post_password":"","post_name":"komikids","to_ping":"","pinged":"","post_modified":"2022-10-14 11:57:28","post_modified_gmt":"2022-10-14 09:57:28","post_content_filtered":"","post_parent":0,"guid":"http:\/\/dev.claret.cat\/editorial\/komikids\/","menu_order":0,"post_type":"editorial","post_mime_type":"","comment_count":"0","filter":"raw"}]},"aioseo_notices":[],"_links":{"self":[{"href":"https:\/\/www.claret.cat\/es\/wp-json\/wp\/v2\/product\/1087894","targetHints":{"allow":["GET"]}}],"collection":[{"href":"https:\/\/www.claret.cat\/es\/wp-json\/wp\/v2\/product"}],"about":[{"href":"https:\/\/www.claret.cat\/es\/wp-json\/wp\/v2\/types\/product"}],"wp:featuredmedia":[{"embeddable":true,"href":"https:\/\/www.claret.cat\/es\/wp-json\/wp\/v2\/media\/1087895"}],"wp:attachment":[{"href":"https:\/\/www.claret.cat\/es\/wp-json\/wp\/v2\/media?parent=1087894"}],"wp:term":[{"taxonomy":"product_brand","embeddable":true,"href":"https:\/\/www.claret.cat\/es\/wp-json\/wp\/v2\/product_brand?post=1087894"},{"taxonomy":"product_cat","embeddable":true,"href":"https:\/\/www.claret.cat\/es\/wp-json\/wp\/v2\/product_cat?post=1087894"},{"taxonomy":"product_tag","embeddable":true,"href":"https:\/\/www.claret.cat\/es\/wp-json\/wp\/v2\/product_tag?post=1087894"}],"curies":[{"name":"wp","href":"https:\/\/api.w.org\/{rel}","templated":true}]}}