{"id":1087897,"date":"2026-03-04T16:10:22","date_gmt":"2026-03-04T15:10:22","guid":{"rendered":"https:\/\/www.claret.cat\/llibre\/insobornable-9791387605902\/"},"modified":"2026-03-05T10:40:28","modified_gmt":"2026-03-05T09:40:28","slug":"insobornable-9791387605902","status":"publish","type":"product","link":"https:\/\/www.claret.cat\/es\/libro\/insobornable-9791387605902\/","title":{"rendered":"INSOBORNABLE"},"content":{"rendered":"<p>Aunque Josep Pla dijera que Agust\u00ed Calvet (1887-1964), m\u00e1s conocido por el seud\u00f3nimo de Gaziel, hab\u00eda sido &#8221;la figura m\u00e1s se\u00f1era del periodismo peninsular durante casi un cuarto de siglo&#8221;, Josep Benet lleg\u00f3 a la conclusi\u00f3n de que era, tambi\u00e9n, &#8221;uno de los personajes peor conocidos, incomprendidos y m\u00e1s difamados&#8221; del siglo XX catal\u00e1n. Ambos juicios son ciertos, pues no es exagerado decir que Gaziel lleg\u00f3 a ser el mejor periodista no solo de Catalu\u00f1a, sino de toda Espa\u00f1a, ni tampoco lo es afirmar que durante las \u00faltimas d\u00e9cadas ha sido una de las personalidades m\u00e1s injustamente juzgadas por un sector de la cultura catalana. Esta biograf\u00eda -la primera que se publica en castellano sobre su figura- es un intento de reconstruir la compleja trayectoria vital y profesional de un intelectual que, seg\u00fan sus propias palabras, &#8221;a pesar de su profunda catalanidad, de la que est\u00e1 muy satisfecho, siempre ha tenido la man\u00eda de rebasar sus l\u00edmites originarios. Espa\u00f1a le interesa m\u00e1s que Catalu\u00f1a, la Pen\u00ednsula Ib\u00e9rica m\u00e1s que Espa\u00f1a, Europa m\u00e1s que la Pen\u00ednsula Ib\u00e9rica, y por encima de todo, lo humano de Terencio, la Humanidad&#8221;. Un hombre al que sus lectores amaban porque sab\u00edan que, siendo falible, era, por encimade todo, insobornable.<\/p>\n","protected":false},"excerpt":{"rendered":"<p>FRANCISCO FUSTER<\/p>\n","protected":false},"featured_media":1088061,"template":"","meta":{"_acf_changed":false,"om_disable_all_campaigns":false,"rs_blank_template":"","rs_page_bg_color":"","slide_template_v7":"","inline_featured_image":false,"_monsterinsights_skip_tracking":false,"_monsterinsights_sitenote_active":false,"_monsterinsights_sitenote_note":"","_monsterinsights_sitenote_category":0},"product_brand":[],"product_cat":[549,99],"product_tag":[],"class_list":{"0":"post-1087897","1":"product","2":"type-product","3":"status-publish","4":"has-post-thumbnail","6":"product_cat-biografias","7":"product_cat-biografies","9":"first","10":"instock","11":"taxable","12":"shipping-taxable","13":"purchasable","14":"product-type-simple"},"acf":{"autor":"FRANCISCO FUSTER","codart":"138760590","libros-coleccion":"","ediciones":"1","encuadernacion":"Carton\u00e9","fecha_de_publicacion":"01\/03\/2026","novedad":"1","paginas":"296","subtitulo":"VIDA DE GAZIEL","orden":"0","portada":"0","idioma":"spa","booktrailer":"","resenas":"","editorial":[{"ID":6260,"post_author":"3","post_date":"2022-07-28 17:48:23","post_date_gmt":"2022-07-28 15:48:23","post_content":"","post_title":"Galaxia Gutenberg","post_excerpt":"","post_status":"publish","comment_status":"closed","ping_status":"closed","post_password":"","post_name":"galaxia-gutenberg","to_ping":"","pinged":"","post_modified":"2022-07-28 17:48:23","post_modified_gmt":"2022-07-28 15:48:23","post_content_filtered":"","post_parent":0,"guid":"http:\/\/dev.claret.cat\/editorial\/galaxia-gutenberg\/","menu_order":0,"post_type":"editorial","post_mime_type":"","comment_count":"0","filter":"raw"}]},"aioseo_notices":[],"_links":{"self":[{"href":"https:\/\/www.claret.cat\/es\/wp-json\/wp\/v2\/product\/1087897","targetHints":{"allow":["GET"]}}],"collection":[{"href":"https:\/\/www.claret.cat\/es\/wp-json\/wp\/v2\/product"}],"about":[{"href":"https:\/\/www.claret.cat\/es\/wp-json\/wp\/v2\/types\/product"}],"wp:featuredmedia":[{"embeddable":true,"href":"https:\/\/www.claret.cat\/es\/wp-json\/wp\/v2\/media\/1088061"}],"wp:attachment":[{"href":"https:\/\/www.claret.cat\/es\/wp-json\/wp\/v2\/media?parent=1087897"}],"wp:term":[{"taxonomy":"product_brand","embeddable":true,"href":"https:\/\/www.claret.cat\/es\/wp-json\/wp\/v2\/product_brand?post=1087897"},{"taxonomy":"product_cat","embeddable":true,"href":"https:\/\/www.claret.cat\/es\/wp-json\/wp\/v2\/product_cat?post=1087897"},{"taxonomy":"product_tag","embeddable":true,"href":"https:\/\/www.claret.cat\/es\/wp-json\/wp\/v2\/product_tag?post=1087897"}],"curies":[{"name":"wp","href":"https:\/\/api.w.org\/{rel}","templated":true}]}}