{"id":1087900,"date":"2026-03-04T16:11:00","date_gmt":"2026-03-04T15:11:00","guid":{"rendered":"https:\/\/www.claret.cat\/llibre\/elogio-de-la-renuncia-9788410358409\/"},"modified":"2026-03-05T10:35:23","modified_gmt":"2026-03-05T09:35:23","slug":"elogio-de-la-renuncia-9788410358409","status":"publish","type":"product","link":"https:\/\/www.claret.cat\/es\/libro\/elogio-de-la-renuncia-9788410358409\/","title":{"rendered":"ELOGIO DE LA RENUNCIA"},"content":{"rendered":"<p>Phillips lleva d\u00e9cadas pensando sobre lo que deseamos y lo que nos cuesta soltar. En nueve ensayos examina por qu\u00e9 nos aferramos a proyectos, relaciones y versiones de nosotros mismos que ya no nos sirven. Su tesis: existe una tiran\u00eda del cumplimiento, y renunciar puede ser un acto de lucidez, no de derrota. Elegido por The New York Times como libro del a\u00f1o.<\/p>\n","protected":false},"excerpt":{"rendered":"<p>ADAM PHILLIPS<\/p>\n","protected":false},"featured_media":1088057,"template":"","meta":{"_acf_changed":false,"om_disable_all_campaigns":false,"rs_blank_template":"","rs_page_bg_color":"","slide_template_v7":"","inline_featured_image":false,"_monsterinsights_skip_tracking":false,"_monsterinsights_sitenote_active":false,"_monsterinsights_sitenote_note":"","_monsterinsights_sitenote_category":0},"product_brand":[],"product_cat":[179,377,373,166],"product_tag":[],"class_list":{"0":"post-1087900","1":"product","2":"type-product","3":"status-publish","4":"has-post-thumbnail","6":"product_cat-autoajuda-i-salut-mental","7":"product_cat-autoayuda-y-salud-mental","8":"product_cat-autores","9":"product_cat-autors-filosofia","11":"first","12":"instock","13":"taxable","14":"shipping-taxable","15":"purchasable","16":"product-type-simple"},"acf":{"autor":"ADAM PHILLIPS","codart":"841035840","libros-coleccion":"","ediciones":"1","encuadernacion":"R\u00fastica","fecha_de_publicacion":"01\/03\/2026","novedad":"1","paginas":"208","subtitulo":"UN ENSAYO SOBRE LO QUE DEJAMOS IR PARA VIVIR","orden":"0","portada":"0","idioma":"spa","booktrailer":"","resenas":"","editorial":[{"ID":6204,"post_author":"3","post_date":"2022-07-28 17:47:05","post_date_gmt":"2022-07-28 15:47:05","post_content":"","post_title":"Ediciones Koan","post_excerpt":"","post_status":"publish","comment_status":"closed","ping_status":"closed","post_password":"","post_name":"ediciones-koan","to_ping":"","pinged":"","post_modified":"2022-07-28 17:47:05","post_modified_gmt":"2022-07-28 15:47:05","post_content_filtered":"","post_parent":0,"guid":"http:\/\/dev.claret.cat\/editorial\/ediciones-koan\/","menu_order":0,"post_type":"editorial","post_mime_type":"","comment_count":"0","filter":"raw"}]},"aioseo_notices":[],"_links":{"self":[{"href":"https:\/\/www.claret.cat\/es\/wp-json\/wp\/v2\/product\/1087900","targetHints":{"allow":["GET"]}}],"collection":[{"href":"https:\/\/www.claret.cat\/es\/wp-json\/wp\/v2\/product"}],"about":[{"href":"https:\/\/www.claret.cat\/es\/wp-json\/wp\/v2\/types\/product"}],"wp:featuredmedia":[{"embeddable":true,"href":"https:\/\/www.claret.cat\/es\/wp-json\/wp\/v2\/media\/1088057"}],"wp:attachment":[{"href":"https:\/\/www.claret.cat\/es\/wp-json\/wp\/v2\/media?parent=1087900"}],"wp:term":[{"taxonomy":"product_brand","embeddable":true,"href":"https:\/\/www.claret.cat\/es\/wp-json\/wp\/v2\/product_brand?post=1087900"},{"taxonomy":"product_cat","embeddable":true,"href":"https:\/\/www.claret.cat\/es\/wp-json\/wp\/v2\/product_cat?post=1087900"},{"taxonomy":"product_tag","embeddable":true,"href":"https:\/\/www.claret.cat\/es\/wp-json\/wp\/v2\/product_tag?post=1087900"}],"curies":[{"name":"wp","href":"https:\/\/api.w.org\/{rel}","templated":true}]}}