{"id":1087903,"date":"2026-03-04T16:11:13","date_gmt":"2026-03-04T15:11:13","guid":{"rendered":"https:\/\/www.claret.cat\/llibre\/las-fronteras-9791387688783\/"},"modified":"2026-03-04T16:30:17","modified_gmt":"2026-03-04T15:30:17","slug":"las-fronteras-9791387688783","status":"publish","type":"product","link":"https:\/\/www.claret.cat\/es\/libro\/las-fronteras-9791387688783\/","title":{"rendered":"LAS FRONTERAS"},"content":{"rendered":"<p>\u00bfY SI LE DEVOLVI\u00c9SEMOS A LA NATURALEZA LA MITAD DEL PLANETA?<\/p>\n<p>Los excesos de la humanidad han llevado a su l\u00edmite a la Tierra. La \u00fanica v\u00eda para evitar la extinci\u00f3n masiva pasa por despoblar la mitad del planeta, por dejar que la naturaleza restablezca progresivamente el delicado equilibrio de la flora, la fauna, el suelo y el clima. En ese territorio de frontera, durante las veinticuatro horas de una jornada decisiva, un guarda vela por que esta transici\u00f3n hacia lo salvaje se lleve a cabo de manera pac\u00edfica, y brega con aquellos que insisten en cruzar la l\u00ednea de demarcaci\u00f3n, con un robo inexplicable y un enigm\u00e1tico caballo de sue\u00f1o que parece haber galopado hasta la vigilia. En un tiempo que se acaba, en un mundo que regresa a su origen, \u00bfqu\u00e9 memoria, qu\u00e9 huella, qu\u00e9 mensaje dejar\u00e1 para la posteridad el ser humano?<\/p>\n<p>Eco-thriller, distop\u00eda, western\u2026 La prosa de Sarmiento \u2014que transita lugares apenas explorados en la narrativa reciente en espa\u00f1ol\u2014 nos habla de los l\u00edmites entre lo humano y lo animal, entre lo pol\u00edtico y lo geogr\u00e1fico, entre el ayer y el ma\u00f1ana. Una innovadora y visionaria novela con ecos de Olga Tokarczuk y Marlen Haushofer, de Edward O. Wilson y Cormac McCarthy.\u00a0<\/p>\n<p>\u00abWestern boreal y f\u00e1bula ecol\u00f3gica. Una novela que nos sacude como un caballo a la carrera: grave, enigm\u00e1tica, muy bella\u00bb.<br \/>RICARDO MEN\u00c9NDEZ SALM\u00d3N<\/p>\n<p>\u00abUna prosa que parece poes\u00eda de tan esencial. La novela de Carolina Sarmiento me ha hecho recordar ese aforismo que se\u00f1ala que quien vive en la frontera tiene dos patrias y ninguna\u00bb.<br \/>JULIO LLAMAZARES<\/p>\n<p>\u00abLa sensorialidad de su estilo y la construcci\u00f3n del espacio nos envuelven en una bruma que nos atemoriza. Porque la conocemos\u00bb.<br \/>MARTA SANZ<\/p>\n<p>\u00abMirar por los ojos de Carolina Sarmiento es asomarse al abismo\u00bb.<br \/>ELIA BARCEL\u00d3<\/p>\n<p>\u00abCarolina Sarmiento consigue dibujar una geograf\u00eda imaginaria y crear una atm\u00f3sfera inquietante\u00bb.\u00a0<br \/>TXANI RODR\u00cdGUEZ<\/p>\n","protected":false},"excerpt":{"rendered":"<p>CAROLINA SARMIENTO<\/p>\n","protected":false},"featured_media":1087904,"template":"","meta":{"_acf_changed":false,"om_disable_all_campaigns":false,"rs_blank_template":"","rs_page_bg_color":"","slide_template_v7":"","inline_featured_image":false,"_monsterinsights_skip_tracking":false,"_monsterinsights_sitenote_active":false,"_monsterinsights_sitenote_note":"","_monsterinsights_sitenote_category":0},"product_brand":[],"product_cat":[127,357],"product_tag":[],"class_list":{"0":"post-1087903","1":"product","2":"type-product","3":"status-publish","4":"has-post-thumbnail","6":"product_cat-novella-contemporania","7":"product_cat-novela-contemporanea","9":"first","10":"instock","11":"taxable","12":"shipping-taxable","13":"purchasable","14":"product-type-simple"},"acf":{"autor":"CAROLINA SARMIENTO","codart":"138768878","libros-coleccion":"","ediciones":"1","encuadernacion":"R\u00fastica","fecha_de_publicacion":"01\/03\/2026","novedad":"1","paginas":"128","subtitulo":"","orden":"0","portada":"0","idioma":"spa","booktrailer":"","resenas":"","editorial":[{"ID":6365,"post_author":"3","post_date":"2022-07-28 17:50:37","post_date_gmt":"2022-07-28 15:50:37","post_content":"","post_title":"Siruela","post_excerpt":"","post_status":"publish","comment_status":"closed","ping_status":"closed","post_password":"","post_name":"siruela","to_ping":"","pinged":"","post_modified":"2022-07-28 17:50:37","post_modified_gmt":"2022-07-28 15:50:37","post_content_filtered":"","post_parent":0,"guid":"http:\/\/dev.claret.cat\/editorial\/siruela\/","menu_order":0,"post_type":"editorial","post_mime_type":"","comment_count":"0","filter":"raw"}]},"aioseo_notices":[],"_links":{"self":[{"href":"https:\/\/www.claret.cat\/es\/wp-json\/wp\/v2\/product\/1087903","targetHints":{"allow":["GET"]}}],"collection":[{"href":"https:\/\/www.claret.cat\/es\/wp-json\/wp\/v2\/product"}],"about":[{"href":"https:\/\/www.claret.cat\/es\/wp-json\/wp\/v2\/types\/product"}],"wp:featuredmedia":[{"embeddable":true,"href":"https:\/\/www.claret.cat\/es\/wp-json\/wp\/v2\/media\/1087904"}],"wp:attachment":[{"href":"https:\/\/www.claret.cat\/es\/wp-json\/wp\/v2\/media?parent=1087903"}],"wp:term":[{"taxonomy":"product_brand","embeddable":true,"href":"https:\/\/www.claret.cat\/es\/wp-json\/wp\/v2\/product_brand?post=1087903"},{"taxonomy":"product_cat","embeddable":true,"href":"https:\/\/www.claret.cat\/es\/wp-json\/wp\/v2\/product_cat?post=1087903"},{"taxonomy":"product_tag","embeddable":true,"href":"https:\/\/www.claret.cat\/es\/wp-json\/wp\/v2\/product_tag?post=1087903"}],"curies":[{"name":"wp","href":"https:\/\/api.w.org\/{rel}","templated":true}]}}