{"id":1087906,"date":"2026-03-04T16:11:26","date_gmt":"2026-03-04T15:11:26","guid":{"rendered":"https:\/\/www.claret.cat\/llibre\/la-peor-pandilla-de-la-historia-a-la-edad-media-9788410252462\/"},"modified":"2026-03-24T17:09:04","modified_gmt":"2026-03-24T16:09:04","slug":"la-peor-pandilla-de-la-historia-a-la-edad-media-9788410252462","status":"publish","type":"product","link":"https:\/\/www.claret.cat\/es\/libro\/la-peor-pandilla-de-la-historia-a-la-edad-media-9788410252462\/","title":{"rendered":"LA PEOR PANDILLA DE LA HISTORIA. \u00a1A LA EDAD MEDIA!"},"content":{"rendered":"<p>Elsa, Hugo, Pedrito, Moly y la perra Morgana forman la peor pandilla de la historia, la pandilla m\u00e1s divertida y desastrosa que te puedas imaginar.<\/p>\n<p> En su sexta aventura, la pandilla viaja a la Edad media, donde jugar\u00e1n con espadas, visitar\u00e1n un castillo y se encontrar\u00e1n con caballeros \u00a1y hasta con la reina! Pero entre los pedos de Pedrito y las ideas absurdas de Moly, ser\u00e1 muy dif\u00edcil pasar desapercibidos\u2026 A\u00fan tienen suerte de que Elsa y Hugo saben mucho de la \u00e9poca. \u00bfPodr\u00e1n volver al presente sin armar un l\u00edo hist\u00f3rico?<\/p>\n","protected":false},"excerpt":{"rendered":"<p>ALICIA ACOSTA<\/p>\n","protected":false},"featured_media":1087907,"template":"","meta":{"_acf_changed":false,"om_disable_all_campaigns":false,"rs_blank_template":"","rs_page_bg_color":"","slide_template_v7":"","inline_featured_image":false,"_monsterinsights_skip_tracking":false,"_monsterinsights_sitenote_active":false,"_monsterinsights_sitenote_note":"","_monsterinsights_sitenote_category":0},"product_brand":[],"product_cat":[131,361],"product_tag":[],"class_list":{"0":"post-1087906","1":"product","2":"type-product","3":"status-publish","4":"has-post-thumbnail","6":"product_cat-contes-per-infants-0-6-anys","7":"product_cat-cuentos-para-ninos-0-6-anos","9":"first","10":"instock","11":"taxable","12":"shipping-taxable","13":"purchasable","14":"product-type-simple"},"acf":{"autor":"ALICIA ACOSTA","codart":"841025246","libros-coleccion":"","ediciones":"1","encuadernacion":"R\u00fastica","fecha_de_publicacion":"01\/03\/2026","novedad":"1","paginas":"52","subtitulo":"A LA EDAD MEDIA!","orden":"0","portada":"0","idioma":"spa","booktrailer":"","resenas":"","editorial":[{"ID":147595,"post_author":"3","post_date":"2022-10-14 11:51:47","post_date_gmt":"2022-10-14 09:51:47","post_content":"","post_title":"CARAMBUCO EDICIONES","post_excerpt":"","post_status":"publish","comment_status":"closed","ping_status":"closed","post_password":"","post_name":"carambuco-ediciones","to_ping":"","pinged":"","post_modified":"2022-10-14 11:51:47","post_modified_gmt":"2022-10-14 09:51:47","post_content_filtered":"","post_parent":0,"guid":"http:\/\/dev.claret.cat\/editorial\/carambuco-ediciones\/","menu_order":0,"post_type":"editorial","post_mime_type":"","comment_count":"0","filter":"raw"}]},"aioseo_notices":[],"_links":{"self":[{"href":"https:\/\/www.claret.cat\/es\/wp-json\/wp\/v2\/product\/1087906","targetHints":{"allow":["GET"]}}],"collection":[{"href":"https:\/\/www.claret.cat\/es\/wp-json\/wp\/v2\/product"}],"about":[{"href":"https:\/\/www.claret.cat\/es\/wp-json\/wp\/v2\/types\/product"}],"wp:featuredmedia":[{"embeddable":true,"href":"https:\/\/www.claret.cat\/es\/wp-json\/wp\/v2\/media\/1087907"}],"wp:attachment":[{"href":"https:\/\/www.claret.cat\/es\/wp-json\/wp\/v2\/media?parent=1087906"}],"wp:term":[{"taxonomy":"product_brand","embeddable":true,"href":"https:\/\/www.claret.cat\/es\/wp-json\/wp\/v2\/product_brand?post=1087906"},{"taxonomy":"product_cat","embeddable":true,"href":"https:\/\/www.claret.cat\/es\/wp-json\/wp\/v2\/product_cat?post=1087906"},{"taxonomy":"product_tag","embeddable":true,"href":"https:\/\/www.claret.cat\/es\/wp-json\/wp\/v2\/product_tag?post=1087906"}],"curies":[{"name":"wp","href":"https:\/\/api.w.org\/{rel}","templated":true}]}}