{"id":1087909,"date":"2026-03-04T16:15:03","date_gmt":"2026-03-04T15:15:03","guid":{"rendered":"https:\/\/www.claret.cat\/llibre\/tdah-adulto-9788411214254\/"},"modified":"2026-03-05T10:40:14","modified_gmt":"2026-03-05T09:40:14","slug":"tdah-adulto-9788411214254","status":"publish","type":"product","link":"https:\/\/www.claret.cat\/es\/libro\/tdah-adulto-9788411214254\/","title":{"rendered":"TDAH ADULTO"},"content":{"rendered":"<p>Deslocalizar el m\u00f3vil tres veces al d\u00eda, saltar a la m\u00ednima o desconectar en la parte m\u00e1s importante de la reuni\u00f3n. Si esto te suena, este libro es para ti.<\/p>\n<p>Recibir un diagn\u00f3stico de TDAH en la adultez puede ser como encender una linterna en un cuarto oscuro: de repente, todo cobra sentido, pero tambi\u00e9n aparecen nuevas preguntas. Este libro nace de esa experiencia. Desde mi propia historia, tras ser diagnosticada de TDAH, te invito a recorrer un camino en el que la ciencia y la vida cotidiana se entrelazan.<\/p>\n<p>Aqu\u00ed encontrar\u00e1s una revisi\u00f3n clara y accesible sobre lo que la literatura cient\u00edfica sabe hoy sobre el TDAH en adultos, desmitificando mitos y desmontando prejuicios. Tambi\u00e9n estrategias pr\u00e1cticas y orientaciones para comprender, aceptar y convivir con el TDAH sin luchar contra \u00e9l.<\/p>\n<p>Este libro est\u00e1 pensado para quienes acaban de recibir un diagn\u00f3stico, sospechan que podr\u00edan tener TDAH o conviven con alguien que lo tiene.<\/p>\n<p>M\u00e1s all\u00e1 de etiquetas y manuales, lo que encontrar\u00e1s es un relato cercano y honesto sobre lo que significa vivir con TDAH, y una invitaci\u00f3n a mirarte con m\u00e1s comprensi\u00f3n y a transformar la dificultad en una forma distinta y valiosa de estar en el mundo.<\/p>\n","protected":false},"excerpt":{"rendered":"<p>MAR\u00cdA GARAU ROLANDI<\/p>\n","protected":false},"featured_media":1088059,"template":"","meta":{"_acf_changed":false,"om_disable_all_campaigns":false,"rs_blank_template":"","rs_page_bg_color":"","slide_template_v7":"","inline_featured_image":false,"_monsterinsights_skip_tracking":false,"_monsterinsights_sitenote_active":false,"_monsterinsights_sitenote_note":"","_monsterinsights_sitenote_category":0},"product_brand":[],"product_cat":[180,448],"product_tag":[],"class_list":{"0":"post-1087909","1":"product","2":"type-product","3":"status-publish","4":"has-post-thumbnail","6":"product_cat-psiquiatria-i-psicoterapia","7":"product_cat-psiquiatria-y-psicoterapia","9":"first","10":"instock","11":"taxable","12":"shipping-taxable","13":"purchasable","14":"product-type-simple"},"acf":{"autor":"MAR\u00cdA GARAU ROLANDI","codart":"841121425","libros-coleccion":"","ediciones":"1","encuadernacion":"R\u00fastica","fecha_de_publicacion":"01\/03\/2026","novedad":"1","paginas":"216","subtitulo":"UNA VIDA SIN FRONTAL","orden":"0","portada":"0","idioma":"spa","booktrailer":"","resenas":"","editorial":[{"ID":147993,"post_author":"3","post_date":"2022-10-14 11:54:48","post_date_gmt":"2022-10-14 09:54:48","post_content":"","post_title":"Editorial Kair\u00f3s SA","post_excerpt":"","post_status":"publish","comment_status":"closed","ping_status":"closed","post_password":"","post_name":"editorial-kairos-sa","to_ping":"","pinged":"","post_modified":"2022-10-14 11:54:48","post_modified_gmt":"2022-10-14 09:54:48","post_content_filtered":"","post_parent":0,"guid":"http:\/\/dev.claret.cat\/editorial\/editorial-kairos-sa\/","menu_order":0,"post_type":"editorial","post_mime_type":"","comment_count":"0","filter":"raw"}]},"aioseo_notices":[],"_links":{"self":[{"href":"https:\/\/www.claret.cat\/es\/wp-json\/wp\/v2\/product\/1087909","targetHints":{"allow":["GET"]}}],"collection":[{"href":"https:\/\/www.claret.cat\/es\/wp-json\/wp\/v2\/product"}],"about":[{"href":"https:\/\/www.claret.cat\/es\/wp-json\/wp\/v2\/types\/product"}],"wp:featuredmedia":[{"embeddable":true,"href":"https:\/\/www.claret.cat\/es\/wp-json\/wp\/v2\/media\/1088059"}],"wp:attachment":[{"href":"https:\/\/www.claret.cat\/es\/wp-json\/wp\/v2\/media?parent=1087909"}],"wp:term":[{"taxonomy":"product_brand","embeddable":true,"href":"https:\/\/www.claret.cat\/es\/wp-json\/wp\/v2\/product_brand?post=1087909"},{"taxonomy":"product_cat","embeddable":true,"href":"https:\/\/www.claret.cat\/es\/wp-json\/wp\/v2\/product_cat?post=1087909"},{"taxonomy":"product_tag","embeddable":true,"href":"https:\/\/www.claret.cat\/es\/wp-json\/wp\/v2\/product_tag?post=1087909"}],"curies":[{"name":"wp","href":"https:\/\/api.w.org\/{rel}","templated":true}]}}