{"id":1087912,"date":"2026-03-04T16:15:16","date_gmt":"2026-03-04T15:15:16","guid":{"rendered":"https:\/\/www.claret.cat\/llibre\/avni-9-una-bola-denergia-9791387744182\/"},"modified":"2026-03-07T11:55:06","modified_gmt":"2026-03-07T10:55:06","slug":"avni-9-una-bola-denergia-9791387744182","status":"publish","type":"product","link":"https:\/\/www.claret.cat\/es\/libro\/avni-9-una-bola-denergia-9791387744182\/","title":{"rendered":"AVNI 9. UNA BOLA D&#8217;ENERGIA"},"content":{"rendered":"<p>Quan l\u2019Avni est\u00e0 content, \u00e9s una bola d\u2019energia! Per\u00f2 quan est\u00e0 trist, es converteix en tot el contrari: \u00e9s una bola i prou, una bola rodona blava que no parla.<br \/> Llavors no hi ha ning\u00fa que vagi a buscar les pilotes perdudes estirant els bra os, ni fa les entremaliadures m\u00e9s divertides posant-se vermell, groc o transparent, ni fa empipar el director ADOPTANT EL SEU ASPECTE. Sense l\u2019Avni, tot \u00e9s molt avorrit!<\/p>\n","protected":false},"excerpt":{"rendered":"<p>ROMAIN PUJOL<\/p>\n","protected":false},"featured_media":1087913,"template":"","meta":{"_acf_changed":false,"om_disable_all_campaigns":false,"rs_blank_template":"","rs_page_bg_color":"","slide_template_v7":"","inline_featured_image":false,"_monsterinsights_skip_tracking":false,"_monsterinsights_sitenote_active":false,"_monsterinsights_sitenote_note":"","_monsterinsights_sitenote_category":0},"product_brand":[],"product_cat":[132,362],"product_tag":[],"class_list":{"0":"post-1087912","1":"product","2":"type-product","3":"status-publish","4":"has-post-thumbnail","6":"product_cat-lectures-per-preadolescents-6-12-anys","7":"product_cat-libros-preadolescentes-6-12-anos","9":"first","10":"instock","11":"taxable","12":"shipping-taxable","13":"purchasable","14":"product-type-simple"},"acf":{"autor":"ROMAIN PUJOL","codart":"138774418","libros-coleccion":"","ediciones":"1","encuadernacion":"R\u00fastica","fecha_de_publicacion":"01\/03\/2026","novedad":"1","paginas":"64","subtitulo":"","orden":"0","portada":"0","idioma":"cat","booktrailer":"","resenas":"","editorial":[{"ID":148339,"post_author":"3","post_date":"2022-10-14 11:57:28","post_date_gmt":"2022-10-14 09:57:28","post_content":"","post_title":"K\u00f3mikids","post_excerpt":"","post_status":"publish","comment_status":"closed","ping_status":"closed","post_password":"","post_name":"komikids","to_ping":"","pinged":"","post_modified":"2022-10-14 11:57:28","post_modified_gmt":"2022-10-14 09:57:28","post_content_filtered":"","post_parent":0,"guid":"http:\/\/dev.claret.cat\/editorial\/komikids\/","menu_order":0,"post_type":"editorial","post_mime_type":"","comment_count":"0","filter":"raw"}]},"aioseo_notices":[],"_links":{"self":[{"href":"https:\/\/www.claret.cat\/es\/wp-json\/wp\/v2\/product\/1087912","targetHints":{"allow":["GET"]}}],"collection":[{"href":"https:\/\/www.claret.cat\/es\/wp-json\/wp\/v2\/product"}],"about":[{"href":"https:\/\/www.claret.cat\/es\/wp-json\/wp\/v2\/types\/product"}],"wp:featuredmedia":[{"embeddable":true,"href":"https:\/\/www.claret.cat\/es\/wp-json\/wp\/v2\/media\/1087913"}],"wp:attachment":[{"href":"https:\/\/www.claret.cat\/es\/wp-json\/wp\/v2\/media?parent=1087912"}],"wp:term":[{"taxonomy":"product_brand","embeddable":true,"href":"https:\/\/www.claret.cat\/es\/wp-json\/wp\/v2\/product_brand?post=1087912"},{"taxonomy":"product_cat","embeddable":true,"href":"https:\/\/www.claret.cat\/es\/wp-json\/wp\/v2\/product_cat?post=1087912"},{"taxonomy":"product_tag","embeddable":true,"href":"https:\/\/www.claret.cat\/es\/wp-json\/wp\/v2\/product_tag?post=1087912"}],"curies":[{"name":"wp","href":"https:\/\/api.w.org\/{rel}","templated":true}]}}