{"id":1087915,"date":"2026-03-04T16:15:31","date_gmt":"2026-03-04T15:15:31","guid":{"rendered":"https:\/\/www.claret.cat\/llibre\/lo-que-se-da-no-se-quita-la-responsabilidad-y-el-privilegio-de-educar-9788433039859\/"},"modified":"2026-03-05T10:56:26","modified_gmt":"2026-03-05T09:56:26","slug":"lo-que-se-da-no-se-quita-la-responsabilidad-y-el-privilegio-de-educar-9788433039859","status":"publish","type":"product","link":"https:\/\/www.claret.cat\/es\/libro\/lo-que-se-da-no-se-quita-la-responsabilidad-y-el-privilegio-de-educar-9788433039859\/","title":{"rendered":"LO QUE SE DA, NO SE QUITA. LA RESPONSABILIDAD Y EL PRIVILEGIO DE EDUCAR"},"content":{"rendered":"<p>Educar no es una tarea sencilla, pero s\u00ed es la aventura m\u00e1s decisiva y hermosa que vivir\u00e1s con tus hijos.<\/p>\n<p> En un mundo acelerado, lleno de prisas, pantallas, dudas y exigencias, este libro te invita a detenerte un momento para mirar a tu familia con calma, con realismo y con esperanza.<\/p>\n<p> Lo que se da no se quita es un libro para padres que quieren hacerlo bien -sin recetas m\u00e1gicas, sin culpas y sin perfeccionismos- y que desean construir en sus hijos una base s\u00f3lida que les acompa\u00f1e toda la vida: valores firmes, buenos h\u00e1bitos, criterio propio y, sobre todo, un amor que educa de verdad.<\/p>\n<p> Con un lenguaje sencillo, ejemplos cotidianos y reflexiones llenas de sentido com\u00fan, los autores abren una ventana a situaciones que todos hemos vivido: los l\u00edmites que cuestan, los mimos que sobran, los m\u00f3viles que nos distraen, las conversaciones pendientes, el no que debe ser no, la exigencia amable, la importancia del ejemplo o el peligro de educar a gritos .Cada cap\u00edtulo es breve, directo y pr\u00e1ctico. Un peque\u00f1o soplo de aire fresco para recuperar la ilusi\u00f3n por educar, para reconciliarte con tus propios errores y para recordar que, por encima de todo, ser padres es un privilegio. Porque todo lo que damos a nuestros hijos -nuestro tiempo, nuestras palabras, nuestros gestos, nuestras decisiones- queda para siempre en ellos.<\/p>\n<p> Y ah\u00ed est\u00e1 la grandeza de educar: lo que se da no se quita.<\/p>\n<p> Pilar G\u00fcembe y Carlos Go\u00f1i<br \/> est\u00e1n casados. Son padres de dos hijos y abuelos de cuatro nietos. Llevan cuarenta a\u00f1os dedicados a la ense\u00f1anza, durante los cuales han acumulado mucha experiencia tanto en el trato con padres como con alumnos. Pilar es pedagoga, profesora y orientadora. Carlos es doctor en filosof\u00eda, profesor y escritor. Juntos imparten conferencias y asesoran en temas educativos. Son autores, entre otros, de &#8216;Educar con filosof\u00eda, Una familia feliz&#8217;, &#8216;Aprender de los hijos&#8217;, &#8216;Educar entre dos&#8217;, &#8216;\u00a1Es f\u00e1cil ser padres!&#8217;, dedicados a la maravillosa experiencia de ser padres, &#8216;Porque te quiero&#8217;, sobre la etapa m\u00e1s decisiva en la educaci\u00f3n de los hijos (desde los 0 a los 12 a\u00f1os), &#8216;Educar sin castigar&#8217;, una propuesta de un nuevo estilo educativo, y tres libros donde afrontan los conflictos m\u00e1s comunes en la adolescencia &#8216;No se lo digas a mis padres&#8217;, &#8216;No me ralles&#8217; y &#8216;Es que soy adolescente&#8217;.<\/p>\n","protected":false},"excerpt":{"rendered":"<p>CARLOS GO\u00d1I ZUBIETA<\/p>\n","protected":false},"featured_media":1088087,"template":"","meta":{"_acf_changed":false,"om_disable_all_campaigns":false,"rs_blank_template":"","rs_page_bg_color":"","slide_template_v7":"","inline_featured_image":false,"_monsterinsights_skip_tracking":false,"_monsterinsights_sitenote_active":false,"_monsterinsights_sitenote_note":"","_monsterinsights_sitenote_category":0},"product_brand":[],"product_cat":[179,377,376,178],"product_tag":[],"class_list":{"0":"post-1087915","1":"product","2":"type-product","3":"status-publish","4":"has-post-thumbnail","6":"product_cat-autoajuda-i-salut-mental","7":"product_cat-autoayuda-y-salud-mental","8":"product_cat-autores-psicologia-2_humanidades","9":"product_cat-autors-psicologia","11":"first","12":"instock","13":"taxable","14":"shipping-taxable","15":"purchasable","16":"product-type-simple"},"acf":{"autor":"CARLOS GO\u00d1I ZUBIETA","codart":"843303985","libros-coleccion":"","ediciones":"1","encuadernacion":"R\u00fastica","fecha_de_publicacion":"01\/02\/2026","novedad":"1","paginas":"181","subtitulo":"LA RESPONSABILIDAD Y EL PRIVILEGIO DE EDUCAR","orden":"0","portada":"0","idioma":"spa","booktrailer":"","resenas":"","editorial":[{"ID":8232,"post_author":"3","post_date":"2022-09-30 09:21:20","post_date_gmt":"2022-09-30 07:21:20","post_content":"","post_title":"DESCLEE DE BROUWER","post_excerpt":"","post_status":"publish","comment_status":"closed","ping_status":"closed","post_password":"","post_name":"desclee-de-brouwer-2","to_ping":"","pinged":"","post_modified":"2022-09-30 09:21:20","post_modified_gmt":"2022-09-30 07:21:20","post_content_filtered":"","post_parent":0,"guid":"http:\/\/dev.claret.cat\/editorial\/desclee-de-brouwer-2\/","menu_order":0,"post_type":"editorial","post_mime_type":"","comment_count":"0","filter":"raw"}]},"aioseo_notices":[],"_links":{"self":[{"href":"https:\/\/www.claret.cat\/es\/wp-json\/wp\/v2\/product\/1087915","targetHints":{"allow":["GET"]}}],"collection":[{"href":"https:\/\/www.claret.cat\/es\/wp-json\/wp\/v2\/product"}],"about":[{"href":"https:\/\/www.claret.cat\/es\/wp-json\/wp\/v2\/types\/product"}],"wp:featuredmedia":[{"embeddable":true,"href":"https:\/\/www.claret.cat\/es\/wp-json\/wp\/v2\/media\/1088087"}],"wp:attachment":[{"href":"https:\/\/www.claret.cat\/es\/wp-json\/wp\/v2\/media?parent=1087915"}],"wp:term":[{"taxonomy":"product_brand","embeddable":true,"href":"https:\/\/www.claret.cat\/es\/wp-json\/wp\/v2\/product_brand?post=1087915"},{"taxonomy":"product_cat","embeddable":true,"href":"https:\/\/www.claret.cat\/es\/wp-json\/wp\/v2\/product_cat?post=1087915"},{"taxonomy":"product_tag","embeddable":true,"href":"https:\/\/www.claret.cat\/es\/wp-json\/wp\/v2\/product_tag?post=1087915"}],"curies":[{"name":"wp","href":"https:\/\/api.w.org\/{rel}","templated":true}]}}