{"id":1087918,"date":"2026-03-04T16:15:45","date_gmt":"2026-03-04T15:15:45","guid":{"rendered":"https:\/\/www.claret.cat\/llibre\/que-mele-9788419794734\/"},"modified":"2026-03-04T16:34:35","modified_gmt":"2026-03-04T15:34:35","slug":"que-mele-9788419794734","status":"publish","type":"product","link":"https:\/\/www.claret.cat\/es\/libro\/que-mele-9788419794734\/","title":{"rendered":"\u00a1QU\u00c9 MEL\u00c9!"},"content":{"rendered":"<p>Senda y Gerard no pueden ser m\u00e1s distintos: ella es peque\u00f1a y so\u00f1adora; \u00e9l, grande y callado. Pero cuando el destino los re\u00fane en un campo de rugby, descubren que lo importante no es el tama\u00f1o, sino la valent\u00eda y el trabajo en equipo.<br \/> Entre jugadas disparatadas y partidos inolvidables, aprender\u00e1n que el rugby es mucho m\u00e1s que un deporte: es respeto, pasi\u00f3n y el coraje de levantarse siempre.<br \/> Una historia que inspira a jugar, compartir y crecer, dentro y fuera del campo.<\/p>\n<p> Incluye una entrevista a Claudia Pe\u00f1a, jugadora de la selecci\u00f3n espa\u00f1ola y del equipo Harlequins (Premiership Women\u2019s Rugby).<\/p>\n","protected":false},"excerpt":{"rendered":"<p>JOAN DE D\u00c9U PRATS<\/p>\n","protected":false},"featured_media":1087919,"template":"","meta":{"_acf_changed":false,"om_disable_all_campaigns":false,"rs_blank_template":"","rs_page_bg_color":"","slide_template_v7":"","inline_featured_image":false,"_monsterinsights_skip_tracking":false,"_monsterinsights_sitenote_active":false,"_monsterinsights_sitenote_note":"","_monsterinsights_sitenote_category":0},"product_brand":[],"product_cat":[132,362],"product_tag":[],"class_list":{"0":"post-1087918","1":"product","2":"type-product","3":"status-publish","4":"has-post-thumbnail","6":"product_cat-lectures-per-preadolescents-6-12-anys","7":"product_cat-libros-preadolescentes-6-12-anos","9":"first","10":"instock","11":"taxable","12":"shipping-taxable","13":"purchasable","14":"product-type-simple"},"acf":{"autor":"JOAN DE D\u00c9U PRATS","codart":"841979473","libros-coleccion":"","ediciones":"1","encuadernacion":"R\u00fastica","fecha_de_publicacion":"01\/03\/2026","novedad":"1","paginas":"136","subtitulo":"FASCINADOS POR EL RUGBY","orden":"0","portada":"0","idioma":"spa","booktrailer":"","resenas":"","editorial":[{"ID":262566,"post_author":"3","post_date":"2022-10-24 11:26:03","post_date_gmt":"2022-10-24 09:26:03","post_content":"","post_title":"Vegueta Ediciones \/ Vegueta Edicions","post_excerpt":"","post_status":"publish","comment_status":"closed","ping_status":"closed","post_password":"","post_name":"vegueta-ediciones-vegueta-edicions","to_ping":"","pinged":"","post_modified":"2022-10-24 11:26:03","post_modified_gmt":"2022-10-24 09:26:03","post_content_filtered":"","post_parent":0,"guid":"http:\/\/dev.claret.cat\/editorial\/vegueta-ediciones-vegueta-edicions\/","menu_order":0,"post_type":"editorial","post_mime_type":"","comment_count":"0","filter":"raw"}]},"aioseo_notices":[],"_links":{"self":[{"href":"https:\/\/www.claret.cat\/es\/wp-json\/wp\/v2\/product\/1087918","targetHints":{"allow":["GET"]}}],"collection":[{"href":"https:\/\/www.claret.cat\/es\/wp-json\/wp\/v2\/product"}],"about":[{"href":"https:\/\/www.claret.cat\/es\/wp-json\/wp\/v2\/types\/product"}],"wp:featuredmedia":[{"embeddable":true,"href":"https:\/\/www.claret.cat\/es\/wp-json\/wp\/v2\/media\/1087919"}],"wp:attachment":[{"href":"https:\/\/www.claret.cat\/es\/wp-json\/wp\/v2\/media?parent=1087918"}],"wp:term":[{"taxonomy":"product_brand","embeddable":true,"href":"https:\/\/www.claret.cat\/es\/wp-json\/wp\/v2\/product_brand?post=1087918"},{"taxonomy":"product_cat","embeddable":true,"href":"https:\/\/www.claret.cat\/es\/wp-json\/wp\/v2\/product_cat?post=1087918"},{"taxonomy":"product_tag","embeddable":true,"href":"https:\/\/www.claret.cat\/es\/wp-json\/wp\/v2\/product_tag?post=1087918"}],"curies":[{"name":"wp","href":"https:\/\/api.w.org\/{rel}","templated":true}]}}