{"id":1087924,"date":"2026-03-04T16:16:28","date_gmt":"2026-03-04T15:16:28","guid":{"rendered":"https:\/\/www.claret.cat\/llibre\/noies-felicment-casades-9791399141610\/"},"modified":"2026-03-24T17:08:46","modified_gmt":"2026-03-24T16:08:46","slug":"noies-felicment-casades-9791399141610","status":"publish","type":"product","link":"https:\/\/www.claret.cat\/es\/libro\/noies-felicment-casades-9791399141610\/","title":{"rendered":"NOIES FELI\u00c7MENT CASADES"},"content":{"rendered":"<p>En aquesta tercera novel\u00b7la, que clou la trilogia de Les noies de pag\u00e8s, Edna O&#8217;Brien repr\u00e8n la hist\u00f2ria de les dues protagonistes, la Kate i la Baba, ara ja casades i instal\u00b7lades a Londres. <br \/> La Kate se sent atrapada en una vida gris amb l\u2019Eugene, el seu marit, cada cop m\u00e9s fred i distant, perseguint sempre la idea de l&#8217;amor rom\u00e0ntic, mare d&#8217;una criatura. La Baba s&#8217;ha convertit en l&#8217;esposa trofeu del constructor Frank. La maduresa de totes dues no els impedeix tornar a les preguntes de sempre, a les inseguretats de sempre. Les preguntes sobre la vida i sobre l&#8217;amor van i venen, per\u00f2 els queda aquesta amistat fonamental, aquest nexe que uneix des de la infantesa dues dones tan diferents.. <br \/> Una novel\u00b7la, com totes les d&#8217;Edna O&#8217;Brien, corrosiva i plena de vida que ens parla dels matrimonis m\u00e9s aviat poc feli\u00e7os, dels camins que hem de viure al llarg del temps i de les mis\u00e8ries que tantes dones han hagut de suportar. La combinaci\u00f3 de la veu sarc\u00e0stica i desinhibida de la Baba amb la veu greu i un p\u00e8l ing\u00e8nua de la Kate aconsegueixen l&#8221;efecte inoblidable de les novel\u00b7les d&#8217;O&#8217;Brien. Els petits i els grans moments de la vida.<\/p>\n","protected":false},"excerpt":{"rendered":"<p>EDNA O&#8217;BRIEN<\/p>\n","protected":false},"featured_media":1088119,"template":"","meta":{"_acf_changed":false,"om_disable_all_campaigns":false,"rs_blank_template":"","rs_page_bg_color":"","slide_template_v7":"","inline_featured_image":false,"_monsterinsights_skip_tracking":false,"_monsterinsights_sitenote_active":false,"_monsterinsights_sitenote_note":"","_monsterinsights_sitenote_category":0},"product_brand":[],"product_cat":[127,357],"product_tag":[],"class_list":{"0":"post-1087924","1":"product","2":"type-product","3":"status-publish","4":"has-post-thumbnail","6":"product_cat-novella-contemporania","7":"product_cat-novela-contemporanea","9":"first","10":"instock","11":"taxable","12":"shipping-taxable","13":"purchasable","14":"product-type-simple"},"acf":{"autor":"EDNA O'BRIEN","codart":"139914161","libros-coleccion":"","ediciones":"1","encuadernacion":"R\u00fastica","fecha_de_publicacion":"01\/02\/2026","novedad":"1","paginas":"189","subtitulo":"","orden":"0","portada":"0","idioma":"cat","booktrailer":"","resenas":"","editorial":[{"ID":147894,"post_author":"3","post_date":"2022-10-14 11:54:03","post_date_gmt":"2022-10-14 09:54:03","post_content":"","post_title":"Edicions Sidill\u00e0 SL","post_excerpt":"","post_status":"publish","comment_status":"closed","ping_status":"closed","post_password":"","post_name":"edicions-sidilla-sl","to_ping":"","pinged":"","post_modified":"2022-10-14 11:54:03","post_modified_gmt":"2022-10-14 09:54:03","post_content_filtered":"","post_parent":0,"guid":"http:\/\/dev.claret.cat\/editorial\/edicions-sidilla-sl\/","menu_order":0,"post_type":"editorial","post_mime_type":"","comment_count":"0","filter":"raw"}]},"aioseo_notices":[],"_links":{"self":[{"href":"https:\/\/www.claret.cat\/es\/wp-json\/wp\/v2\/product\/1087924","targetHints":{"allow":["GET"]}}],"collection":[{"href":"https:\/\/www.claret.cat\/es\/wp-json\/wp\/v2\/product"}],"about":[{"href":"https:\/\/www.claret.cat\/es\/wp-json\/wp\/v2\/types\/product"}],"wp:featuredmedia":[{"embeddable":true,"href":"https:\/\/www.claret.cat\/es\/wp-json\/wp\/v2\/media\/1088119"}],"wp:attachment":[{"href":"https:\/\/www.claret.cat\/es\/wp-json\/wp\/v2\/media?parent=1087924"}],"wp:term":[{"taxonomy":"product_brand","embeddable":true,"href":"https:\/\/www.claret.cat\/es\/wp-json\/wp\/v2\/product_brand?post=1087924"},{"taxonomy":"product_cat","embeddable":true,"href":"https:\/\/www.claret.cat\/es\/wp-json\/wp\/v2\/product_cat?post=1087924"},{"taxonomy":"product_tag","embeddable":true,"href":"https:\/\/www.claret.cat\/es\/wp-json\/wp\/v2\/product_tag?post=1087924"}],"curies":[{"name":"wp","href":"https:\/\/api.w.org\/{rel}","templated":true}]}}