{"id":1087947,"date":"2026-03-04T16:45:02","date_gmt":"2026-03-04T15:45:02","guid":{"rendered":"https:\/\/www.claret.cat\/llibre\/pero-que-has-hecho-9788410257474\/"},"modified":"2026-03-10T13:00:20","modified_gmt":"2026-03-10T12:00:20","slug":"pero-que-has-hecho-9788410257474","status":"publish","type":"product","link":"https:\/\/www.claret.cat\/es\/libro\/pero-que-has-hecho-9788410257474\/","title":{"rendered":"\u00bfPERO QU\u00c9 HAS HECHO?"},"content":{"rendered":"<p>El nuevo y estremecedor thriller de la autora superventas de La pareja de al lado. \u00abLa reina de la novela de suspense moderna\u00bb. Sunday Express En el somnoliento pueblo de Fairhill nunca pasa nada.<br \/>Los adolescentes se pierten contando historias de terror en el antiguo cementerio. Los padres conf\u00edan en que sus hijos llegar\u00e1n a casa del colegio sanos y salvos. Todos se conocen. Nadie vigila detr\u00e1s de los visillos. Las puertas no se cierran con llave. Pero esta ma\u00f1ana todo eso va a cambiar.<br \/>Porque Diana Brewer no est\u00e1 durmiendo dulcemente en su cama. Su cuerpo yace sin vida en un campo de heno rodeado de buitres. As\u00ed de r\u00e1pido una chica se convierte en un fantasma. Y as\u00ed una ciudad de rostros familiares y amables se transforma en un nido de sospechosos, en un lugar de miedo y paranoia. Alguien de Fairhill lo hizo. Todos quieren respuestas.<br \/> Y una pregunta inocente podr\u00eda ser mortal.La cr\u00edtica ha dicho: \u00abLapena es una maestra del suspense y aqu\u00ed no decepciona&#8230; Totalmente recomendado\u00bb.<br \/>Library Journal \u00abDevor\u00e9 este libro en menos de 48 horas&#8230; \u00bfPero qu\u00e9 has hecho? excede todas las expectativas\u00bb.<br \/>Liz Nugent \u00abCautivadora&#8230; Lo que comienza como una simple historia de misterio se convierte en un retrato de una comunidad que se desmorona\u00bb.<br \/>Publishers Weekly \u00abLapena despliega una historia que resulta \u00fanica y muy actual&#8230; La carga emocional de la novela perdurar\u00e1 en los lectores\u00bb.<br \/>Kirkus \u00abLapena es una de las mejores escritoras de thriller de la actualidad\u00bb.<br \/>Steve Cavanagh\u00abShari Lapena te mantiene en suspense hasta la \u00faltima p\u00e1gina\u00bb.<br \/>Paula Hawkins \u00abLa reina indiscutible de las familias disfuncionales\u00bb.<br \/>Clare Mackintosh<\/p>\n","protected":false},"excerpt":{"rendered":"<p>SHARI LAPENA<\/p>\n","protected":false},"featured_media":1087948,"template":"","meta":{"_acf_changed":false,"om_disable_all_campaigns":false,"rs_blank_template":"","rs_page_bg_color":"","slide_template_v7":"","inline_featured_image":false,"_monsterinsights_skip_tracking":false,"_monsterinsights_sitenote_active":false,"_monsterinsights_sitenote_note":"","_monsterinsights_sitenote_category":0},"product_brand":[],"product_cat":[127,357],"product_tag":[],"class_list":{"0":"post-1087947","1":"product","2":"type-product","3":"status-publish","4":"has-post-thumbnail","6":"product_cat-novella-contemporania","7":"product_cat-novela-contemporanea","9":"first","10":"instock","11":"taxable","12":"shipping-taxable","13":"purchasable","14":"product-type-simple"},"acf":{"autor":"SHARI LAPENA","codart":"841025747","libros-coleccion":"SUMA","ediciones":"1","encuadernacion":"R\u00fastica","fecha_de_publicacion":"01\/01\/2025","novedad":"1","paginas":"376","subtitulo":"","orden":"0","portada":"0","idioma":"spa","booktrailer":"","resenas":"","editorial":[{"ID":6370,"post_author":"3","post_date":"2022-07-28 17:50:44","post_date_gmt":"2022-07-28 15:50:44","post_content":"","post_title":"SUMA","post_excerpt":"","post_status":"publish","comment_status":"closed","ping_status":"closed","post_password":"","post_name":"suma","to_ping":"","pinged":"","post_modified":"2022-07-28 17:50:44","post_modified_gmt":"2022-07-28 15:50:44","post_content_filtered":"","post_parent":0,"guid":"http:\/\/dev.claret.cat\/editorial\/suma\/","menu_order":0,"post_type":"editorial","post_mime_type":"","comment_count":"0","filter":"raw"}]},"aioseo_notices":[],"_links":{"self":[{"href":"https:\/\/www.claret.cat\/es\/wp-json\/wp\/v2\/product\/1087947","targetHints":{"allow":["GET"]}}],"collection":[{"href":"https:\/\/www.claret.cat\/es\/wp-json\/wp\/v2\/product"}],"about":[{"href":"https:\/\/www.claret.cat\/es\/wp-json\/wp\/v2\/types\/product"}],"wp:featuredmedia":[{"embeddable":true,"href":"https:\/\/www.claret.cat\/es\/wp-json\/wp\/v2\/media\/1087948"}],"wp:attachment":[{"href":"https:\/\/www.claret.cat\/es\/wp-json\/wp\/v2\/media?parent=1087947"}],"wp:term":[{"taxonomy":"product_brand","embeddable":true,"href":"https:\/\/www.claret.cat\/es\/wp-json\/wp\/v2\/product_brand?post=1087947"},{"taxonomy":"product_cat","embeddable":true,"href":"https:\/\/www.claret.cat\/es\/wp-json\/wp\/v2\/product_cat?post=1087947"},{"taxonomy":"product_tag","embeddable":true,"href":"https:\/\/www.claret.cat\/es\/wp-json\/wp\/v2\/product_tag?post=1087947"}],"curies":[{"name":"wp","href":"https:\/\/api.w.org\/{rel}","templated":true}]}}