{"id":1087956,"date":"2026-03-04T17:00:16","date_gmt":"2026-03-04T16:00:16","guid":{"rendered":"https:\/\/www.claret.cat\/llibre\/la-reina-de-la-montana-9788419767691\/"},"modified":"2026-03-04T17:30:26","modified_gmt":"2026-03-04T16:30:26","slug":"la-reina-de-la-montana-9788419767691","status":"publish","type":"product","link":"https:\/\/www.claret.cat\/es\/libro\/la-reina-de-la-montana-9788419767691\/","title":{"rendered":"LA REINA DE LA MONTA\u00d1A"},"content":{"rendered":"<p>A pocos d\u00edas de las elecciones parlamentarias en Suecia, el pa\u00eds est\u00e1 conmocionado por la muerte de una poderosa familia en la explosi\u00f3n de un barco en la costa de Croacia. El peri\u00f3dico Aftonposten debe interrumpir la cobertura de la campa\u00f1a para informar sobre la tragedia y el esc\u00e1ndalo que involucra a altos funcionarios del gobierno. <\/p>\n<p> La periodista Danijela Mirkovic recibe una amenaza en forma de acertijo que la obliga a volver a Croacia y enfrentarse al pasado que ha intentado olvidar. Al mismo tiempo, su colega Loa Bergman sigue la pista que su amigo Henry le dej\u00f3 antes de morir: una clave que lo conduce hacia una red de espionaje ruso en Estados Unidos con conexiones inesperadas.<\/p>\n<p> Loa y Danijela descubren que sus caminos se cruzan siguiendo una misma investigaci\u00f3n. Juntos deber\u00e1n decidir cu\u00e1nto est\u00e1n dispuestos a arriesgar en una b\u00fasqueda donde el periodismo se convierte en un arma peligrosa y donde la verdad tiene un precio mucho m\u00e1s alto de lo que jam\u00e1s imaginaron.<\/p>\n","protected":false},"excerpt":{"rendered":"<p>VICTOR PAVIC LUNDBERG<\/p>\n","protected":false},"featured_media":1087957,"template":"","meta":{"_acf_changed":false,"om_disable_all_campaigns":false,"rs_blank_template":"","rs_page_bg_color":"","slide_template_v7":"","inline_featured_image":false,"_monsterinsights_skip_tracking":false,"_monsterinsights_sitenote_active":false,"_monsterinsights_sitenote_note":"","_monsterinsights_sitenote_category":0},"product_brand":[],"product_cat":[127,357],"product_tag":[],"class_list":{"0":"post-1087956","1":"product","2":"type-product","3":"status-publish","4":"has-post-thumbnail","6":"product_cat-novella-contemporania","7":"product_cat-novela-contemporanea","9":"first","10":"instock","11":"taxable","12":"shipping-taxable","13":"purchasable","14":"product-type-simple"},"acf":{"autor":"VICTOR PAVIC LUNDBERG","codart":"841976769","libros-coleccion":"","ediciones":"1","encuadernacion":"R\u00fastica","fecha_de_publicacion":"01\/03\/2026","novedad":"1","paginas":"520","subtitulo":"","orden":"0","portada":"0","idioma":"spa","booktrailer":"","resenas":"","editorial":[{"ID":148901,"post_author":"3","post_date":"2022-10-14 12:01:52","post_date_gmt":"2022-10-14 10:01:52","post_content":"","post_title":"Trini Vergara Ediciones","post_excerpt":"","post_status":"publish","comment_status":"closed","ping_status":"closed","post_password":"","post_name":"trini-vergara-ediciones","to_ping":"","pinged":"","post_modified":"2022-10-14 12:01:52","post_modified_gmt":"2022-10-14 10:01:52","post_content_filtered":"","post_parent":0,"guid":"http:\/\/dev.claret.cat\/editorial\/trini-vergara-ediciones\/","menu_order":0,"post_type":"editorial","post_mime_type":"","comment_count":"0","filter":"raw"}]},"aioseo_notices":[],"_links":{"self":[{"href":"https:\/\/www.claret.cat\/es\/wp-json\/wp\/v2\/product\/1087956","targetHints":{"allow":["GET"]}}],"collection":[{"href":"https:\/\/www.claret.cat\/es\/wp-json\/wp\/v2\/product"}],"about":[{"href":"https:\/\/www.claret.cat\/es\/wp-json\/wp\/v2\/types\/product"}],"wp:featuredmedia":[{"embeddable":true,"href":"https:\/\/www.claret.cat\/es\/wp-json\/wp\/v2\/media\/1087957"}],"wp:attachment":[{"href":"https:\/\/www.claret.cat\/es\/wp-json\/wp\/v2\/media?parent=1087956"}],"wp:term":[{"taxonomy":"product_brand","embeddable":true,"href":"https:\/\/www.claret.cat\/es\/wp-json\/wp\/v2\/product_brand?post=1087956"},{"taxonomy":"product_cat","embeddable":true,"href":"https:\/\/www.claret.cat\/es\/wp-json\/wp\/v2\/product_cat?post=1087956"},{"taxonomy":"product_tag","embeddable":true,"href":"https:\/\/www.claret.cat\/es\/wp-json\/wp\/v2\/product_tag?post=1087956"}],"curies":[{"name":"wp","href":"https:\/\/api.w.org\/{rel}","templated":true}]}}