{"id":1087997,"date":"2026-03-04T18:15:32","date_gmt":"2026-03-04T17:15:32","guid":{"rendered":"https:\/\/www.claret.cat\/llibre\/entre-el-seny-i-el-desig-els-faura-1-9791387724542\/"},"modified":"2026-03-09T13:35:02","modified_gmt":"2026-03-09T12:35:02","slug":"entre-el-seny-i-el-desig-els-faura-1-9791387724542","status":"publish","type":"product","link":"https:\/\/www.claret.cat\/es\/libro\/entre-el-seny-i-el-desig-els-faura-1-9791387724542\/","title":{"rendered":"ENTRE EL SENY I EL DESIG (ELS FAURA 1)"},"content":{"rendered":"<p>LA HIST\u00d2RIA D&#8217;AMOR QUE REVOLUCIONAR\u00c0 LES LLIBRERIES I EL COR DE TOTES LES LECTORES.  1849. La Maria Faura torna al poble set anys despr\u00e9s de la seva misteriosa fugida a Barcelona i s&#8217;haur\u00e0 d&#8217;enfrontar a tot el que havia intentat deixar enrere: una societat dominada pel deure i la fam\u00edlia, secrets que creia enterrats i els ulls verds d&#8217;en Ricard Campmany, fill de la fam\u00edlia amb les vinyes m\u00e9s grans de la contrada. Ella vol oblidar. Ell no ha pogut fer-ho. Entre safarejos i secrets, estimar \u00e9s un risc, per\u00f2 tamb\u00e9 \u00e9s inevitable. Arriba la primera entrega d&#8217;\u00abEls Faura\u00bb, on trobar\u00e0s la hist\u00f2ria d&#8217;aquesta fam\u00edlia de quatre germans en qu\u00e8 res \u00e9s el que sembla: amors prohibits, secrets de fam\u00edlia, promeses trencades i, sobretot, passions que es desperten i que no es poden frenar.<\/p>\n","protected":false},"excerpt":{"rendered":"<p>MAR PIC\u00d3<\/p>\n","protected":false},"featured_media":1088581,"template":"","meta":{"_acf_changed":false,"om_disable_all_campaigns":false,"rs_blank_template":"","rs_page_bg_color":"","slide_template_v7":"","inline_featured_image":false,"_monsterinsights_skip_tracking":false,"_monsterinsights_sitenote_active":false,"_monsterinsights_sitenote_note":"","_monsterinsights_sitenote_category":0},"product_brand":[],"product_cat":[133,566,117,363],"product_tag":[],"class_list":{"0":"post-1087997","1":"product","2":"type-product","3":"status-publish","4":"has-post-thumbnail","6":"product_cat-lectures-per-adolescents-12-18-anys","7":"product_cat-juvenil-3_infantil-juvenil-spa-spa","8":"product_cat-juvenil","9":"product_cat-lecturas-por-adolescentes-12-18-anos","11":"first","12":"instock","13":"taxable","14":"shipping-taxable","15":"purchasable","16":"product-type-simple"},"acf":{"autor":"MAR PIC\u00d3","codart":"138772454","libros-coleccion":"Montena","ediciones":"1","encuadernacion":"R\u00fastica","fecha_de_publicacion":"01\/02\/2026","novedad":"1","paginas":"256","subtitulo":"ENTRE SAFAREJOS I SECRETS, ESTIMAR \u00c9S UN RISC, PER\u00d2 TAMB\u00c9 \u00c9S INEVITABLE","orden":"0","portada":"0","idioma":"spa","booktrailer":"","resenas":"","editorial":[{"ID":1068055,"post_author":"3","post_date":"2025-11-24 16:55:18","post_date_gmt":"2025-11-24 15:55:18","post_content":"","post_title":"GROU","post_excerpt":"","post_status":"publish","comment_status":"closed","ping_status":"closed","post_password":"","post_name":"grou","to_ping":"","pinged":"","post_modified":"2025-11-24 16:55:18","post_modified_gmt":"2025-11-24 15:55:18","post_content_filtered":"","post_parent":0,"guid":"https:\/\/www.claret.cat\/editorial\/grou\/","menu_order":0,"post_type":"editorial","post_mime_type":"","comment_count":"0","filter":"raw"}]},"aioseo_notices":[],"_links":{"self":[{"href":"https:\/\/www.claret.cat\/es\/wp-json\/wp\/v2\/product\/1087997","targetHints":{"allow":["GET"]}}],"collection":[{"href":"https:\/\/www.claret.cat\/es\/wp-json\/wp\/v2\/product"}],"about":[{"href":"https:\/\/www.claret.cat\/es\/wp-json\/wp\/v2\/types\/product"}],"wp:featuredmedia":[{"embeddable":true,"href":"https:\/\/www.claret.cat\/es\/wp-json\/wp\/v2\/media\/1088581"}],"wp:attachment":[{"href":"https:\/\/www.claret.cat\/es\/wp-json\/wp\/v2\/media?parent=1087997"}],"wp:term":[{"taxonomy":"product_brand","embeddable":true,"href":"https:\/\/www.claret.cat\/es\/wp-json\/wp\/v2\/product_brand?post=1087997"},{"taxonomy":"product_cat","embeddable":true,"href":"https:\/\/www.claret.cat\/es\/wp-json\/wp\/v2\/product_cat?post=1087997"},{"taxonomy":"product_tag","embeddable":true,"href":"https:\/\/www.claret.cat\/es\/wp-json\/wp\/v2\/product_tag?post=1087997"}],"curies":[{"name":"wp","href":"https:\/\/api.w.org\/{rel}","templated":true}]}}