{"id":1088099,"date":"2026-03-05T11:10:43","date_gmt":"2026-03-05T10:10:43","guid":{"rendered":"https:\/\/www.claret.cat\/llibre\/fenomenologia-del-dolor-del-cuerpo-9788430122905\/"},"modified":"2026-03-05T11:15:30","modified_gmt":"2026-03-05T10:15:30","slug":"fenomenologia-del-dolor-del-cuerpo-9788430122905","status":"publish","type":"product","link":"https:\/\/www.claret.cat\/es\/libro\/fenomenologia-del-dolor-del-cuerpo-9788430122905\/","title":{"rendered":"FENOMENOLOG\u00cdA DEL DOLOR DEL CUERPO"},"content":{"rendered":"<p class='ql-align-justify'>El dolor del cuerpo desaf\u00eda toda normalidad de la existencia. Dispara las preguntas por el sentido y sinsentido de la vida, al tiempo que alienta los empe\u00f1os de muy distintos saberes.<\/p>\n<p class='ql-align-justify'>Sin embargo, solo la filosof\u00eda fenomenol\u00f3gica se propone una comprensi\u00f3n radical del sufrimiento en la carne a partir de una atenci\u00f3n renovada a la experiencia en primera persona. Se trata de dejar hablar al fen\u00f3meno vivido tambi\u00e9n cuando la experiencia humana se torna tantas veces un clamor insoportable.<\/p>\n<p class='ql-align-justify'>La obra que el lector tiene entre sus manos dialoga con las aportaciones m\u00e1s destacadas de este siglo XXI para enriquecer las descripciones te\u00f3ricas de las situaciones de dolor; asimismo, se esfuerza por ahondar en las estructuras generales que est\u00e1n implicadas en esta experiencia turbadora y primordial: intimidad espaciosa de la carne; pasividad de la afecci\u00f3n, que sobreviene y sobrepuja al yo; noticia de mal, o m\u00e1s bien \u00abmaleamiento\u00bb de la propia sensibilidad del viviente.<\/p>\n<p><\/p>\n","protected":false},"excerpt":{"rendered":"<p>SERRANO DE HARO, AGUST\u00cdN <\/p>\n","protected":false},"featured_media":1088100,"template":"","meta":{"_acf_changed":false,"om_disable_all_campaigns":false,"rs_blank_template":"","rs_page_bg_color":"","slide_template_v7":"","inline_featured_image":false,"_monsterinsights_skip_tracking":false,"_monsterinsights_sitenote_active":false,"_monsterinsights_sitenote_note":"","_monsterinsights_sitenote_category":0},"product_brand":[],"product_cat":[373,166],"product_tag":[],"class_list":{"0":"post-1088099","1":"product","2":"type-product","3":"status-publish","4":"has-post-thumbnail","6":"product_cat-autores","7":"product_cat-autors-filosofia","9":"first","10":"instock","11":"taxable","12":"shipping-taxable","13":"purchasable","14":"product-type-simple"},"acf":{"autor":"SERRANO DE HARO, AGUST\u00cdN ","codart":"843012290","libros-coleccion":"Hermeneia","ediciones":"1","encuadernacion":"R\u00fastica","fecha_de_publicacion":"04\/03\/2026","novedad":"1","paginas":"320","subtitulo":"","orden":"0","portada":"0","idioma":"spa","booktrailer":"","resenas":"","editorial":[{"ID":6364,"post_author":"3","post_date":"2022-07-28 17:50:36","post_date_gmt":"2022-07-28 15:50:36","post_content":"","post_title":"S\u00edgueme","post_excerpt":"","post_status":"publish","comment_status":"closed","ping_status":"closed","post_password":"","post_name":"sigueme","to_ping":"","pinged":"","post_modified":"2022-07-28 17:50:36","post_modified_gmt":"2022-07-28 15:50:36","post_content_filtered":"","post_parent":0,"guid":"http:\/\/dev.claret.cat\/editorial\/sigueme\/","menu_order":0,"post_type":"editorial","post_mime_type":"","comment_count":"0","filter":"raw"}]},"aioseo_notices":[],"_links":{"self":[{"href":"https:\/\/www.claret.cat\/es\/wp-json\/wp\/v2\/product\/1088099","targetHints":{"allow":["GET"]}}],"collection":[{"href":"https:\/\/www.claret.cat\/es\/wp-json\/wp\/v2\/product"}],"about":[{"href":"https:\/\/www.claret.cat\/es\/wp-json\/wp\/v2\/types\/product"}],"wp:featuredmedia":[{"embeddable":true,"href":"https:\/\/www.claret.cat\/es\/wp-json\/wp\/v2\/media\/1088100"}],"wp:attachment":[{"href":"https:\/\/www.claret.cat\/es\/wp-json\/wp\/v2\/media?parent=1088099"}],"wp:term":[{"taxonomy":"product_brand","embeddable":true,"href":"https:\/\/www.claret.cat\/es\/wp-json\/wp\/v2\/product_brand?post=1088099"},{"taxonomy":"product_cat","embeddable":true,"href":"https:\/\/www.claret.cat\/es\/wp-json\/wp\/v2\/product_cat?post=1088099"},{"taxonomy":"product_tag","embeddable":true,"href":"https:\/\/www.claret.cat\/es\/wp-json\/wp\/v2\/product_tag?post=1088099"}],"curies":[{"name":"wp","href":"https:\/\/api.w.org\/{rel}","templated":true}]}}