{"id":108820,"date":"2022-10-12T09:51:30","date_gmt":"2022-10-12T07:51:30","guid":{"rendered":"http:\/\/dev.claret.cat\/producte\/un-reino-al-sol\/"},"modified":"2024-02-07T14:46:44","modified_gmt":"2024-02-07T13:46:44","slug":"un-reino-al-sol-9788417743697","status":"publish","type":"product","link":"https:\/\/www.claret.cat\/es\/libro\/un-reino-al-sol-9788417743697\/","title":{"rendered":"UN REINO AL SOL"},"content":{"rendered":"<p>Un v\u00edvido relato de la \u00e9poca dorada de la Sicilia normanda.<\/p>\n<p> El d\u00eda de Navidad de 1130, Roger de Hauteville, descendiente del c\u00e9lebre Roberto Guiscardo, se convirti\u00f3 en el primer rey de Sicilia. Su coronaci\u00f3n dio inicio a una \u00e9poca dorada en que la isla se estableci\u00f3 como un crisol cosmopolita caracterizado por una gran tolerancia y cultura. Sin embargo, solo sesenta y cuatro a\u00f1os despu\u00e9s, en 1194, el sol se puso en la Sicilia normanda.<\/p>\n<p> En este volumen, John Julius Norwich nos presenta el relato de la \u00e9poca m\u00e1s feliz y gloriosa que ha vivido la isla italiana. Por estas p\u00e1ginas caminan grandes personajes como san Bernardo, un hombre lleno de magnetismo pero insufrible; los monarcas Guillermo el Malo y el Bueno; el bastardo rey Tancredo, as\u00ed como el gran Ricardo Coraz\u00f3n de Le\u00f3n, y nos adentramos en grandes momentos de la historia, como la Segunda Cruzada o los violentos cismas papales que atenazaron a la cristiandad. <\/p>\n<p> Con su habitual erudici\u00f3n y una fina iron\u00eda, John Julius Norwich nos ofrece en esta obra, nacida de su fascinaci\u00f3n por la isla italiana, la historia del auge y la ca\u00edda del gran reino normando en Sicilia. Un reino al sol es un relato magistral de uno de los episodios m\u00e1s extraordinarios de la historia del Mediterr\u00e1neo, una magn\u00edfica gu\u00eda para el viajero y una obra maestra del oficio de historiador.<\/p>\n","protected":false},"excerpt":{"rendered":"<p>NORWICH, JOHN JULIUS<\/p>\n","protected":false},"featured_media":108821,"template":"","meta":{"_acf_changed":false,"om_disable_all_campaigns":false,"rs_blank_template":"","rs_page_bg_color":"","slide_template_v7":"","inline_featured_image":false,"_monsterinsights_skip_tracking":false,"_monsterinsights_sitenote_active":false,"_monsterinsights_sitenote_note":"","_monsterinsights_sitenote_category":0},"product_brand":[],"product_cat":[148,367],"product_tag":[],"class_list":{"0":"post-108820","1":"product","2":"type-product","3":"status-publish","4":"has-post-thumbnail","6":"product_cat-antiga","7":"product_cat-antigua","9":"first","10":"instock","11":"taxable","12":"shipping-taxable","13":"purchasable","14":"product-type-simple"},"acf":{"editorial":[{"ID":6131,"post_author":"3","post_date":"2022-07-28 17:45:33","post_date_gmt":"2022-07-28 15:45:33","post_content":"","post_title":"ATICO DE LOS LIBROS","post_excerpt":"","post_status":"publish","comment_status":"closed","ping_status":"closed","post_password":"","post_name":"atico-de-los-libros","to_ping":"","pinged":"","post_modified":"2022-07-28 17:45:33","post_modified_gmt":"2022-07-28 15:45:33","post_content_filtered":"","post_parent":0,"guid":"http:\/\/dev.claret.cat\/editorial\/atico-de-los-libros\/","menu_order":0,"post_type":"editorial","post_mime_type":"","comment_count":"0","filter":"raw"}],"autor":"NORWICH, JOHN JULIUS","codart":"841774369","libros-coleccion":"\u00c1tico Historia","ediciones":"1","encuadernacion":"Carton\u00e9","fecha_de_publicacion":"01\/07\/2020","novedad":"1","paginas":"450","subtitulo":"LA CA\u00cdDA DE LA SICILIA NORMANDA, 1130-1194","orden":"0","portada":"0","idioma":"spa","autores-libros":[{"ID":159662,"post_author":"3","post_date":"2022-10-14 15:46:42","post_date_gmt":"2022-10-14 13:46:42","post_content":"","post_title":"JOHN JULIUS NORWICH","post_excerpt":"","post_status":"publish","comment_status":"closed","ping_status":"closed","post_password":"","post_name":"john-julius-norwich","to_ping":"","pinged":"","post_modified":"2022-10-14 15:46:42","post_modified_gmt":"2022-10-14 13:46:42","post_content_filtered":"","post_parent":0,"guid":"http:\/\/dev.claret.cat\/autor\/john-julius-norwich\/","menu_order":0,"post_type":"autor","post_mime_type":"","comment_count":"0","filter":"raw"}]},"aioseo_notices":[],"_links":{"self":[{"href":"https:\/\/www.claret.cat\/es\/wp-json\/wp\/v2\/product\/108820","targetHints":{"allow":["GET"]}}],"collection":[{"href":"https:\/\/www.claret.cat\/es\/wp-json\/wp\/v2\/product"}],"about":[{"href":"https:\/\/www.claret.cat\/es\/wp-json\/wp\/v2\/types\/product"}],"wp:featuredmedia":[{"embeddable":true,"href":"https:\/\/www.claret.cat\/es\/wp-json\/wp\/v2\/media\/108821"}],"wp:attachment":[{"href":"https:\/\/www.claret.cat\/es\/wp-json\/wp\/v2\/media?parent=108820"}],"wp:term":[{"taxonomy":"product_brand","embeddable":true,"href":"https:\/\/www.claret.cat\/es\/wp-json\/wp\/v2\/product_brand?post=108820"},{"taxonomy":"product_cat","embeddable":true,"href":"https:\/\/www.claret.cat\/es\/wp-json\/wp\/v2\/product_cat?post=108820"},{"taxonomy":"product_tag","embeddable":true,"href":"https:\/\/www.claret.cat\/es\/wp-json\/wp\/v2\/product_tag?post=108820"}],"curies":[{"name":"wp","href":"https:\/\/api.w.org\/{rel}","templated":true}]}}