{"id":108829,"date":"2022-10-12T09:51:38","date_gmt":"2022-10-12T07:51:38","guid":{"rendered":"http:\/\/dev.claret.cat\/producte\/una-vida-con-proposito\/"},"modified":"2023-11-27T16:40:05","modified_gmt":"2023-11-27T15:40:05","slug":"una-vida-con-proposito-9788417216917","status":"publish","type":"product","link":"https:\/\/www.claret.cat\/es\/libro\/una-vida-con-proposito-9788417216917\/","title":{"rendered":"UNA VIDA CON PROP\u00d3SITO"},"content":{"rendered":"<p>Este libro ha transformado millones de vidas\u00bfEst\u00e1s listo para un cambio?Publicado en m\u00e1s de 85 idiomas, Una vida con prop\u00f3sito es mucho m\u00e1s que simplemente un libro; es una gu\u00eda para una jornada espiritual de 42 d\u00edas. Una vez que hayas realizado esta jornada, nunca ser\u00e1s el mismo de nuevo.En tu jornada encontrar\u00e1s las respuestas a tres de las preguntas m\u00e1s importantes de la vida:La pregunta de la existencia: \u00bfPor qu\u00e9 estoy vivo?La pregunta de la significaci\u00f3n:\u00bfImporta mi vida?La pregunta del prop\u00f3sito:\u00bfPara qu\u00e9 estoy aqu\u00ed en la tierra?Llevar a cabo el prop\u00f3sito para el que fuiste creado te lleva m\u00e1s all\u00e1 de la mera supervivencia y el \u00e9xito, a una vida de significaci\u00f3n; la vida que estabas destinado a vivir. Cinco beneficios de conocer tu prop\u00f3sito:1. Explicar\u00e1 el significado de tu vida.2. Simplificar\u00e1 tu vida.3. Enfocar\u00e1 tu vida. 4. Aumentar\u00e1 tu motivaci\u00f3n.5. Te preparar\u00e1 para la eternidad.<\/p>\n","protected":false},"excerpt":{"rendered":"<p>WARREN, RICK<\/p>\n","protected":false},"featured_media":108830,"template":"","meta":{"_acf_changed":false,"om_disable_all_campaigns":false,"rs_blank_template":"","rs_page_bg_color":"","slide_template_v7":"","inline_featured_image":false,"_monsterinsights_skip_tracking":false,"_monsterinsights_sitenote_active":false,"_monsterinsights_sitenote_note":"","_monsterinsights_sitenote_category":0},"product_brand":[],"product_cat":[90,540],"product_tag":[],"class_list":{"0":"post-108829","1":"product","2":"type-product","3":"status-publish","4":"has-post-thumbnail","6":"product_cat-altres","7":"product_cat-otros","9":"first","10":"instock","11":"taxable","12":"shipping-taxable","13":"purchasable","14":"product-type-simple"},"acf":{"editorial":[{"ID":6264,"post_author":"3","post_date":"2022-07-28 17:48:28","post_date_gmt":"2022-07-28 15:48:28","post_content":"","post_title":"Harper Bolsillo","post_excerpt":"","post_status":"publish","comment_status":"closed","ping_status":"closed","post_password":"","post_name":"harper-bolsillo","to_ping":"","pinged":"","post_modified":"2022-07-28 17:48:28","post_modified_gmt":"2022-07-28 15:48:28","post_content_filtered":"","post_parent":0,"guid":"http:\/\/dev.claret.cat\/editorial\/harper-bolsillo\/","menu_order":0,"post_type":"editorial","post_mime_type":"","comment_count":"0","filter":"raw"}],"autor":"WARREN, RICK","codart":"841721691","libros-coleccion":"HARPER BOLSILLO","ediciones":"1","encuadernacion":"R\u00fastica","fecha_de_publicacion":"01\/07\/2020","novedad":"1","paginas":"361","subtitulo":"","orden":"0","portada":"0","idioma":"spa","autores-libros":[{"ID":168133,"post_author":"3","post_date":"2022-10-14 18:16:47","post_date_gmt":"2022-10-14 16:16:47","post_content":"","post_title":"RICK WARREN","post_excerpt":"","post_status":"publish","comment_status":"closed","ping_status":"closed","post_password":"","post_name":"rick-warren","to_ping":"","pinged":"","post_modified":"2022-10-14 18:16:47","post_modified_gmt":"2022-10-14 16:16:47","post_content_filtered":"","post_parent":0,"guid":"http:\/\/dev.claret.cat\/autor\/rick-warren\/","menu_order":0,"post_type":"autor","post_mime_type":"","comment_count":"0","filter":"raw"}]},"aioseo_notices":[],"_links":{"self":[{"href":"https:\/\/www.claret.cat\/es\/wp-json\/wp\/v2\/product\/108829","targetHints":{"allow":["GET"]}}],"collection":[{"href":"https:\/\/www.claret.cat\/es\/wp-json\/wp\/v2\/product"}],"about":[{"href":"https:\/\/www.claret.cat\/es\/wp-json\/wp\/v2\/types\/product"}],"wp:featuredmedia":[{"embeddable":true,"href":"https:\/\/www.claret.cat\/es\/wp-json\/wp\/v2\/media\/108830"}],"wp:attachment":[{"href":"https:\/\/www.claret.cat\/es\/wp-json\/wp\/v2\/media?parent=108829"}],"wp:term":[{"taxonomy":"product_brand","embeddable":true,"href":"https:\/\/www.claret.cat\/es\/wp-json\/wp\/v2\/product_brand?post=108829"},{"taxonomy":"product_cat","embeddable":true,"href":"https:\/\/www.claret.cat\/es\/wp-json\/wp\/v2\/product_cat?post=108829"},{"taxonomy":"product_tag","embeddable":true,"href":"https:\/\/www.claret.cat\/es\/wp-json\/wp\/v2\/product_tag?post=108829"}],"curies":[{"name":"wp","href":"https:\/\/api.w.org\/{rel}","templated":true}]}}