{"id":1088659,"date":"2026-03-09T14:15:58","date_gmt":"2026-03-09T13:15:58","guid":{"rendered":"https:\/\/www.claret.cat\/llibre\/el-deu-allucinogen-9788410256859\/"},"modified":"2026-04-29T17:25:34","modified_gmt":"2026-04-29T15:25:34","slug":"el-deu-allucinogen-9788410256859","status":"publish","type":"product","link":"https:\/\/www.claret.cat\/es\/libro\/el-deu-allucinogen-9788410256859\/","title":{"rendered":"EL D\u00c9U AL\u00b7LUCINOGEN"},"content":{"rendered":"<p>El primer llibre de Carles Tamayo, el creador de C\u00f3mo cazar a un monstruo, premi Ondas al millor documental. De quina manera una persona corrent com tu o com jo acaba atrapada en una secta autodestructiva sense adonar-se&#8217;n? Aquest llibre no es narra des de la dist\u00e0ncia, sin\u00f3 des de dins. Carles Tamayo, periodista i investigador especialista a ficar-se on no el demanen, explica en primera persona la seva immersi\u00f3 en l&#8217;univers de les sectes New Age, aquelles que fan servir drogues com l&#8217;ayahuasca per atreure els seus seguidors i els sedueixen amb falsos pretextos terap\u00e8utics. S\u00f3n espais que prometen guaricions, expansi\u00f3 de la consci\u00e8ncia i creixement espiritual, per\u00f2 que amaguen una realitat molt m\u00e9s fosca: din\u00e0miques de control, ab\u00fas emocional i un model de negoci disfressat d&#8217;il\u00b7luminaci\u00f3. La investigaci\u00f3, basada en un treball de camp exhaustiu, est\u00e0 narrada amb el to cr\u00edtic, directe i ir\u00f2nic caracter\u00edstic de Carles Tamayo, en qu\u00e8 l&#8217;angoixa d&#8217;una missi\u00f3 tan arriscada es barreja amb la proximitat d&#8217;un blog confessional. El d\u00e9u al\u00b7lucinogen \u00e9s molt m\u00e9s que una experi\u00e8ncia personal: \u00e9s un manual per detectar les trampes d&#8217;un nou esoterisme que, disfressat de ci\u00e8ncia i espiritualitat, arrossega persones vulnerables que busquen respostes, consol o simplement un cam\u00ed per donar sentit a la seva vida.<\/p>\n","protected":false},"excerpt":{"rendered":"<p>CARLES TAMAYO<\/p>\n","protected":false},"featured_media":1088713,"template":"","meta":{"_acf_changed":false,"om_disable_all_campaigns":false,"rs_blank_template":"","rs_page_bg_color":"","slide_template_v7":"","inline_featured_image":false,"_monsterinsights_skip_tracking":false,"_monsterinsights_sitenote_active":false,"_monsterinsights_sitenote_note":"","_monsterinsights_sitenote_category":0},"product_brand":[],"product_cat":[90,540],"product_tag":[],"class_list":{"0":"post-1088659","1":"product","2":"type-product","3":"status-publish","4":"has-post-thumbnail","6":"product_cat-altres","7":"product_cat-otros","9":"first","10":"instock","11":"taxable","12":"shipping-taxable","13":"purchasable","14":"product-type-simple"},"acf":{"autor":"CARLES TAMAYO","codart":"841025685","libros-coleccion":"FORA DE COL.LECCI\u00d3","ediciones":"1","encuadernacion":"R\u00fastica","fecha_de_publicacion":"01\/03\/2026","novedad":"1","paginas":"304","subtitulo":"UN ANY INFILTRAT EN SECTES","orden":"0","portada":"0","idioma":"spa","booktrailer":"","resenas":"","editorial":[{"ID":6350,"post_author":"3","post_date":"2022-07-28 17:50:18","post_date_gmt":"2022-07-28 15:50:18","post_content":"","post_title":"ROSA DELS VENTS","post_excerpt":"","post_status":"publish","comment_status":"closed","ping_status":"closed","post_password":"","post_name":"rosa-dels-vents","to_ping":"","pinged":"","post_modified":"2022-07-28 17:50:18","post_modified_gmt":"2022-07-28 15:50:18","post_content_filtered":"","post_parent":0,"guid":"http:\/\/dev.claret.cat\/editorial\/rosa-dels-vents\/","menu_order":0,"post_type":"editorial","post_mime_type":"","comment_count":"0","filter":"raw"}]},"aioseo_notices":[],"_links":{"self":[{"href":"https:\/\/www.claret.cat\/es\/wp-json\/wp\/v2\/product\/1088659","targetHints":{"allow":["GET"]}}],"collection":[{"href":"https:\/\/www.claret.cat\/es\/wp-json\/wp\/v2\/product"}],"about":[{"href":"https:\/\/www.claret.cat\/es\/wp-json\/wp\/v2\/types\/product"}],"wp:featuredmedia":[{"embeddable":true,"href":"https:\/\/www.claret.cat\/es\/wp-json\/wp\/v2\/media\/1088713"}],"wp:attachment":[{"href":"https:\/\/www.claret.cat\/es\/wp-json\/wp\/v2\/media?parent=1088659"}],"wp:term":[{"taxonomy":"product_brand","embeddable":true,"href":"https:\/\/www.claret.cat\/es\/wp-json\/wp\/v2\/product_brand?post=1088659"},{"taxonomy":"product_cat","embeddable":true,"href":"https:\/\/www.claret.cat\/es\/wp-json\/wp\/v2\/product_cat?post=1088659"},{"taxonomy":"product_tag","embeddable":true,"href":"https:\/\/www.claret.cat\/es\/wp-json\/wp\/v2\/product_tag?post=1088659"}],"curies":[{"name":"wp","href":"https:\/\/api.w.org\/{rel}","templated":true}]}}