{"id":1088846,"date":"2026-03-10T13:11:16","date_gmt":"2026-03-10T12:11:16","guid":{"rendered":"https:\/\/www.claret.cat\/llibre\/cartas-de-un-estoico-9788410121478\/"},"modified":"2026-03-10T14:02:10","modified_gmt":"2026-03-10T13:02:10","slug":"cartas-de-un-estoico-9788410121478","status":"publish","type":"product","link":"https:\/\/www.claret.cat\/es\/libro\/cartas-de-un-estoico-9788410121478\/","title":{"rendered":"CARTAS DE UN ESTOICO"},"content":{"rendered":"<p>Una selecci\u00f3n contempor\u00e1nea de las cartas de S\u00e9neca a Lucilio.Hace casi dos mil a\u00f1os, s\u00e9neca comparti\u00f3 con Lucilio reflexiones sobre temas que a\u00fan hoy nos inquietan: el tiempo, la adversidad, la serenidad y la b\u00fasqueda de sentido. Esta versi\u00f3n contempor\u00e1nea ofrece reflexiones claras y cercanas de un sabio que supo mantener la calma en medio de la tormenta. En este libro S\u00e9neca nos recuerda que no hay tarea m\u00e1s urgente que aprender a vivir.<\/p>\n","protected":false},"excerpt":{"rendered":"<p>LUCIO ANNEO S\u00c9NECA<\/p>\n","protected":false},"featured_media":1088847,"template":"","meta":{"_acf_changed":false,"om_disable_all_campaigns":false,"rs_blank_template":"","rs_page_bg_color":"","slide_template_v7":"","inline_featured_image":false,"_monsterinsights_skip_tracking":false,"_monsterinsights_sitenote_active":false,"_monsterinsights_sitenote_note":"","_monsterinsights_sitenote_category":0},"product_brand":[],"product_cat":[373,166,445,175],"product_tag":[],"class_list":{"0":"post-1088846","1":"product","2":"type-product","3":"status-publish","4":"has-post-thumbnail","6":"product_cat-autores","7":"product_cat-autors-filosofia","8":"product_cat-etica-filosofia-2_humanidades","9":"product_cat-etica","11":"first","12":"instock","13":"taxable","14":"shipping-taxable","15":"purchasable","16":"product-type-simple"},"acf":{"autor":"LUCIO ANNEO S\u00c9NECA","codart":"841012147","libros-coleccion":"","ediciones":"1","encuadernacion":"R\u00fastica","fecha_de_publicacion":"01\/03\/2026","novedad":"1","paginas":"224","subtitulo":"","orden":"0","portada":"0","idioma":"spa","booktrailer":"","resenas":"","editorial":[{"ID":148027,"post_author":"3","post_date":"2022-10-14 11:55:04","post_date_gmt":"2022-10-14 09:55:04","post_content":"","post_title":"Editorial Reverte","post_excerpt":"","post_status":"publish","comment_status":"closed","ping_status":"closed","post_password":"","post_name":"editorial-reverte","to_ping":"","pinged":"","post_modified":"2022-10-14 11:55:04","post_modified_gmt":"2022-10-14 09:55:04","post_content_filtered":"","post_parent":0,"guid":"http:\/\/dev.claret.cat\/editorial\/editorial-reverte\/","menu_order":0,"post_type":"editorial","post_mime_type":"","comment_count":"0","filter":"raw"}]},"aioseo_notices":[],"_links":{"self":[{"href":"https:\/\/www.claret.cat\/es\/wp-json\/wp\/v2\/product\/1088846","targetHints":{"allow":["GET"]}}],"collection":[{"href":"https:\/\/www.claret.cat\/es\/wp-json\/wp\/v2\/product"}],"about":[{"href":"https:\/\/www.claret.cat\/es\/wp-json\/wp\/v2\/types\/product"}],"wp:featuredmedia":[{"embeddable":true,"href":"https:\/\/www.claret.cat\/es\/wp-json\/wp\/v2\/media\/1088847"}],"wp:attachment":[{"href":"https:\/\/www.claret.cat\/es\/wp-json\/wp\/v2\/media?parent=1088846"}],"wp:term":[{"taxonomy":"product_brand","embeddable":true,"href":"https:\/\/www.claret.cat\/es\/wp-json\/wp\/v2\/product_brand?post=1088846"},{"taxonomy":"product_cat","embeddable":true,"href":"https:\/\/www.claret.cat\/es\/wp-json\/wp\/v2\/product_cat?post=1088846"},{"taxonomy":"product_tag","embeddable":true,"href":"https:\/\/www.claret.cat\/es\/wp-json\/wp\/v2\/product_tag?post=1088846"}],"curies":[{"name":"wp","href":"https:\/\/api.w.org\/{rel}","templated":true}]}}