{"id":1088925,"date":"2026-03-10T13:26:57","date_gmt":"2026-03-10T12:26:57","guid":{"rendered":"https:\/\/www.claret.cat\/llibre\/quadern-blackie-vol3-9791387748012\/"},"modified":"2026-04-09T13:55:27","modified_gmt":"2026-04-09T11:55:27","slug":"quadern-blackie-vol3-9791387748012","status":"publish","type":"product","link":"https:\/\/www.claret.cat\/es\/libro\/quadern-blackie-vol3-9791387748012\/","title":{"rendered":"QUADERN BLACKIE VOL.3"},"content":{"rendered":"<p><strong>El primer quadern d\u2019activitats per a adults en catal\u00e0<\/strong>.<\/p>\n<p> Diverteix-te i apre`n.<\/p>\n<p> El Quadern cont\u00e9 passatemps, <strong>jocs de l\u00f2gica<\/strong>, tests, <strong>mots encreuats<\/strong>, <strong>sopes de lletres<\/strong> i altres exercicis pensats per a la teva diversi\u00f3 i aprenentatge. La f\u00f3rmula infal\u00b7lible d\u2019<strong>una mica de seny i una mica de rauxa<\/strong>. Fes-lo a la platja, a la muntanya, al transport p\u00fablic, sota l\u2019ombra d\u2019un pi o al caliu d\u2019una llar de foc. Fes-lo en solitari o amb bona companyia.<\/p>\n<p> I ara, llenc\u00b8a <strong>el m\u00f2bil ben lluny i que comenci l\u2019aventura<\/strong>.<\/p>\n<p>La difer\u00e8ncia principal amb un llibret de passatemps cl\u00e0ssic \u00e9s que aqu\u00ed <strong>hi trobar\u00e0s referents d\u2019ahir i d\u2019avui<\/strong> que formen part del nostre imaginari: d\u2019Aitana Bonmat\u00ed a <strong>Merc\u00e8 Rodoreda<\/strong> i dels <strong>Manel<\/strong> a <strong>Floquet de Neu<\/strong>. Els exercicis i jocs estan elaborats a partir de tem\u00e0tiques com el cinema, la literatura, el menjar i la geografia. Dit d\u2019una altra manera, <strong>parlem d\u2019Albert Serra<\/strong>, de <strong>Josep Pla<\/strong>, de <strong>Carme Ruscalleda<\/strong> i d\u2019indrets sagrats com <strong>Montserrat<\/strong> i <strong>Pont Aeri<\/strong>.<\/p>\n<p><\/p>\n","protected":false},"excerpt":{"rendered":"<p>COMIT\u00c9 BLACKIE BOOKS<\/p>\n","protected":false},"featured_media":1095882,"template":"","meta":{"_acf_changed":false,"om_disable_all_campaigns":false,"rs_blank_template":"","rs_page_bg_color":"","slide_template_v7":"","inline_featured_image":false,"_monsterinsights_skip_tracking":false,"_monsterinsights_sitenote_active":false,"_monsterinsights_sitenote_note":"","_monsterinsights_sitenote_category":0},"product_brand":[],"product_cat":[90,540],"product_tag":[],"class_list":{"0":"post-1088925","1":"product","2":"type-product","3":"status-publish","4":"has-post-thumbnail","6":"product_cat-altres","7":"product_cat-otros","9":"first","10":"instock","11":"taxable","12":"shipping-taxable","13":"purchasable","14":"product-type-simple"},"acf":{"autor":"COMIT\u00c9 BLACKIE BOOKS","codart":"138774801","libros-coleccion":"","ediciones":"1","encuadernacion":"R\u00fastica","fecha_de_publicacion":"01\/03\/2026","novedad":"1","paginas":"0","subtitulo":"QUADERN DE PASSATEMPS PER A ADULTS","orden":"0","portada":"0","idioma":"cat","booktrailer":"","resenas":"","editorial":[{"ID":6146,"post_author":"3","post_date":"2022-07-28 17:45:52","post_date_gmt":"2022-07-28 15:45:52","post_content":"","post_title":"Blackie Books","post_excerpt":"","post_status":"publish","comment_status":"closed","ping_status":"closed","post_password":"","post_name":"blackie-books","to_ping":"","pinged":"","post_modified":"2022-07-28 17:45:52","post_modified_gmt":"2022-07-28 15:45:52","post_content_filtered":"","post_parent":0,"guid":"http:\/\/dev.claret.cat\/editorial\/blackie-books\/","menu_order":0,"post_type":"editorial","post_mime_type":"","comment_count":"0","filter":"raw"}]},"aioseo_notices":[],"_links":{"self":[{"href":"https:\/\/www.claret.cat\/es\/wp-json\/wp\/v2\/product\/1088925","targetHints":{"allow":["GET"]}}],"collection":[{"href":"https:\/\/www.claret.cat\/es\/wp-json\/wp\/v2\/product"}],"about":[{"href":"https:\/\/www.claret.cat\/es\/wp-json\/wp\/v2\/types\/product"}],"wp:featuredmedia":[{"embeddable":true,"href":"https:\/\/www.claret.cat\/es\/wp-json\/wp\/v2\/media\/1095882"}],"wp:attachment":[{"href":"https:\/\/www.claret.cat\/es\/wp-json\/wp\/v2\/media?parent=1088925"}],"wp:term":[{"taxonomy":"product_brand","embeddable":true,"href":"https:\/\/www.claret.cat\/es\/wp-json\/wp\/v2\/product_brand?post=1088925"},{"taxonomy":"product_cat","embeddable":true,"href":"https:\/\/www.claret.cat\/es\/wp-json\/wp\/v2\/product_cat?post=1088925"},{"taxonomy":"product_tag","embeddable":true,"href":"https:\/\/www.claret.cat\/es\/wp-json\/wp\/v2\/product_tag?post=1088925"}],"curies":[{"name":"wp","href":"https:\/\/api.w.org\/{rel}","templated":true}]}}