{"id":1088976,"date":"2026-03-10T13:32:36","date_gmt":"2026-03-10T12:32:36","guid":{"rendered":"https:\/\/www.claret.cat\/llibre\/vida-nootropica-9788413445007\/"},"modified":"2026-04-07T17:41:35","modified_gmt":"2026-04-07T15:41:35","slug":"vida-nootropica-9788413445007","status":"publish","type":"product","link":"https:\/\/www.claret.cat\/es\/libro\/vida-nootropica-9788413445007\/","title":{"rendered":"VIDA NOOTR\u00d3PICA"},"content":{"rendered":"<p>Hackea tu cerebroLos\u00a0nootr\u00f3picos, tambi\u00e9n conocidos como\u00a0estimulantes de la memoria\u00a0o\u00a0potenciadores cognitivos, son\u00a0f\u00e1rmacos, psicod\u00e9licos, suplementos o alimentos funcionales que elevan ciertas funciones mentales tales como la\u00a0cognici\u00f3n, la memoria, la inteligencia, la creatividad, la atenci\u00f3n y la concentraci\u00f3n. Activan diferentes neurotransmisores en el cerebro generando efectos sobre nuestra conducta y capacidad mental. Se trata de alimentos funcionales como el caf\u00e9 o el cacao, de adapt\u00f3genos como la ashwagandha, setas como la melena de le\u00f3n o psicotr\u00f3picos como el LSD, entre muchos otros.<br \/> Pero lejos de limitarse a estas sustancias, Antonio Valenzuela redefine el concepto de nootr\u00f3pico y lo ampl\u00eda a todo aquello que fortalece la mente como el sue\u00f1o reparador, la luz solar, el movimiento inteligente, la naturaleza, la correcta respiraci\u00f3n, los v\u00ednculos afectivos o la estimulaci\u00f3n sensorial.<br \/> Con un estilo cercano, que combina neurociencia, filosof\u00eda y divulgaci\u00f3n nos explica asimismo c\u00f3mo mejorar el flujo sangu\u00edneo cerebral, reducir la neuroinflamaci\u00f3n, potenciar el metabolismo mitocondrial o cultivar el pensamiento m\u00e1gico.<br \/> A lo largo de estas p\u00e1ginas descubrir\u00e1s qu\u00e9 pr\u00e1cticas aumentan el BDNF \u2014el llamado fertilizante cerebral\u2014, por qu\u00e9 no hay c\u00e1psula que sustituya a una buena conversaci\u00f3n, c\u00f3mo nuestros h\u00e1bitos pueden rejuvenecer la mente y de qu\u00e9 manera los estados de presencia, gratitud y conexi\u00f3n transforman nuestro sistema nervioso.<br \/> Vida nootr\u00f3pica es un viaje hacia una mente capaz de pensar mejor, sentir mejor y, sobre todo, vivir mejor.<\/p>\n","protected":false},"excerpt":{"rendered":"<p>ANTONIO VALENZUELA<\/p>\n","protected":false},"featured_media":1089139,"template":"","meta":{"_acf_changed":false,"om_disable_all_campaigns":false,"rs_blank_template":"","rs_page_bg_color":"","slide_template_v7":"","inline_featured_image":false,"_monsterinsights_skip_tracking":false,"_monsterinsights_sitenote_active":false,"_monsterinsights_sitenote_note":"","_monsterinsights_sitenote_category":0},"product_brand":[],"product_cat":[547,97],"product_tag":[],"class_list":{"0":"post-1088976","1":"product","2":"type-product","3":"status-publish","4":"has-post-thumbnail","6":"product_cat-salud","7":"product_cat-salut","9":"first","10":"instock","11":"taxable","12":"shipping-taxable","13":"purchasable","14":"product-type-simple"},"acf":{"autor":"ANTONIO VALENZUELA","codart":"841344500","libros-coleccion":"","ediciones":"1","encuadernacion":"R\u00fastica","fecha_de_publicacion":"01\/03\/2026","novedad":"1","paginas":"390","subtitulo":"MEJORA TU MEMORIA, POTENCIA TU CONCENTRACI\u00d3N E IMPULSA TU CREATIVIDAD","orden":"0","portada":"0","idioma":"spa","booktrailer":"","resenas":"","editorial":[{"ID":147400,"post_author":"3","post_date":"2022-10-14 11:50:17","post_date_gmt":"2022-10-14 09:50:17","post_content":"","post_title":"ALIENTA EDITORIAL","post_excerpt":"","post_status":"publish","comment_status":"closed","ping_status":"closed","post_password":"","post_name":"alienta-editorial","to_ping":"","pinged":"","post_modified":"2022-10-14 11:50:17","post_modified_gmt":"2022-10-14 09:50:17","post_content_filtered":"","post_parent":0,"guid":"http:\/\/dev.claret.cat\/editorial\/alienta-editorial\/","menu_order":0,"post_type":"editorial","post_mime_type":"","comment_count":"0","filter":"raw"}]},"aioseo_notices":[],"_links":{"self":[{"href":"https:\/\/www.claret.cat\/es\/wp-json\/wp\/v2\/product\/1088976","targetHints":{"allow":["GET"]}}],"collection":[{"href":"https:\/\/www.claret.cat\/es\/wp-json\/wp\/v2\/product"}],"about":[{"href":"https:\/\/www.claret.cat\/es\/wp-json\/wp\/v2\/types\/product"}],"wp:featuredmedia":[{"embeddable":true,"href":"https:\/\/www.claret.cat\/es\/wp-json\/wp\/v2\/media\/1089139"}],"wp:attachment":[{"href":"https:\/\/www.claret.cat\/es\/wp-json\/wp\/v2\/media?parent=1088976"}],"wp:term":[{"taxonomy":"product_brand","embeddable":true,"href":"https:\/\/www.claret.cat\/es\/wp-json\/wp\/v2\/product_brand?post=1088976"},{"taxonomy":"product_cat","embeddable":true,"href":"https:\/\/www.claret.cat\/es\/wp-json\/wp\/v2\/product_cat?post=1088976"},{"taxonomy":"product_tag","embeddable":true,"href":"https:\/\/www.claret.cat\/es\/wp-json\/wp\/v2\/product_tag?post=1088976"}],"curies":[{"name":"wp","href":"https:\/\/api.w.org\/{rel}","templated":true}]}}