{"id":108925,"date":"2022-10-12T09:53:00","date_gmt":"2022-10-12T07:53:00","guid":{"rendered":"http:\/\/dev.claret.cat\/producte\/locos-por-las-matematicas\/"},"modified":"2023-01-28T05:06:40","modified_gmt":"2023-01-28T04:06:40","slug":"locos-por-las-matematicas-9788491992127","status":"publish","type":"product","link":"https:\/\/www.claret.cat\/es\/libro\/locos-por-las-matematicas-9788491992127\/","title":{"rendered":"LOCOS POR LAS MATEM\u00c1TICAS"},"content":{"rendered":"<p>Con un estilo claro, ameno y divertido, Ian Stewart nos deleita con juegos y curiosidades explicados a trav\u00e9s de las matem\u00e1ticas. Las matem\u00e1ticas no son s\u00f3lo una maravillosa herramienta l\u00f3gica, con una espl\u00e9ndida vida propia condensada en teor\u00edas, axiomas, teoremas o proposiciones, o el mejor instrumento creado por los humanos para describir los fen\u00f3menos naturales. Son, asimismo, un inmenso universo en el que se pueden llevar a cabo apasionantes aventuras intelectuales, o, si se prefiere, practicar juegos extraordinariamente divertidos y de muy variada dificultad. En este territorio se mueve Ian Stewart, el m\u00e1s prestigioso divulgador de las matem\u00e1ticas, que nos enfrentar\u00e1 en este libro a retos apasionantes. La teor\u00eda de probabilidades aplicada al Monopoly, las estrategias ganadoras en juegos matem\u00e1ticos, por qu\u00e9 cada cultura tiene su propio calendario, demostraciones de imposibilidad, por qu\u00e9 las tostadas caen siempre del lado de la mantequilla, o cu\u00e1ntos trabajadores fueron necesarios para construir la Gran Pir\u00e1mide de Qu\u00e9ope son algunos de los temas que el profesor Stewart aborda y desgrana en las p\u00e1ginas de este libro fascinante.<\/p>\n","protected":false},"excerpt":{"rendered":"<p>STEWART, IAN<\/p>\n","protected":false},"featured_media":108926,"template":"","meta":{"_acf_changed":false,"om_disable_all_campaigns":false,"rs_blank_template":"","rs_page_bg_color":"","slide_template_v7":"","inline_featured_image":false,"_monsterinsights_skip_tracking":false,"_monsterinsights_sitenote_active":false,"_monsterinsights_sitenote_note":"","_monsterinsights_sitenote_category":0},"product_brand":[],"product_cat":[104],"product_tag":[],"class_list":{"0":"post-108925","1":"product","2":"type-product","3":"status-publish","4":"has-post-thumbnail","6":"product_cat-ciencia","8":"first","9":"instock","10":"taxable","11":"shipping-taxable","12":"purchasable","13":"product-type-simple"},"acf":{"editorial":[{"ID":6174,"post_author":"3","post_date":"2022-07-28 17:46:29","post_date_gmt":"2022-07-28 15:46:29","post_content":"","post_title":"CRITICA","post_excerpt":"","post_status":"publish","comment_status":"closed","ping_status":"closed","post_password":"","post_name":"critica","to_ping":"","pinged":"","post_modified":"2022-07-28 17:46:29","post_modified_gmt":"2022-07-28 15:46:29","post_content_filtered":"","post_parent":0,"guid":"http:\/\/dev.claret.cat\/editorial\/critica\/","menu_order":0,"post_type":"editorial","post_mime_type":"","comment_count":"0","filter":"raw"}],"autor":"STEWART, IAN","codart":"849199212","libros-coleccion":"Drakontos","ediciones":"1","encuadernacion":"R\u00fastica","fecha_de_publicacion":"01\/07\/2020","novedad":"1","paginas":"252","subtitulo":"","orden":"0","portada":"0","idioma":"spa","autores-libros":[{"ID":157717,"post_author":"3","post_date":"2022-10-14 15:31:03","post_date_gmt":"2022-10-14 13:31:03","post_content":"","post_title":"IAN STEWART","post_excerpt":"","post_status":"publish","comment_status":"closed","ping_status":"closed","post_password":"","post_name":"ian-stewart","to_ping":"","pinged":"","post_modified":"2022-10-14 15:31:03","post_modified_gmt":"2022-10-14 13:31:03","post_content_filtered":"","post_parent":0,"guid":"http:\/\/dev.claret.cat\/autor\/ian-stewart\/","menu_order":0,"post_type":"autor","post_mime_type":"","comment_count":"0","filter":"raw"}]},"aioseo_notices":[],"_links":{"self":[{"href":"https:\/\/www.claret.cat\/es\/wp-json\/wp\/v2\/product\/108925","targetHints":{"allow":["GET"]}}],"collection":[{"href":"https:\/\/www.claret.cat\/es\/wp-json\/wp\/v2\/product"}],"about":[{"href":"https:\/\/www.claret.cat\/es\/wp-json\/wp\/v2\/types\/product"}],"wp:featuredmedia":[{"embeddable":true,"href":"https:\/\/www.claret.cat\/es\/wp-json\/wp\/v2\/media\/108926"}],"wp:attachment":[{"href":"https:\/\/www.claret.cat\/es\/wp-json\/wp\/v2\/media?parent=108925"}],"wp:term":[{"taxonomy":"product_brand","embeddable":true,"href":"https:\/\/www.claret.cat\/es\/wp-json\/wp\/v2\/product_brand?post=108925"},{"taxonomy":"product_cat","embeddable":true,"href":"https:\/\/www.claret.cat\/es\/wp-json\/wp\/v2\/product_cat?post=108925"},{"taxonomy":"product_tag","embeddable":true,"href":"https:\/\/www.claret.cat\/es\/wp-json\/wp\/v2\/product_tag?post=108925"}],"curies":[{"name":"wp","href":"https:\/\/api.w.org\/{rel}","templated":true}]}}