{"id":108940,"date":"2022-10-12T09:53:12","date_gmt":"2022-10-12T07:53:12","guid":{"rendered":"http:\/\/dev.claret.cat\/producte\/un-haz-de-naciones\/"},"modified":"2023-01-28T00:47:24","modified_gmt":"2023-01-27T23:47:24","slug":"un-haz-de-naciones-9788499429069","status":"publish","type":"product","link":"https:\/\/www.claret.cat\/es\/libro\/un-haz-de-naciones-9788499429069\/","title":{"rendered":"UN HAZ DE NACIONES"},"content":{"rendered":"<p>Un haz de naciones busca respuestas a la mayor crisis democr\u00e1tica y territorial de nuestra historia desde el fin del franquismo a partir de diversos \u00e1ngulos: el de un catal\u00e1n que ha defendido el reconocimiento nacional de Catalu\u00f1a, y de esta manera tambi\u00e9n una nueva concepci\u00f3n de Espa\u00f1a; el de un activista que ha explorado la necesidad de buscar nuevos momentos constituyentes para Catalu\u00f1a y Espa\u00f1a, ante la certeza de que el c\u00famulo de quiebras del sistema probablemente no es sorteable sin un reformismo radical o un nuevo comienzo; y el de un historiador, hecho que marca profundamente la mirada de este libro. <\/p>\n<p>Desde el convencimiento de que todo lo que hemos vivido en esta \u00faltima d\u00e9cada es solo pr\u00f3logo, el texto aborda cuestiones candentes como la relaci\u00f3n pasada, presente y futura entre los distintos proyectos nacionales que han poblado nuestra piel de toro, intensamente en el caso catal\u00e1n, vasco, gallego y andaluz, y Espa\u00f1a; el debate sobre la(s) soberan\u00eda(s) y el Estado; la crisis de legitimidad del sistema pol\u00edtico en los \u00faltimos a\u00f1os; y la emergencia de nuevos proyectos pol\u00edticos y su evoluci\u00f3n, para dibujar finalmente distintas propuestas que puedan inaugurar nuevos caminos de salida a las crisis pol\u00edticas, democr\u00e1ticas y nacionales actuales. Todo ello desde una perspectiva hist\u00f3rica comparada que hunde sus ra\u00edces en el nacimiento de nuestra contemporaneidad para llegar hasta nuestros d\u00edas.<\/p>\n","protected":false},"excerpt":{"rendered":"<p>DOM\u00c8NECH, XAVIER<\/p>\n","protected":false},"featured_media":108941,"template":"","meta":{"_acf_changed":false,"om_disable_all_campaigns":false,"rs_blank_template":"","rs_page_bg_color":"","slide_template_v7":"","inline_featured_image":false,"_monsterinsights_skip_tracking":false,"_monsterinsights_sitenote_active":false,"_monsterinsights_sitenote_note":"","_monsterinsights_sitenote_category":0},"product_brand":[],"product_cat":[120],"product_tag":[],"class_list":{"0":"post-108940","1":"product","2":"type-product","3":"status-publish","4":"has-post-thumbnail","6":"product_cat-politica","8":"first","9":"instock","10":"taxable","11":"shipping-taxable","12":"purchasable","13":"product-type-simple"},"acf":{"editorial":[{"ID":6208,"post_author":"3","post_date":"2022-07-28 17:47:11","post_date_gmt":"2022-07-28 15:47:11","post_content":"","post_title":"Ediciones Pen\u00ednsula","post_excerpt":"","post_status":"publish","comment_status":"closed","ping_status":"closed","post_password":"","post_name":"ediciones-peninsula","to_ping":"","pinged":"","post_modified":"2022-07-28 17:47:11","post_modified_gmt":"2022-07-28 15:47:11","post_content_filtered":"","post_parent":0,"guid":"http:\/\/dev.claret.cat\/editorial\/ediciones-peninsula\/","menu_order":0,"post_type":"editorial","post_mime_type":"","comment_count":"0","filter":"raw"}],"autor":"DOM\u00c8NECH, XAVIER","codart":"849942906","libros-coleccion":"Atalaya","ediciones":"1","encuadernacion":"R\u00fastica","fecha_de_publicacion":"01\/07\/2020","novedad":"1","paginas":"384","subtitulo":"EL ESTADO Y LA PLURINACIONALIDAD EN ESPA\u00d1A (1830-2017)","orden":"0","portada":"0","idioma":"spa","autores-libros":[{"ID":171437,"post_author":"3","post_date":"2022-10-14 22:43:23","post_date_gmt":"2022-10-14 20:43:23","post_content":"","post_title":"XAVIER DOM\u00c8NECH","post_excerpt":"","post_status":"publish","comment_status":"closed","ping_status":"closed","post_password":"","post_name":"xavier-domenech","to_ping":"","pinged":"","post_modified":"2022-10-14 22:43:23","post_modified_gmt":"2022-10-14 20:43:23","post_content_filtered":"","post_parent":0,"guid":"http:\/\/dev.claret.cat\/autor\/xavier-domenech\/","menu_order":0,"post_type":"autor","post_mime_type":"","comment_count":"0","filter":"raw"}]},"aioseo_notices":[],"_links":{"self":[{"href":"https:\/\/www.claret.cat\/es\/wp-json\/wp\/v2\/product\/108940","targetHints":{"allow":["GET"]}}],"collection":[{"href":"https:\/\/www.claret.cat\/es\/wp-json\/wp\/v2\/product"}],"about":[{"href":"https:\/\/www.claret.cat\/es\/wp-json\/wp\/v2\/types\/product"}],"wp:featuredmedia":[{"embeddable":true,"href":"https:\/\/www.claret.cat\/es\/wp-json\/wp\/v2\/media\/108941"}],"wp:attachment":[{"href":"https:\/\/www.claret.cat\/es\/wp-json\/wp\/v2\/media?parent=108940"}],"wp:term":[{"taxonomy":"product_brand","embeddable":true,"href":"https:\/\/www.claret.cat\/es\/wp-json\/wp\/v2\/product_brand?post=108940"},{"taxonomy":"product_cat","embeddable":true,"href":"https:\/\/www.claret.cat\/es\/wp-json\/wp\/v2\/product_cat?post=108940"},{"taxonomy":"product_tag","embeddable":true,"href":"https:\/\/www.claret.cat\/es\/wp-json\/wp\/v2\/product_tag?post=108940"}],"curies":[{"name":"wp","href":"https:\/\/api.w.org\/{rel}","templated":true}]}}