{"id":1089667,"date":"2026-03-12T16:35:49","date_gmt":"2026-03-12T15:35:49","guid":{"rendered":"https:\/\/www.claret.cat\/llibre\/bloc-de-logica-16-tiempo-de-diversion-9789493361966\/"},"modified":"2026-04-02T12:30:07","modified_gmt":"2026-04-02T10:30:07","slug":"bloc-de-logica-16-tiempo-de-diversion-9789493361966","status":"publish","type":"product","link":"https:\/\/www.claret.cat\/es\/libro\/bloc-de-logica-16-tiempo-de-diversion-9789493361966\/","title":{"rendered":"BLOC DE L\u00d3GICA 16 (&#8216;TIEMPO DE DIVERSI\u00d3N&#8217;)"},"content":{"rendered":"<p>Cuaderno de l\u00f3gica con 288 p\u00e1ginas de ejercicios dise\u00f1ados para estimular el razonamiento, la concentraci\u00f3n y la agilidad mental, ideal para todas las edades.<\/p>\n","protected":false},"excerpt":{"rendered":"<p>AA.VV.<\/p>\n","protected":false},"featured_media":1090102,"template":"","meta":{"_acf_changed":false,"om_disable_all_campaigns":false,"rs_blank_template":"","rs_page_bg_color":"","slide_template_v7":"","inline_featured_image":false,"_monsterinsights_skip_tracking":false,"_monsterinsights_sitenote_active":false,"_monsterinsights_sitenote_note":"","_monsterinsights_sitenote_category":0},"product_brand":[],"product_cat":[90,540],"product_tag":[],"class_list":{"0":"post-1089667","1":"product","2":"type-product","3":"status-publish","4":"has-post-thumbnail","6":"product_cat-altres","7":"product_cat-otros","9":"first","10":"instock","11":"taxable","12":"shipping-taxable","13":"purchasable","14":"product-type-simple"},"acf":{"autor":"AA.VV.","codart":"949336196","libros-coleccion":"","ediciones":"1","encuadernacion":"R\u00fastica","fecha_de_publicacion":"01\/03\/2026","novedad":"1","paginas":"288","subtitulo":"","orden":"0","portada":"0","idioma":"spa","booktrailer":"","resenas":"","editorial":[{"ID":6305,"post_author":"3","post_date":"2022-07-28 17:49:20","post_date_gmt":"2022-07-28 15:49:20","post_content":"","post_title":"MEGASTAR","post_excerpt":"","post_status":"publish","comment_status":"closed","ping_status":"closed","post_password":"","post_name":"megastar","to_ping":"","pinged":"","post_modified":"2022-07-28 17:49:20","post_modified_gmt":"2022-07-28 15:49:20","post_content_filtered":"","post_parent":0,"guid":"http:\/\/dev.claret.cat\/editorial\/megastar\/","menu_order":0,"post_type":"editorial","post_mime_type":"","comment_count":"0","filter":"raw"}]},"aioseo_notices":[],"_links":{"self":[{"href":"https:\/\/www.claret.cat\/es\/wp-json\/wp\/v2\/product\/1089667","targetHints":{"allow":["GET"]}}],"collection":[{"href":"https:\/\/www.claret.cat\/es\/wp-json\/wp\/v2\/product"}],"about":[{"href":"https:\/\/www.claret.cat\/es\/wp-json\/wp\/v2\/types\/product"}],"wp:featuredmedia":[{"embeddable":true,"href":"https:\/\/www.claret.cat\/es\/wp-json\/wp\/v2\/media\/1090102"}],"wp:attachment":[{"href":"https:\/\/www.claret.cat\/es\/wp-json\/wp\/v2\/media?parent=1089667"}],"wp:term":[{"taxonomy":"product_brand","embeddable":true,"href":"https:\/\/www.claret.cat\/es\/wp-json\/wp\/v2\/product_brand?post=1089667"},{"taxonomy":"product_cat","embeddable":true,"href":"https:\/\/www.claret.cat\/es\/wp-json\/wp\/v2\/product_cat?post=1089667"},{"taxonomy":"product_tag","embeddable":true,"href":"https:\/\/www.claret.cat\/es\/wp-json\/wp\/v2\/product_tag?post=1089667"}],"curies":[{"name":"wp","href":"https:\/\/api.w.org\/{rel}","templated":true}]}}