{"id":1090079,"date":"2026-03-13T16:40:02","date_gmt":"2026-03-13T15:40:02","guid":{"rendered":"https:\/\/www.claret.cat\/llibre\/mi-primera-comunion-estuche-con-misal-9788428572163\/"},"modified":"2026-04-24T13:32:29","modified_gmt":"2026-04-24T11:32:29","slug":"mi-primera-comunion-estuche-con-misal-9788428572163","status":"publish","type":"product","link":"https:\/\/www.claret.cat\/es\/libro\/mi-primera-comunion-estuche-con-misal-9788428572163\/","title":{"rendered":"MI PRIMERA COMUNI\u00d3N. ESTUCHE CON MISAL"},"content":{"rendered":"<p>Cl\u00e1sico librito donde se re\u00fanen explicaciones, oraciones y pasos a seguir en la misa y la vida de todo cristiano, \u00a1pero para ni\u00f1os! Este peque\u00f1o misal ha sido pensado y cuidadosamente elaborado para que los m\u00e1s peque\u00f1os que pronto se disponen a hacer la Primera Comuni\u00f3n \u2013o la han hecho ya\u2013 lo lleven consigo, lean y estudien con detenimiento, para comprender la importancia de los sacramentos, las virtudes, el vocabulario y el porqu\u00e9 de los ritos cristianos, en un c\u00f3modo y elegante formato que se convertir\u00e1, adem\u00e1s, un bonito recuerdo de un d\u00eda tan especial, con explicaciones sencillas y medidas para su edad y fant\u00e1sticas ilustraciones llenas de color y ternura.&nbsp;<\/p>\n","protected":false},"excerpt":{"rendered":"<p>EQUIPO SAN PABLO<\/p>\n","protected":false},"featured_media":1090080,"template":"","meta":{"_acf_changed":false,"om_disable_all_campaigns":false,"rs_blank_template":"","rs_page_bg_color":"","slide_template_v7":"","inline_featured_image":false,"_monsterinsights_skip_tracking":false,"_monsterinsights_sitenote_active":false,"_monsterinsights_sitenote_note":"","_monsterinsights_sitenote_category":0},"product_brand":[],"product_cat":[420,296,312,582],"product_tag":[],"class_list":{"0":"post-1090079","1":"product","2":"type-product","3":"status-publish","4":"has-post-thumbnail","6":"product_cat-biblias","7":"product_cat-biblies","8":"product_cat-portada","9":"product_cat-portada-es","11":"first","12":"instock","13":"taxable","14":"shipping-taxable","15":"purchasable","16":"product-type-simple"},"acf":{"autor":"EQUIPO SAN PABLO","codart":"842857216","libros-coleccion":"","ediciones":"1","encuadernacion":"Carton\u00e9","fecha_de_publicacion":"20\/03\/2025","novedad":"1","paginas":"130","subtitulo":"","orden":"0","portada":"0","idioma":"spa","booktrailer":"","resenas":"","editorial":[{"ID":6356,"post_author":"3","post_date":"2022-07-28 17:50:26","post_date_gmt":"2022-07-28 15:50:26","post_content":"","post_title":"SAN PABLO COMUNICACI\u00d3N","post_excerpt":"","post_status":"publish","comment_status":"closed","ping_status":"closed","post_password":"","post_name":"san-pablo-comunicacion","to_ping":"","pinged":"","post_modified":"2022-07-28 17:50:26","post_modified_gmt":"2022-07-28 15:50:26","post_content_filtered":"","post_parent":0,"guid":"http:\/\/dev.claret.cat\/editorial\/san-pablo-comunicacion\/","menu_order":0,"post_type":"editorial","post_mime_type":"","comment_count":"0","filter":"raw"}]},"aioseo_notices":[],"_links":{"self":[{"href":"https:\/\/www.claret.cat\/es\/wp-json\/wp\/v2\/product\/1090079","targetHints":{"allow":["GET"]}}],"collection":[{"href":"https:\/\/www.claret.cat\/es\/wp-json\/wp\/v2\/product"}],"about":[{"href":"https:\/\/www.claret.cat\/es\/wp-json\/wp\/v2\/types\/product"}],"wp:featuredmedia":[{"embeddable":true,"href":"https:\/\/www.claret.cat\/es\/wp-json\/wp\/v2\/media\/1090080"}],"wp:attachment":[{"href":"https:\/\/www.claret.cat\/es\/wp-json\/wp\/v2\/media?parent=1090079"}],"wp:term":[{"taxonomy":"product_brand","embeddable":true,"href":"https:\/\/www.claret.cat\/es\/wp-json\/wp\/v2\/product_brand?post=1090079"},{"taxonomy":"product_cat","embeddable":true,"href":"https:\/\/www.claret.cat\/es\/wp-json\/wp\/v2\/product_cat?post=1090079"},{"taxonomy":"product_tag","embeddable":true,"href":"https:\/\/www.claret.cat\/es\/wp-json\/wp\/v2\/product_tag?post=1090079"}],"curies":[{"name":"wp","href":"https:\/\/api.w.org\/{rel}","templated":true}]}}