{"id":109039,"date":"2022-10-12T09:54:38","date_gmt":"2022-10-12T07:54:38","guid":{"rendered":"http:\/\/dev.claret.cat\/producte\/dia-de-campo-en-la-luna\/"},"modified":"2024-02-12T17:18:43","modified_gmt":"2024-02-12T16:18:43","slug":"dia-de-campo-en-la-luna-9786075571379","status":"publish","type":"product","link":"https:\/\/www.claret.cat\/es\/libro\/dia-de-campo-en-la-luna-9786075571379\/","title":{"rendered":"D\u00cdA DE CAMPO EN LA LUNA"},"content":{"rendered":"<p>Es el futuro, as\u00ed que no tiene nada de raro que un grupo de estudiantes de primaria vaya de excursi\u00f3n a la Luna. Salen de la estaci\u00f3n espacial en su nave escolar y desembarcan para jugar y comer su lunch en el sat\u00e9lite. Pero mientras los dem\u00e1s exploran y se divierten en la superficie lunar, hay alguien que permanece lejos del grupo, dibujando con su caja de crayones, y que se dormir\u00e1 sin darse cuenta de que la nave se va \u00a1y nadie ha notado su ausencia! Por suerte pronto se encontrar\u00e1 con algunos seres lunares que tienen gran inter\u00e9s por sus colores. Y \u00e9sa no es la \u00fanica sorpresa que le espera al lector.<\/p>\n","protected":false},"excerpt":{"rendered":"<p>HARE, JOHN<\/p>\n","protected":false},"featured_media":109040,"template":"","meta":{"_acf_changed":false,"om_disable_all_campaigns":false,"rs_blank_template":"","rs_page_bg_color":"","slide_template_v7":"","inline_featured_image":false,"_monsterinsights_skip_tracking":false,"_monsterinsights_sitenote_active":false,"_monsterinsights_sitenote_note":"","_monsterinsights_sitenote_category":0},"product_brand":[],"product_cat":[132,362],"product_tag":[],"class_list":{"0":"post-109039","1":"product","2":"type-product","3":"status-publish","4":"has-post-thumbnail","6":"product_cat-lectures-per-preadolescents-6-12-anys","7":"product_cat-libros-preadolescentes-6-12-anos","9":"first","10":"instock","11":"taxable","12":"shipping-taxable","13":"purchasable","14":"product-type-simple"},"acf":{"editorial":[{"ID":6319,"post_author":"3","post_date":"2022-07-28 17:49:38","post_date_gmt":"2022-07-28 15:49:38","post_content":"","post_title":"Oc\u00e9ano Traves\u00eda","post_excerpt":"","post_status":"publish","comment_status":"closed","ping_status":"closed","post_password":"","post_name":"oceano-travesia","to_ping":"","pinged":"","post_modified":"2022-07-28 17:49:38","post_modified_gmt":"2022-07-28 15:49:38","post_content_filtered":"","post_parent":0,"guid":"http:\/\/dev.claret.cat\/editorial\/oceano-travesia\/","menu_order":0,"post_type":"editorial","post_mime_type":"","comment_count":"0","filter":"raw"}],"autores-libros":[{"ID":159649,"post_author":"3","post_date":"2022-10-14 15:46:35","post_date_gmt":"2022-10-14 13:46:35","post_content":"","post_title":"JOHN HARE","post_excerpt":"","post_status":"publish","comment_status":"closed","ping_status":"closed","post_password":"","post_name":"john-hare","to_ping":"","pinged":"","post_modified":"2022-10-14 15:46:35","post_modified_gmt":"2022-10-14 13:46:35","post_content_filtered":"","post_parent":0,"guid":"http:\/\/dev.claret.cat\/autor\/john-hare\/","menu_order":0,"post_type":"autor","post_mime_type":"","comment_count":"0","filter":"raw"}],"autor":"HARE, JOHN","codart":"607557137","libros-coleccion":"ALBUMES","ediciones":"1","encuadernacion":"R\u00fastica","fecha_de_publicacion":"01\/02\/2020","novedad":"1","paginas":"40","subtitulo":"","orden":"0","portada":"0","idioma":"spa"},"aioseo_notices":[],"_links":{"self":[{"href":"https:\/\/www.claret.cat\/es\/wp-json\/wp\/v2\/product\/109039","targetHints":{"allow":["GET"]}}],"collection":[{"href":"https:\/\/www.claret.cat\/es\/wp-json\/wp\/v2\/product"}],"about":[{"href":"https:\/\/www.claret.cat\/es\/wp-json\/wp\/v2\/types\/product"}],"wp:featuredmedia":[{"embeddable":true,"href":"https:\/\/www.claret.cat\/es\/wp-json\/wp\/v2\/media\/109040"}],"wp:attachment":[{"href":"https:\/\/www.claret.cat\/es\/wp-json\/wp\/v2\/media?parent=109039"}],"wp:term":[{"taxonomy":"product_brand","embeddable":true,"href":"https:\/\/www.claret.cat\/es\/wp-json\/wp\/v2\/product_brand?post=109039"},{"taxonomy":"product_cat","embeddable":true,"href":"https:\/\/www.claret.cat\/es\/wp-json\/wp\/v2\/product_cat?post=109039"},{"taxonomy":"product_tag","embeddable":true,"href":"https:\/\/www.claret.cat\/es\/wp-json\/wp\/v2\/product_tag?post=109039"}],"curies":[{"name":"wp","href":"https:\/\/api.w.org\/{rel}","templated":true}]}}