{"id":109055,"date":"2022-10-12T09:54:54","date_gmt":"2022-10-12T07:54:54","guid":{"rendered":"http:\/\/dev.claret.cat\/producte\/lo-mejor-de-asturias-1\/"},"modified":"2023-01-28T03:03:55","modified_gmt":"2023-01-28T02:03:55","slug":"lo-mejor-de-asturias-1-9788408223610","status":"publish","type":"product","link":"https:\/\/www.claret.cat\/es\/libro\/lo-mejor-de-asturias-1-9788408223610\/","title":{"rendered":"LO MEJOR DE ASTURIAS 1"},"content":{"rendered":"<p>Asturias alberga un sinf\u00edn de sorpresas capaces de seducir a todo tipo de viajeros. Oviedo es una ciudad rebosante de iglesias y palacios que atrae por su belleza y su animado ambiente, pero m\u00e1s all\u00e1 de la capital, esperan tambi\u00e9n otras ciudades que no defraudar\u00e1n al visitante, como la bulliciosa y sorprendente Gij\u00f3n, o la industrial Avil\u00e9s, con un casco medieval muy bien conservado. Y adem\u00e1s de sus atractivos urbanos, Asturias ofrece tambi\u00e9n una pl\u00e9tora de tesoros naturales: un hermoso litoral salpicado por recoletas villas marineras, y numerosas y pl\u00e1cidas playas, un interior repleto de tupidos bosques con aldeas en las que el tiempo parece haberse detenido\u2026 y por supuesto, las ic\u00f3nicas monta\u00f1as de los Picos de Europa, surcadas por senderos de incre\u00edble belleza y un para\u00edso absoluto para los amantes de la naturaleza y el excursionismo. Con esta gu\u00eda el viajero podr\u00e1, sea cual sea su inter\u00e9s, sacar el m\u00e1ximo partido a la regi\u00f3n.<\/p>\n","protected":false},"excerpt":{"rendered":"<p>BASSI, GIACOMO<\/p>\n","protected":false},"featured_media":109056,"template":"","meta":{"_acf_changed":false,"om_disable_all_campaigns":false,"rs_blank_template":"","rs_page_bg_color":"","slide_template_v7":"","inline_featured_image":false,"_monsterinsights_skip_tracking":false,"_monsterinsights_sitenote_active":false,"_monsterinsights_sitenote_note":"","_monsterinsights_sitenote_category":0},"product_brand":[],"product_cat":[107],"product_tag":[],"class_list":{"0":"post-109055","1":"product","2":"type-product","3":"status-publish","4":"has-post-thumbnail","6":"product_cat-guies-de-viatge","8":"first","9":"instock","10":"taxable","11":"shipping-taxable","12":"purchasable","13":"product-type-simple"},"acf":{"editorial":[{"ID":6233,"post_author":"3","post_date":"2022-07-28 17:47:48","post_date_gmt":"2022-07-28 15:47:48","post_content":"","post_title":"EDITORIAL PLANETA","post_excerpt":"","post_status":"publish","comment_status":"closed","ping_status":"closed","post_password":"","post_name":"editorial-planeta","to_ping":"","pinged":"","post_modified":"2022-07-28 17:47:48","post_modified_gmt":"2022-07-28 15:47:48","post_content_filtered":"","post_parent":0,"guid":"http:\/\/dev.claret.cat\/editorial\/editorial-planeta\/","menu_order":0,"post_type":"editorial","post_mime_type":"","comment_count":"0","filter":"raw"}],"autores-libros":[{"ID":156846,"post_author":"3","post_date":"2022-10-14 15:24:05","post_date_gmt":"2022-10-14 13:24:05","post_content":"","post_title":"GIACOMO BASSI","post_excerpt":"","post_status":"publish","comment_status":"closed","ping_status":"closed","post_password":"","post_name":"giacomo-bassi","to_ping":"","pinged":"","post_modified":"2022-10-14 15:24:05","post_modified_gmt":"2022-10-14 13:24:05","post_content_filtered":"","post_parent":0,"guid":"http:\/\/dev.claret.cat\/autor\/giacomo-bassi\/","menu_order":0,"post_type":"autor","post_mime_type":"","comment_count":"0","filter":"raw"}],"autor":"BASSI, GIACOMO","codart":"840822361","libros-coleccion":"FORA DE COL.LECCI\u00d3","ediciones":"1","encuadernacion":"R\u00fastica","fecha_de_publicacion":"01\/06\/2020","novedad":"1","paginas":"274","subtitulo":"","orden":"0","portada":"0","idioma":"spa"},"aioseo_notices":[],"_links":{"self":[{"href":"https:\/\/www.claret.cat\/es\/wp-json\/wp\/v2\/product\/109055","targetHints":{"allow":["GET"]}}],"collection":[{"href":"https:\/\/www.claret.cat\/es\/wp-json\/wp\/v2\/product"}],"about":[{"href":"https:\/\/www.claret.cat\/es\/wp-json\/wp\/v2\/types\/product"}],"wp:featuredmedia":[{"embeddable":true,"href":"https:\/\/www.claret.cat\/es\/wp-json\/wp\/v2\/media\/109056"}],"wp:attachment":[{"href":"https:\/\/www.claret.cat\/es\/wp-json\/wp\/v2\/media?parent=109055"}],"wp:term":[{"taxonomy":"product_brand","embeddable":true,"href":"https:\/\/www.claret.cat\/es\/wp-json\/wp\/v2\/product_brand?post=109055"},{"taxonomy":"product_cat","embeddable":true,"href":"https:\/\/www.claret.cat\/es\/wp-json\/wp\/v2\/product_cat?post=109055"},{"taxonomy":"product_tag","embeddable":true,"href":"https:\/\/www.claret.cat\/es\/wp-json\/wp\/v2\/product_tag?post=109055"}],"curies":[{"name":"wp","href":"https:\/\/api.w.org\/{rel}","templated":true}]}}