{"id":109058,"date":"2022-10-12T09:54:56","date_gmt":"2022-10-12T07:54:56","guid":{"rendered":"http:\/\/dev.claret.cat\/producte\/tenerife-de-cerca-1\/"},"modified":"2023-01-28T08:10:35","modified_gmt":"2023-01-28T07:10:35","slug":"tenerife-de-cerca-1-9788408221654","status":"publish","type":"product","link":"https:\/\/www.claret.cat\/es\/libro\/tenerife-de-cerca-1-9788408221654\/","title":{"rendered":"TENERIFE DE CERCA 1"},"content":{"rendered":"<p>Tenerife es la gran dama del archipi\u00e9lago canario, incluso con sus t\u00edpicos resorts listos para el turismo del todo incluido. Pero hay que ponerse el sombrero de explorador e ir m\u00e1s all\u00e1 de los lugares tur\u00edsticos. Entonces, ser\u00e1 f\u00e1cil descubrir una isla de una extraordinaria belleza y diversidad, con remotas aldeas monta\u00f1esas, espectaculares plantaciones y encantadoras ciudades coloniales cargadas de historia y cultura.<\/p>\n","protected":false},"excerpt":{"rendered":"<p>HARPER, DAMIAN \/ CORNE, LUCY<\/p>\n","protected":false},"featured_media":109059,"template":"","meta":{"_acf_changed":false,"om_disable_all_campaigns":false,"rs_blank_template":"","rs_page_bg_color":"","slide_template_v7":"","inline_featured_image":false,"_monsterinsights_skip_tracking":false,"_monsterinsights_sitenote_active":false,"_monsterinsights_sitenote_note":"","_monsterinsights_sitenote_category":0},"product_brand":[],"product_cat":[107],"product_tag":[],"class_list":{"0":"post-109058","1":"product","2":"type-product","3":"status-publish","4":"has-post-thumbnail","6":"product_cat-guies-de-viatge","8":"first","9":"instock","10":"taxable","11":"shipping-taxable","12":"purchasable","13":"product-type-simple"},"acf":{"editorial":[{"ID":6233,"post_author":"3","post_date":"2022-07-28 17:47:48","post_date_gmt":"2022-07-28 15:47:48","post_content":"","post_title":"EDITORIAL PLANETA","post_excerpt":"","post_status":"publish","comment_status":"closed","ping_status":"closed","post_password":"","post_name":"editorial-planeta","to_ping":"","pinged":"","post_modified":"2022-07-28 17:47:48","post_modified_gmt":"2022-07-28 15:47:48","post_content_filtered":"","post_parent":0,"guid":"http:\/\/dev.claret.cat\/editorial\/editorial-planeta\/","menu_order":0,"post_type":"editorial","post_mime_type":"","comment_count":"0","filter":"raw"}],"autores-libros":[{"ID":162624,"post_author":"3","post_date":"2022-10-14 17:32:30","post_date_gmt":"2022-10-14 15:32:30","post_content":"","post_title":"LUCY CORNE","post_excerpt":"","post_status":"publish","comment_status":"closed","ping_status":"closed","post_password":"","post_name":"lucy-corne","to_ping":"","pinged":"","post_modified":"2022-10-14 17:32:30","post_modified_gmt":"2022-10-14 15:32:30","post_content_filtered":"","post_parent":0,"guid":"http:\/\/dev.claret.cat\/autor\/lucy-corne\/","menu_order":0,"post_type":"autor","post_mime_type":"","comment_count":"0","filter":"raw"},{"ID":153497,"post_author":"3","post_date":"2022-10-14 14:57:14","post_date_gmt":"2022-10-14 12:57:14","post_content":"","post_title":"DAMIAN HARPER","post_excerpt":"","post_status":"publish","comment_status":"closed","ping_status":"closed","post_password":"","post_name":"damian-harper","to_ping":"","pinged":"","post_modified":"2022-10-14 14:57:14","post_modified_gmt":"2022-10-14 12:57:14","post_content_filtered":"","post_parent":0,"guid":"http:\/\/dev.claret.cat\/autor\/damian-harper\/","menu_order":0,"post_type":"autor","post_mime_type":"","comment_count":"0","filter":"raw"}],"autor":"HARPER, DAMIAN \/ CORNE, LUCY","codart":"840822165","libros-coleccion":"GEOPLANETA DE CERCA","ediciones":"1","encuadernacion":"R\u00fastica","fecha_de_publicacion":"01\/02\/2020","novedad":"1","paginas":"160","subtitulo":"","orden":"0","portada":"0","idioma":"spa"},"aioseo_notices":[],"_links":{"self":[{"href":"https:\/\/www.claret.cat\/es\/wp-json\/wp\/v2\/product\/109058","targetHints":{"allow":["GET"]}}],"collection":[{"href":"https:\/\/www.claret.cat\/es\/wp-json\/wp\/v2\/product"}],"about":[{"href":"https:\/\/www.claret.cat\/es\/wp-json\/wp\/v2\/types\/product"}],"wp:featuredmedia":[{"embeddable":true,"href":"https:\/\/www.claret.cat\/es\/wp-json\/wp\/v2\/media\/109059"}],"wp:attachment":[{"href":"https:\/\/www.claret.cat\/es\/wp-json\/wp\/v2\/media?parent=109058"}],"wp:term":[{"taxonomy":"product_brand","embeddable":true,"href":"https:\/\/www.claret.cat\/es\/wp-json\/wp\/v2\/product_brand?post=109058"},{"taxonomy":"product_cat","embeddable":true,"href":"https:\/\/www.claret.cat\/es\/wp-json\/wp\/v2\/product_cat?post=109058"},{"taxonomy":"product_tag","embeddable":true,"href":"https:\/\/www.claret.cat\/es\/wp-json\/wp\/v2\/product_tag?post=109058"}],"curies":[{"name":"wp","href":"https:\/\/api.w.org\/{rel}","templated":true}]}}