{"id":109061,"date":"2022-10-12T09:54:59","date_gmt":"2022-10-12T07:54:59","guid":{"rendered":"http:\/\/dev.claret.cat\/producte\/canarias-3\/"},"modified":"2023-01-27T23:44:00","modified_gmt":"2023-01-27T22:44:00","slug":"canarias-3-9788408221296","status":"publish","type":"product","link":"https:\/\/www.claret.cat\/es\/libro\/canarias-3-9788408221296\/","title":{"rendered":"CANARIAS 3"},"content":{"rendered":"<p>Arom\u00e1ticos pinares, volcanes impresionantes, paisajes lunares, calas arenosas, kil\u00f3metros de dunas como las del S\u00e1hara, centros vacacionales de playa: las bellas y singulares islas Canarias tienen muchas caras, y todas son igual de tentadoras.Los amantes de las Canarias conocen un c\u00e1lido secreto: estas remotas y relucientes islas ofrecen mucho m\u00e1s de lo que muchos esperan. Es un rinc\u00f3n fascinante y maravillosamente variado que dibuja una sonrisa en el viajero en cuanto aterriza en las costas volc\u00e1nicas de Lanzarote, camina por la m\u00e1gica laurisilva de La Gomera o se escapa a las piscinas naturales de la distante El Hierro.<\/p>\n","protected":false},"excerpt":{"rendered":"<p>NOBLE, ISABELLA \/ HARPER, DAMIAN<\/p>\n","protected":false},"featured_media":109062,"template":"","meta":{"_acf_changed":false,"om_disable_all_campaigns":false,"rs_blank_template":"","rs_page_bg_color":"","slide_template_v7":"","inline_featured_image":false,"_monsterinsights_skip_tracking":false,"_monsterinsights_sitenote_active":false,"_monsterinsights_sitenote_note":"","_monsterinsights_sitenote_category":0},"product_brand":[],"product_cat":[107],"product_tag":[],"class_list":{"0":"post-109061","1":"product","2":"type-product","3":"status-publish","4":"has-post-thumbnail","6":"product_cat-guies-de-viatge","8":"first","9":"instock","10":"taxable","11":"shipping-taxable","12":"purchasable","13":"product-type-simple"},"acf":{"editorial":[{"ID":6233,"post_author":"3","post_date":"2022-07-28 17:47:48","post_date_gmt":"2022-07-28 15:47:48","post_content":"","post_title":"EDITORIAL PLANETA","post_excerpt":"","post_status":"publish","comment_status":"closed","ping_status":"closed","post_password":"","post_name":"editorial-planeta","to_ping":"","pinged":"","post_modified":"2022-07-28 17:47:48","post_modified_gmt":"2022-07-28 15:47:48","post_content_filtered":"","post_parent":0,"guid":"http:\/\/dev.claret.cat\/editorial\/editorial-planeta\/","menu_order":0,"post_type":"editorial","post_mime_type":"","comment_count":"0","filter":"raw"}],"autores-libros":[{"ID":158102,"post_author":"3","post_date":"2022-10-14 15:34:10","post_date_gmt":"2022-10-14 13:34:10","post_content":"","post_title":"ISABELLA NOBLE","post_excerpt":"","post_status":"publish","comment_status":"closed","ping_status":"closed","post_password":"","post_name":"isabella-noble","to_ping":"","pinged":"","post_modified":"2022-10-14 15:34:10","post_modified_gmt":"2022-10-14 13:34:10","post_content_filtered":"","post_parent":0,"guid":"http:\/\/dev.claret.cat\/autor\/isabella-noble\/","menu_order":0,"post_type":"autor","post_mime_type":"","comment_count":"0","filter":"raw"},{"ID":153497,"post_author":"3","post_date":"2022-10-14 14:57:14","post_date_gmt":"2022-10-14 12:57:14","post_content":"","post_title":"DAMIAN HARPER","post_excerpt":"","post_status":"publish","comment_status":"closed","ping_status":"closed","post_password":"","post_name":"damian-harper","to_ping":"","pinged":"","post_modified":"2022-10-14 14:57:14","post_modified_gmt":"2022-10-14 12:57:14","post_content_filtered":"","post_parent":0,"guid":"http:\/\/dev.claret.cat\/autor\/damian-harper\/","menu_order":0,"post_type":"autor","post_mime_type":"","comment_count":"0","filter":"raw"}],"autor":"NOBLE, ISABELLA \/ HARPER, DAMIAN","codart":"840822129","libros-coleccion":"GEOPLANETA","ediciones":"1","encuadernacion":"R\u00fastica","fecha_de_publicacion":"01\/02\/2020","novedad":"1","paginas":"288","subtitulo":"","orden":"0","portada":"0","idioma":"spa"},"aioseo_notices":[],"_links":{"self":[{"href":"https:\/\/www.claret.cat\/es\/wp-json\/wp\/v2\/product\/109061","targetHints":{"allow":["GET"]}}],"collection":[{"href":"https:\/\/www.claret.cat\/es\/wp-json\/wp\/v2\/product"}],"about":[{"href":"https:\/\/www.claret.cat\/es\/wp-json\/wp\/v2\/types\/product"}],"wp:featuredmedia":[{"embeddable":true,"href":"https:\/\/www.claret.cat\/es\/wp-json\/wp\/v2\/media\/109062"}],"wp:attachment":[{"href":"https:\/\/www.claret.cat\/es\/wp-json\/wp\/v2\/media?parent=109061"}],"wp:term":[{"taxonomy":"product_brand","embeddable":true,"href":"https:\/\/www.claret.cat\/es\/wp-json\/wp\/v2\/product_brand?post=109061"},{"taxonomy":"product_cat","embeddable":true,"href":"https:\/\/www.claret.cat\/es\/wp-json\/wp\/v2\/product_cat?post=109061"},{"taxonomy":"product_tag","embeddable":true,"href":"https:\/\/www.claret.cat\/es\/wp-json\/wp\/v2\/product_tag?post=109061"}],"curies":[{"name":"wp","href":"https:\/\/api.w.org\/{rel}","templated":true}]}}