{"id":109067,"date":"2022-10-12T09:55:04","date_gmt":"2022-10-12T07:55:04","guid":{"rendered":"http:\/\/dev.claret.cat\/producte\/valencia-de-cerca-3\/"},"modified":"2023-01-28T21:06:51","modified_gmt":"2023-01-28T20:06:51","slug":"valencia-de-cerca-3-9788408164739","status":"publish","type":"product","link":"https:\/\/www.claret.cat\/es\/libro\/valencia-de-cerca-3-9788408164739\/","title":{"rendered":"VALENCIA DE CERCA 3"},"content":{"rendered":"<p>La tercera mayor ciudad de Espa\u00f1a es magn\u00edfica, un enclave realmente agradable para vivir que disfruta de un vibrante panorama cultural y gastron\u00f3mico en auge y una animada vida nocturna. Cuenta con una fant\u00e1stica arquitectura contempor\u00e1nea y algunos edificios modernistas fabulosos, buenos museos y barrios antiguos con solera y car\u00e1cter. Toda la regi\u00f3n es famosa por los platos de arroz, como la paella; pero su gastronom\u00eda ofrece mucho m\u00e1s. Lo mismo que sus gentes, su forma de vida y sus barrios, como las casitas de Benimaclet o el aire mar\u00edtimo de El Cabanyal. Caminar por el antiguo cauce del Turia o vivir la noche en Russafa permite meterse bajo la piel de la ciudad y resulta especialmente gratificante explorar estas zonas por su marcado sabor local.<\/p>\n","protected":false},"excerpt":{"rendered":"<p>SYMINGTON, ANDY<\/p>\n","protected":false},"featured_media":109068,"template":"","meta":{"_acf_changed":false,"om_disable_all_campaigns":false,"rs_blank_template":"","rs_page_bg_color":"","slide_template_v7":"","inline_featured_image":false,"_monsterinsights_skip_tracking":false,"_monsterinsights_sitenote_active":false,"_monsterinsights_sitenote_note":"","_monsterinsights_sitenote_category":0},"product_brand":[],"product_cat":[107],"product_tag":[],"class_list":{"0":"post-109067","1":"product","2":"type-product","3":"status-publish","4":"has-post-thumbnail","6":"product_cat-guies-de-viatge","8":"first","9":"instock","10":"taxable","11":"shipping-taxable","12":"purchasable","13":"product-type-simple"},"acf":{"editorial":[{"ID":6233,"post_author":"3","post_date":"2022-07-28 17:47:48","post_date_gmt":"2022-07-28 15:47:48","post_content":"","post_title":"EDITORIAL PLANETA","post_excerpt":"","post_status":"publish","comment_status":"closed","ping_status":"closed","post_password":"","post_name":"editorial-planeta","to_ping":"","pinged":"","post_modified":"2022-07-28 17:47:48","post_modified_gmt":"2022-07-28 15:47:48","post_content_filtered":"","post_parent":0,"guid":"http:\/\/dev.claret.cat\/editorial\/editorial-planeta\/","menu_order":0,"post_type":"editorial","post_mime_type":"","comment_count":"0","filter":"raw"}],"autores-libros":[{"ID":150352,"post_author":"3","post_date":"2022-10-14 14:32:15","post_date_gmt":"2022-10-14 12:32:15","post_content":"","post_title":"ANDY SYMINGTON","post_excerpt":"","post_status":"publish","comment_status":"closed","ping_status":"closed","post_password":"","post_name":"andy-symington","to_ping":"","pinged":"","post_modified":"2022-10-14 14:32:15","post_modified_gmt":"2022-10-14 12:32:15","post_content_filtered":"","post_parent":0,"guid":"http:\/\/dev.claret.cat\/autor\/andy-symington\/","menu_order":0,"post_type":"autor","post_mime_type":"","comment_count":"0","filter":"raw"}],"autor":"SYMINGTON, ANDY","codart":"840816473","libros-coleccion":"De cerca Lonely Planet","ediciones":"1","encuadernacion":"R\u00fastica","fecha_de_publicacion":"01\/05\/2017","novedad":"1","paginas":"160","subtitulo":"","orden":"0","portada":"0","idioma":"spa"},"aioseo_notices":[],"_links":{"self":[{"href":"https:\/\/www.claret.cat\/es\/wp-json\/wp\/v2\/product\/109067","targetHints":{"allow":["GET"]}}],"collection":[{"href":"https:\/\/www.claret.cat\/es\/wp-json\/wp\/v2\/product"}],"about":[{"href":"https:\/\/www.claret.cat\/es\/wp-json\/wp\/v2\/types\/product"}],"wp:featuredmedia":[{"embeddable":true,"href":"https:\/\/www.claret.cat\/es\/wp-json\/wp\/v2\/media\/109068"}],"wp:attachment":[{"href":"https:\/\/www.claret.cat\/es\/wp-json\/wp\/v2\/media?parent=109067"}],"wp:term":[{"taxonomy":"product_brand","embeddable":true,"href":"https:\/\/www.claret.cat\/es\/wp-json\/wp\/v2\/product_brand?post=109067"},{"taxonomy":"product_cat","embeddable":true,"href":"https:\/\/www.claret.cat\/es\/wp-json\/wp\/v2\/product_cat?post=109067"},{"taxonomy":"product_tag","embeddable":true,"href":"https:\/\/www.claret.cat\/es\/wp-json\/wp\/v2\/product_tag?post=109067"}],"curies":[{"name":"wp","href":"https:\/\/api.w.org\/{rel}","templated":true}]}}