{"id":109112,"date":"2022-10-12T09:55:42","date_gmt":"2022-10-12T07:55:42","guid":{"rendered":"http:\/\/dev.claret.cat\/producte\/mixifu-i-la-llavor-magica\/"},"modified":"2026-02-24T18:35:44","modified_gmt":"2026-02-24T17:35:44","slug":"mixifu-i-la-llavor-magica-9788491015666","status":"publish","type":"product","link":"https:\/\/www.claret.cat\/es\/libro\/mixifu-i-la-llavor-magica-9788491015666\/","title":{"rendered":"MIXIF\u00da I LA LLAVOR M\u00c0GICA"},"content":{"rendered":"<p>Un passeig pel bosc \u00e9s una bona ocasi\u00f3 per observar l&#8221;entorn i meravellar-se. En Mixif\u00fa \u00e9s un gat juganer que mira el m\u00f3n amb curiositat. L&#8221;acompanyes? Un llibre amb mecanismes m\u00f2bils que ens descobreix la m\u00e0gia dels petits moments.<\/p>\n","protected":false},"excerpt":{"rendered":"<p>MART\u00cd ORRIOLS, MERITXELL<\/p>\n","protected":false},"featured_media":326419,"template":"","meta":{"_acf_changed":false,"om_disable_all_campaigns":false,"rs_blank_template":"","rs_page_bg_color":"","slide_template_v7":"","inline_featured_image":false,"_monsterinsights_skip_tracking":false,"_monsterinsights_sitenote_active":false,"_monsterinsights_sitenote_note":"","_monsterinsights_sitenote_category":0},"product_brand":[],"product_cat":[131,361],"product_tag":[],"class_list":{"0":"post-109112","1":"product","2":"type-product","3":"status-publish","4":"has-post-thumbnail","6":"product_cat-contes-per-infants-0-6-anys","7":"product_cat-cuentos-para-ninos-0-6-anos","9":"first","10":"instock","11":"taxable","12":"shipping-taxable","13":"purchasable","14":"product-type-simple"},"acf":{"editorial":[{"ID":147650,"post_author":"3","post_date":"2022-10-14 11:52:12","post_date_gmt":"2022-10-14 09:52:12","post_content":"","post_title":"COMBEL EDITORIL","post_excerpt":"","post_status":"publish","comment_status":"closed","ping_status":"closed","post_password":"","post_name":"combel-editoril","to_ping":"","pinged":"","post_modified":"2022-10-14 11:52:12","post_modified_gmt":"2022-10-14 09:52:12","post_content_filtered":"","post_parent":0,"guid":"http:\/\/dev.claret.cat\/editorial\/combel-editoril\/","menu_order":0,"post_type":"editorial","post_mime_type":"","comment_count":"0","filter":"raw"}],"autor":"MART\u00cd ORRIOLS, MERITXELL","codart":"849101566","libros-coleccion":"Mixif\u00fa","ediciones":"1","encuadernacion":"Carpeta","fecha_de_publicacion":"01\/02\/2020","novedad":"1","paginas":"16","subtitulo":"","orden":"0","portada":"0","idioma":"cat","autores-libros":[{"ID":164756,"post_author":"3","post_date":"2022-10-14 17:49:38","post_date_gmt":"2022-10-14 15:49:38","post_content":"","post_title":"MERITXELL MART\u00cd ORRIOLS","post_excerpt":"","post_status":"publish","comment_status":"closed","ping_status":"closed","post_password":"","post_name":"meritxell-marti-orriols","to_ping":"","pinged":"","post_modified":"2022-10-14 17:49:38","post_modified_gmt":"2022-10-14 15:49:38","post_content_filtered":"","post_parent":0,"guid":"http:\/\/dev.claret.cat\/autor\/meritxell-marti-orriols\/","menu_order":0,"post_type":"autor","post_mime_type":"","comment_count":"0","filter":"raw"}],"booktrailer":"","resenas":""},"aioseo_notices":[],"_links":{"self":[{"href":"https:\/\/www.claret.cat\/es\/wp-json\/wp\/v2\/product\/109112","targetHints":{"allow":["GET"]}}],"collection":[{"href":"https:\/\/www.claret.cat\/es\/wp-json\/wp\/v2\/product"}],"about":[{"href":"https:\/\/www.claret.cat\/es\/wp-json\/wp\/v2\/types\/product"}],"wp:featuredmedia":[{"embeddable":true,"href":"https:\/\/www.claret.cat\/es\/wp-json\/wp\/v2\/media\/326419"}],"wp:attachment":[{"href":"https:\/\/www.claret.cat\/es\/wp-json\/wp\/v2\/media?parent=109112"}],"wp:term":[{"taxonomy":"product_brand","embeddable":true,"href":"https:\/\/www.claret.cat\/es\/wp-json\/wp\/v2\/product_brand?post=109112"},{"taxonomy":"product_cat","embeddable":true,"href":"https:\/\/www.claret.cat\/es\/wp-json\/wp\/v2\/product_cat?post=109112"},{"taxonomy":"product_tag","embeddable":true,"href":"https:\/\/www.claret.cat\/es\/wp-json\/wp\/v2\/product_tag?post=109112"}],"curies":[{"name":"wp","href":"https:\/\/api.w.org\/{rel}","templated":true}]}}