{"id":1091128,"date":"2026-03-18T17:25:57","date_gmt":"2026-03-18T16:25:57","guid":{"rendered":"https:\/\/www.claret.cat\/llibre\/projecte-hail-mary-9788410254305\/"},"modified":"2026-04-14T16:20:37","modified_gmt":"2026-04-14T14:20:37","slug":"projecte-hail-mary-9788410254305","status":"publish","type":"product","link":"https:\/\/www.claret.cat\/es\/libro\/projecte-hail-mary-9788410254305\/","title":{"rendered":"PROJECTE HAIL MARY"},"content":{"rendered":"<p><strong>Ryland Grace<\/strong> \u00e9s l\u2019\u00fanic supervivent d\u2019una desesperada missi\u00f3, i <strong>si fracassa en aquesta \u00faltima oportunitat, la humanitat i la Terra mateixa moriran<\/strong>. Ara mateix, per\u00f2, ell no n\u2019\u00e9s conscient. Amb els seus companys de tripulaci\u00f3 morts, i una mem\u00f2ria emboirada, s\u2019adona que planta cara a una tasca impossible. Haur\u00e0 de desentrellar <strong>un misteri cient\u00edfic impossible<\/strong> i acabar amb una amena\u00e7a que podria <strong>extingir la nostra esp\u00e8cie<\/strong>. <\/p>\n<p><\/p>\n","protected":false},"excerpt":{"rendered":"<p>ANDY WEIR<\/p>\n","protected":false},"featured_media":1096825,"template":"","meta":{"_acf_changed":false,"om_disable_all_campaigns":false,"rs_blank_template":"","rs_page_bg_color":"","slide_template_v7":"","inline_featured_image":false,"_monsterinsights_skip_tracking":false,"_monsterinsights_sitenote_active":false,"_monsterinsights_sitenote_note":"","_monsterinsights_sitenote_category":0},"product_brand":[],"product_cat":[127,357],"product_tag":[],"class_list":{"0":"post-1091128","1":"product","2":"type-product","3":"status-publish","4":"has-post-thumbnail","6":"product_cat-novella-contemporania","7":"product_cat-novela-contemporanea","9":"first","10":"instock","11":"taxable","12":"shipping-taxable","13":"purchasable","14":"product-type-simple"},"acf":{"autor":"ANDY WEIR","codart":"841025430","libros-coleccion":"","ediciones":"1","encuadernacion":"R\u00fastica","fecha_de_publicacion":"01\/03\/2026","novedad":"1","paginas":"568","subtitulo":"","orden":"0","portada":"0","idioma":"cat","booktrailer":"","resenas":"","editorial":[{"ID":148493,"post_author":"3","post_date":"2022-10-14 11:58:41","post_date_gmt":"2022-10-14 09:58:41","post_content":"","post_title":"Mai M\u00e9s","post_excerpt":"","post_status":"publish","comment_status":"closed","ping_status":"closed","post_password":"","post_name":"mai-mes","to_ping":"","pinged":"","post_modified":"2022-10-14 11:58:41","post_modified_gmt":"2022-10-14 09:58:41","post_content_filtered":"","post_parent":0,"guid":"http:\/\/dev.claret.cat\/editorial\/mai-mes\/","menu_order":0,"post_type":"editorial","post_mime_type":"","comment_count":"0","filter":"raw"}]},"aioseo_notices":[],"_links":{"self":[{"href":"https:\/\/www.claret.cat\/es\/wp-json\/wp\/v2\/product\/1091128","targetHints":{"allow":["GET"]}}],"collection":[{"href":"https:\/\/www.claret.cat\/es\/wp-json\/wp\/v2\/product"}],"about":[{"href":"https:\/\/www.claret.cat\/es\/wp-json\/wp\/v2\/types\/product"}],"wp:featuredmedia":[{"embeddable":true,"href":"https:\/\/www.claret.cat\/es\/wp-json\/wp\/v2\/media\/1096825"}],"wp:attachment":[{"href":"https:\/\/www.claret.cat\/es\/wp-json\/wp\/v2\/media?parent=1091128"}],"wp:term":[{"taxonomy":"product_brand","embeddable":true,"href":"https:\/\/www.claret.cat\/es\/wp-json\/wp\/v2\/product_brand?post=1091128"},{"taxonomy":"product_cat","embeddable":true,"href":"https:\/\/www.claret.cat\/es\/wp-json\/wp\/v2\/product_cat?post=1091128"},{"taxonomy":"product_tag","embeddable":true,"href":"https:\/\/www.claret.cat\/es\/wp-json\/wp\/v2\/product_tag?post=1091128"}],"curies":[{"name":"wp","href":"https:\/\/api.w.org\/{rel}","templated":true}]}}