{"id":1091688,"date":"2026-03-23T12:40:34","date_gmt":"2026-03-23T11:40:34","guid":{"rendered":"https:\/\/www.claret.cat\/llibre\/la-pequena-oruga-glotona-album-ilustrado-9788448872717\/"},"modified":"2026-03-23T13:51:14","modified_gmt":"2026-03-23T12:51:14","slug":"la-pequena-oruga-glotona-album-ilustrado-9788448872717","status":"publish","type":"product","link":"https:\/\/www.claret.cat\/es\/libro\/la-pequena-oruga-glotona-album-ilustrado-9788448872717\/","title":{"rendered":"LA PEQUE\u00d1A ORUGA GLOTONA. \u00c1LBUM ILUSTRADO"},"content":{"rendered":"<p>El cl\u00e1sico de Eric Carle, La peque\u00f1a oruga glotona, ahora en formato \u00e1lbum ilustrado, perfecto para lectores a partir de 3 a\u00f1os. Una noche, a la luz de la luna llena, de un huevo muy peque\u00f1o sale una oruga muy muy muy hambrienta. P\u00e1gina a p\u00e1gina, atravesar\u00e1 muchas cosas de comer&#8230; hasta convertirse en la oruga m\u00e1s gorda que hayas visto. El primer libro creado, escrito e ilustrado por el original Eric Carle. P\u00e1ginas repletas de color cuentan una historia simple pero muy compleja: es la historia de una metamorfosis, la historia de una bonita transformaci\u00f3n. En resumen, uno de los cl\u00e1sicos fundamentales de la literatura infantil que llega al cat\u00e1logo de Beascoa en el formato en que todo comenz\u00f3.<\/p>\n","protected":false},"excerpt":{"rendered":"<p>ERIC CARLE<\/p>\n","protected":false},"featured_media":1091836,"template":"","meta":{"_acf_changed":false,"om_disable_all_campaigns":false,"rs_blank_template":"","rs_page_bg_color":"","slide_template_v7":"","inline_featured_image":false,"_monsterinsights_skip_tracking":false,"_monsterinsights_sitenote_active":false,"_monsterinsights_sitenote_note":"","_monsterinsights_sitenote_category":0},"product_brand":[],"product_cat":[131,361],"product_tag":[],"class_list":{"0":"post-1091688","1":"product","2":"type-product","3":"status-publish","4":"has-post-thumbnail","6":"product_cat-contes-per-infants-0-6-anys","7":"product_cat-cuentos-para-ninos-0-6-anos","9":"first","10":"instock","11":"taxable","12":"shipping-taxable","13":"purchasable","14":"product-type-simple"},"acf":{"autor":"ERIC CARLE","codart":"844887271","libros-coleccion":"","ediciones":"1","encuadernacion":"Carton\u00e9","fecha_de_publicacion":"01\/03\/2026","novedad":"1","paginas":"12","subtitulo":"C","orden":"0","portada":"0","idioma":"spa","booktrailer":"","resenas":"","editorial":[{"ID":6141,"post_author":"3","post_date":"2022-07-28 17:45:46","post_date_gmt":"2022-07-28 15:45:46","post_content":"","post_title":"BEASCOA","post_excerpt":"","post_status":"publish","comment_status":"closed","ping_status":"closed","post_password":"","post_name":"beascoa","to_ping":"","pinged":"","post_modified":"2022-07-28 17:45:46","post_modified_gmt":"2022-07-28 15:45:46","post_content_filtered":"","post_parent":0,"guid":"http:\/\/dev.claret.cat\/editorial\/beascoa\/","menu_order":0,"post_type":"editorial","post_mime_type":"","comment_count":"0","filter":"raw"}]},"aioseo_notices":[],"_links":{"self":[{"href":"https:\/\/www.claret.cat\/es\/wp-json\/wp\/v2\/product\/1091688","targetHints":{"allow":["GET"]}}],"collection":[{"href":"https:\/\/www.claret.cat\/es\/wp-json\/wp\/v2\/product"}],"about":[{"href":"https:\/\/www.claret.cat\/es\/wp-json\/wp\/v2\/types\/product"}],"wp:featuredmedia":[{"embeddable":true,"href":"https:\/\/www.claret.cat\/es\/wp-json\/wp\/v2\/media\/1091836"}],"wp:attachment":[{"href":"https:\/\/www.claret.cat\/es\/wp-json\/wp\/v2\/media?parent=1091688"}],"wp:term":[{"taxonomy":"product_brand","embeddable":true,"href":"https:\/\/www.claret.cat\/es\/wp-json\/wp\/v2\/product_brand?post=1091688"},{"taxonomy":"product_cat","embeddable":true,"href":"https:\/\/www.claret.cat\/es\/wp-json\/wp\/v2\/product_cat?post=1091688"},{"taxonomy":"product_tag","embeddable":true,"href":"https:\/\/www.claret.cat\/es\/wp-json\/wp\/v2\/product_tag?post=1091688"}],"curies":[{"name":"wp","href":"https:\/\/api.w.org\/{rel}","templated":true}]}}