{"id":1091691,"date":"2026-03-23T12:50:02","date_gmt":"2026-03-23T11:50:02","guid":{"rendered":"https:\/\/www.claret.cat\/llibre\/bhagavad-gita-edicion-bilingue-9788491050704\/"},"modified":"2026-03-26T16:55:14","modified_gmt":"2026-03-26T15:55:14","slug":"bhagavad-gita-edicion-bilingue-9788491050704","status":"publish","type":"product","link":"https:\/\/www.claret.cat\/es\/libro\/bhagavad-gita-edicion-bilingue-9788491050704\/","title":{"rendered":"BHAGAVAD GITA (EDICI\u00d3N BILING\u00dcE)"},"content":{"rendered":"<p>Un di\u00e1logo entre el dios y el hombre que muestra los caminos de la acci\u00f3n, la devoci\u00f3n y el conocimiento de Oriente. Traducci\u00f3n del s\u00e1nscrito de Jos\u00e9 Manuel Abeleira. Introducci\u00f3n de Juan Mascar\u00f3, profesor en la Universidad de Cambridge Este texto forma parte del libro VI del Mahabharata, y fue escrito probablemente en los siglos I o II a.C. No se conocen sus autores. Se presenta como un di\u00e1logo entre Arjuna y Krisna, en el campo de batalla, justo cuando va a empezar la guerra entre los Pandaras y los Kauravas. El miedo a la batalla inicia un di\u00e1logo a trav\u00e9s del cual se traza una sinopsis del pensamiento y experiencia religiosa de la India, que aglutina los caminos de la acci\u00f3n, la devoci\u00f3n y el conocimiento. A Juan Mascar\u00f3 se debe una de las traducciones m\u00e1s c\u00e9lebres de la Bhagavad Gita, que aqu\u00ed presentamos en versi\u00f3n castellana de Jos\u00e9 Manuel Abeleira frente al s\u00e1nscrito original.Mahatma Gandhi dijo&#8230;<br \/>\u00abCuando las dudas me persiguen, cuando la desilusi\u00f3n me mira fijamente a la cara y no veo ning\u00fan rayo de esperanza en el horizonte, me dirijo hacia Bhagavad Gita y busco un verso que me reconforte.\u00bb<\/p>\n","protected":false},"excerpt":{"rendered":"<p>AN\u00d3NIMO<\/p>\n","protected":false},"featured_media":1091692,"template":"","meta":{"_acf_changed":false,"om_disable_all_campaigns":false,"rs_blank_template":"","rs_page_bg_color":"","slide_template_v7":"","inline_featured_image":false,"_monsterinsights_skip_tracking":false,"_monsterinsights_sitenote_active":false,"_monsterinsights_sitenote_note":"","_monsterinsights_sitenote_category":0},"product_brand":[],"product_cat":[544,94],"product_tag":[],"class_list":{"0":"post-1091691","1":"product","2":"type-product","3":"status-publish","4":"has-post-thumbnail","6":"product_cat-religiones","7":"product_cat-religions","9":"first","10":"instock","11":"taxable","12":"shipping-taxable","13":"purchasable","14":"product-type-simple"},"acf":{"autor":"AN\u00d3NIMO","codart":"849105070","libros-coleccion":"PENGUIN CL\u00c1SICOS","ediciones":"1","encuadernacion":"R\u00fastica","fecha_de_publicacion":"01\/11\/2015","novedad":"0","paginas":"352","subtitulo":"CON INTRODUCCI\u00d3N DE UN PROFESOR DE LA UNIVERSIDAD DE CAMBRIDGE","orden":"0","portada":"0","idioma":"spa","booktrailer":"","resenas":"","editorial":[{"ID":148656,"post_author":"3","post_date":"2022-10-14 11:59:57","post_date_gmt":"2022-10-14 09:59:57","post_content":"","post_title":"PENGUIN CLASICOS","post_excerpt":"","post_status":"publish","comment_status":"closed","ping_status":"closed","post_password":"","post_name":"penguin-clasicos","to_ping":"","pinged":"","post_modified":"2022-10-14 11:59:57","post_modified_gmt":"2022-10-14 09:59:57","post_content_filtered":"","post_parent":0,"guid":"http:\/\/dev.claret.cat\/editorial\/penguin-clasicos\/","menu_order":0,"post_type":"editorial","post_mime_type":"","comment_count":"0","filter":"raw"}],"autores-libros":[{"ID":150745,"post_author":"3","post_date":"2022-10-14 14:35:24","post_date_gmt":"2022-10-14 12:35:24","post_content":"","post_title":"AN\u00d3NIMO","post_excerpt":"","post_status":"publish","comment_status":"closed","ping_status":"closed","post_password":"","post_name":"anonimo","to_ping":"","pinged":"","post_modified":"2022-10-14 14:35:24","post_modified_gmt":"2022-10-14 12:35:24","post_content_filtered":"","post_parent":0,"guid":"http:\/\/dev.claret.cat\/autor\/anonimo\/","menu_order":0,"post_type":"autor","post_mime_type":"","comment_count":"0","filter":"raw"}]},"aioseo_notices":[],"_links":{"self":[{"href":"https:\/\/www.claret.cat\/es\/wp-json\/wp\/v2\/product\/1091691","targetHints":{"allow":["GET"]}}],"collection":[{"href":"https:\/\/www.claret.cat\/es\/wp-json\/wp\/v2\/product"}],"about":[{"href":"https:\/\/www.claret.cat\/es\/wp-json\/wp\/v2\/types\/product"}],"wp:featuredmedia":[{"embeddable":true,"href":"https:\/\/www.claret.cat\/es\/wp-json\/wp\/v2\/media\/1091692"}],"wp:attachment":[{"href":"https:\/\/www.claret.cat\/es\/wp-json\/wp\/v2\/media?parent=1091691"}],"wp:term":[{"taxonomy":"product_brand","embeddable":true,"href":"https:\/\/www.claret.cat\/es\/wp-json\/wp\/v2\/product_brand?post=1091691"},{"taxonomy":"product_cat","embeddable":true,"href":"https:\/\/www.claret.cat\/es\/wp-json\/wp\/v2\/product_cat?post=1091691"},{"taxonomy":"product_tag","embeddable":true,"href":"https:\/\/www.claret.cat\/es\/wp-json\/wp\/v2\/product_tag?post=1091691"}],"curies":[{"name":"wp","href":"https:\/\/api.w.org\/{rel}","templated":true}]}}