{"id":109178,"date":"2022-10-12T09:56:38","date_gmt":"2022-10-12T07:56:38","guid":{"rendered":"http:\/\/dev.claret.cat\/producte\/escape-room-3r-eso-projecte-kumi\/"},"modified":"2024-07-09T12:30:20","modified_gmt":"2024-07-09T10:30:20","slug":"escape-room-3r-eso-projecte-kumi-9788447941438","status":"publish","type":"product","link":"https:\/\/www.claret.cat\/es\/libro\/escape-room-3r-eso-projecte-kumi-9788447941438\/","title":{"rendered":"ESCAPE ROOM 3R ESO PROJECTE KUMI"},"content":{"rendered":"","protected":false},"excerpt":{"rendered":"<p>PELLICER IBORRA, CARMEN \/ VARELA D\u00c1VILA, MART\u00cdN \/ L\u00d3PEZ OLIV\u00c1N, ROSA<\/p>\n","protected":false},"featured_media":109179,"template":"","meta":{"_acf_changed":false,"om_disable_all_campaigns":false,"rs_blank_template":"","rs_page_bg_color":"","slide_template_v7":"","inline_featured_image":false,"_monsterinsights_skip_tracking":false,"_monsterinsights_sitenote_active":false,"_monsterinsights_sitenote_note":"","_monsterinsights_sitenote_category":0},"product_brand":[],"product_cat":[90,540],"product_tag":[],"class_list":{"0":"post-109178","1":"product","2":"type-product","3":"status-publish","4":"has-post-thumbnail","6":"product_cat-altres","7":"product_cat-otros","9":"first","10":"instock","11":"taxable","12":"shipping-taxable","13":"purchasable","14":"product-type-simple"},"acf":{"autor":"PELLICER IBORRA, CARMEN \/ VARELA D\u00c1VILA, MART\u00cdN \/ L\u00d3PEZ OLIV\u00c1N, ROSA","codart":"844794143","libros-coleccion":"FORA DE COL.LECCI\u00d3","ediciones":"1","encuadernacion":"R\u00fastica","fecha_de_publicacion":"01\/01\/2020","novedad":"0","paginas":"0","subtitulo":"","orden":"0","portada":"0","idioma":"cat","editorial":[{"ID":147536,"post_author":"3","post_date":"2022-10-14 11:51:19","post_date_gmt":"2022-10-14 09:51:19","post_content":"","post_title":"BAULA-EDELVIVES-VALENCIANO\/CATALAN-TXT-","post_excerpt":"","post_status":"publish","comment_status":"closed","ping_status":"closed","post_password":"","post_name":"baula-edelvives-valenciano-catalan-txt","to_ping":"","pinged":"","post_modified":"2022-10-14 11:51:19","post_modified_gmt":"2022-10-14 09:51:19","post_content_filtered":"","post_parent":0,"guid":"http:\/\/dev.claret.cat\/editorial\/baula-edelvives-valenciano-catalan-txt\/","menu_order":0,"post_type":"editorial","post_mime_type":"","comment_count":"0","filter":"raw"}],"autores-libros":[{"ID":164320,"post_author":"3","post_date":"2022-10-14 17:46:08","post_date_gmt":"2022-10-14 15:46:08","post_content":"","post_title":"MART\u00cdN VARELA D\u00c1VILA","post_excerpt":"","post_status":"publish","comment_status":"closed","ping_status":"closed","post_password":"","post_name":"martin-varela-davila","to_ping":"","pinged":"","post_modified":"2022-10-14 17:46:08","post_modified_gmt":"2022-10-14 15:46:08","post_content_filtered":"","post_parent":0,"guid":"http:\/\/dev.claret.cat\/autor\/martin-varela-davila\/","menu_order":0,"post_type":"autor","post_mime_type":"","comment_count":"0","filter":"raw"},{"ID":168492,"post_author":"3","post_date":"2022-10-14 22:19:33","post_date_gmt":"2022-10-14 20:19:33","post_content":"","post_title":"ROSA L\u00d3PEZ OLIV\u00c1N","post_excerpt":"","post_status":"publish","comment_status":"closed","ping_status":"closed","post_password":"","post_name":"rosa-lopez-olivan","to_ping":"","pinged":"","post_modified":"2022-10-14 22:19:33","post_modified_gmt":"2022-10-14 20:19:33","post_content_filtered":"","post_parent":0,"guid":"http:\/\/dev.claret.cat\/autor\/rosa-lopez-olivan\/","menu_order":0,"post_type":"autor","post_mime_type":"","comment_count":"0","filter":"raw"},{"ID":152437,"post_author":"3","post_date":"2022-10-14 14:48:45","post_date_gmt":"2022-10-14 12:48:45","post_content":"","post_title":"CARMEN PELLICER IBORRA","post_excerpt":"","post_status":"publish","comment_status":"closed","ping_status":"closed","post_password":"","post_name":"carmen-pellicer-iborra","to_ping":"","pinged":"","post_modified":"2022-10-14 14:48:45","post_modified_gmt":"2022-10-14 12:48:45","post_content_filtered":"","post_parent":0,"guid":"http:\/\/dev.claret.cat\/autor\/carmen-pellicer-iborra\/","menu_order":0,"post_type":"autor","post_mime_type":"","comment_count":"0","filter":"raw"}]},"aioseo_notices":[],"_links":{"self":[{"href":"https:\/\/www.claret.cat\/es\/wp-json\/wp\/v2\/product\/109178","targetHints":{"allow":["GET"]}}],"collection":[{"href":"https:\/\/www.claret.cat\/es\/wp-json\/wp\/v2\/product"}],"about":[{"href":"https:\/\/www.claret.cat\/es\/wp-json\/wp\/v2\/types\/product"}],"wp:featuredmedia":[{"embeddable":true,"href":"https:\/\/www.claret.cat\/es\/wp-json\/wp\/v2\/media\/109179"}],"wp:attachment":[{"href":"https:\/\/www.claret.cat\/es\/wp-json\/wp\/v2\/media?parent=109178"}],"wp:term":[{"taxonomy":"product_brand","embeddable":true,"href":"https:\/\/www.claret.cat\/es\/wp-json\/wp\/v2\/product_brand?post=109178"},{"taxonomy":"product_cat","embeddable":true,"href":"https:\/\/www.claret.cat\/es\/wp-json\/wp\/v2\/product_cat?post=109178"},{"taxonomy":"product_tag","embeddable":true,"href":"https:\/\/www.claret.cat\/es\/wp-json\/wp\/v2\/product_tag?post=109178"}],"curies":[{"name":"wp","href":"https:\/\/api.w.org\/{rel}","templated":true}]}}