{"id":1091823,"date":"2026-03-23T13:36:41","date_gmt":"2026-03-23T12:36:41","guid":{"rendered":"https:\/\/www.claret.cat\/llibre\/el-cantico-del-cordero-9788413685885\/"},"modified":"2026-04-11T10:35:05","modified_gmt":"2026-04-11T08:35:05","slug":"el-cantico-del-cordero-9788413685885","status":"publish","type":"product","link":"https:\/\/www.claret.cat\/es\/libro\/el-cantico-del-cordero-9788413685885\/","title":{"rendered":"EL C\u00c1NTICO DEL CORDERO"},"content":{"rendered":"<p>La liturgia es un don de Dios al hombre que involucra todos los<br \/>sentidos. La Iglesia nos invita a participar de las celebraciones<br \/>religiosas para recordarnos que la Palabra habita entre nosotros.<br \/>As\u00ed, la m\u00fasica sacra, creada para acompa\u00f1arnos en estos<br \/>contextos, deber\u00eda sumergirnos en la atm\u00f3sfera celestial. Sin<br \/>embargo, \u00bfcon qu\u00e9 frecuencia el sonido de la liturgia nos deja con<br \/>una sensaci\u00f3n de vac\u00edo, distracci\u00f3n o nos parece un simple<br \/>concierto?<br \/>En este libro, el cardenal Robert Sarah se une a Peter Carter,<br \/>director del Proyecto de M\u00fasica Sacra Cat\u00f3lica, para adentrarse en<br \/>la rica tradici\u00f3n espiritual de la m\u00fasica sacra cat\u00f3lica, desde los<br \/>inicios de la Iglesia hasta el Concilio Vaticano II y m\u00e1s ac\u00e1.<br \/>El cardenal critica la confusi\u00f3n lit\u00fargica de nuestros tiempos, que ha<br \/>afectado a todos los rincones de la Iglesia. Adem\u00e1s, trata de que<br \/>los lectores se enamoren m\u00e1s profundamente de la Misa y aviva la<br \/>llama de la renovaci\u00f3n lit\u00fargica que los cristianos de todo el mundo<br \/>tanto anhelan<\/p>\n","protected":false},"excerpt":{"rendered":"<p>CARD. ROBERT SARAH &#038; PETER CARTER<\/p>\n","protected":false},"featured_media":1095896,"template":"","meta":{"_acf_changed":false,"om_disable_all_campaigns":false,"rs_blank_template":"","rs_page_bg_color":"","slide_template_v7":"","inline_featured_image":false,"_monsterinsights_skip_tracking":false,"_monsterinsights_sitenote_active":false,"_monsterinsights_sitenote_note":"","_monsterinsights_sitenote_category":0},"product_brand":[],"product_cat":[252,398,417,282],"product_tag":[],"class_list":{"0":"post-1091823","1":"product","2":"type-product","3":"status-publish","4":"has-post-thumbnail","6":"product_cat-altres-rituals","7":"product_cat-otros-rituales","8":"product_cat-sacramentologia-teologia-1_espiritualidad","9":"product_cat-sacramentologia","11":"first","12":"instock","13":"taxable","14":"shipping-taxable","15":"purchasable","16":"product-type-simple"},"acf":{"autor":"CARD. ROBERT SARAH & PETER CARTER","codart":"841368588","libros-coleccion":"","ediciones":"1","encuadernacion":"R\u00fastica","fecha_de_publicacion":"23\/03\/2026","novedad":"1","paginas":"286","subtitulo":" ","orden":"0","portada":"1","idioma":"spa","booktrailer":"","resenas":"","editorial":[{"ID":6323,"post_author":"3","post_date":"2022-07-28 17:49:43","post_date_gmt":"2022-07-28 15:49:43","post_content":"","post_title":"PALABRA - excepte fulletons","post_excerpt":"","post_status":"publish","comment_status":"closed","ping_status":"closed","post_password":"","post_name":"palabra-excepte-fulletons","to_ping":"","pinged":"","post_modified":"2022-07-28 17:49:43","post_modified_gmt":"2022-07-28 15:49:43","post_content_filtered":"","post_parent":0,"guid":"http:\/\/dev.claret.cat\/editorial\/palabra-excepte-fulletons\/","menu_order":0,"post_type":"editorial","post_mime_type":"","comment_count":"0","filter":"raw"}]},"aioseo_notices":[],"_links":{"self":[{"href":"https:\/\/www.claret.cat\/es\/wp-json\/wp\/v2\/product\/1091823","targetHints":{"allow":["GET"]}}],"collection":[{"href":"https:\/\/www.claret.cat\/es\/wp-json\/wp\/v2\/product"}],"about":[{"href":"https:\/\/www.claret.cat\/es\/wp-json\/wp\/v2\/types\/product"}],"wp:featuredmedia":[{"embeddable":true,"href":"https:\/\/www.claret.cat\/es\/wp-json\/wp\/v2\/media\/1095896"}],"wp:attachment":[{"href":"https:\/\/www.claret.cat\/es\/wp-json\/wp\/v2\/media?parent=1091823"}],"wp:term":[{"taxonomy":"product_brand","embeddable":true,"href":"https:\/\/www.claret.cat\/es\/wp-json\/wp\/v2\/product_brand?post=1091823"},{"taxonomy":"product_cat","embeddable":true,"href":"https:\/\/www.claret.cat\/es\/wp-json\/wp\/v2\/product_cat?post=1091823"},{"taxonomy":"product_tag","embeddable":true,"href":"https:\/\/www.claret.cat\/es\/wp-json\/wp\/v2\/product_tag?post=1091823"}],"curies":[{"name":"wp","href":"https:\/\/api.w.org\/{rel}","templated":true}]}}