{"id":1091858,"date":"2026-03-23T14:00:48","date_gmt":"2026-03-23T13:00:48","guid":{"rendered":"https:\/\/www.claret.cat\/llibre\/vikings-album-illustrat-infantil-sobre-ledat-mitjana-9791387501549\/"},"modified":"2026-03-23T14:10:37","modified_gmt":"2026-03-23T13:10:37","slug":"vikings-album-illustrat-infantil-sobre-ledat-mitjana-9791387501549","status":"publish","type":"product","link":"https:\/\/www.claret.cat\/es\/libro\/vikings-album-illustrat-infantil-sobre-ledat-mitjana-9791387501549\/","title":{"rendered":"V\u00cdKINGS &#8211; \u00c0LBUM IL\u00b7LUSTRAT INFANTIL SOBRE L\u2019EDAT MITJANA"},"content":{"rendered":"<p>Descobreix el fascinant m\u00f3n dels v\u00edkings en aquest \u00e0lbum il\u00b7lustrat especialment creat per a nens a partir de 8 anys.<\/p>\n<p> Qui eren els v\u00edkings? Com vivien? Quins vaixells utilitzaven per creuar els mars? En qu\u00e8 creien?<\/p>\n<p> A trav\u00e9s d\u2019il\u00b7lustracions captivadores i un llenguatge clar i accessible, aquest llibre acosta els joves lectors a la hist\u00f2ria, la cultura i les aventures d\u2019un dels pobles m\u00e9s fascinants de l\u2019Edat Mitjana.<\/p>\n<p> Ideal per a:<\/p>\n<p> \u2022 nens curiosos<br \/> \u2022 primers lectors interessats en la hist\u00f2ria<br \/> \u2022 lectura en fam\u00edlia<br \/> \u2022 escoles i biblioteques<br \/> \u2022 amants dels v\u00edkings<\/p>\n<p> Un llibre que combina aprenentatge i gaudi, despertant la imaginaci\u00f3 i l\u2019inter\u00e8s pel passat.<\/p>\n<p> Perfecte com a regal educatiu i com a primer acostament a la hist\u00f2ria.<\/p>\n","protected":false},"excerpt":{"rendered":"<p>RENA ORTEGA<\/p>\n","protected":false},"featured_media":1091859,"template":"","meta":{"_acf_changed":false,"om_disable_all_campaigns":false,"rs_blank_template":"","rs_page_bg_color":"","slide_template_v7":"","inline_featured_image":false,"_monsterinsights_skip_tracking":false,"_monsterinsights_sitenote_active":false,"_monsterinsights_sitenote_note":"","_monsterinsights_sitenote_category":0},"product_brand":[],"product_cat":[132,362],"product_tag":[],"class_list":{"0":"post-1091858","1":"product","2":"type-product","3":"status-publish","4":"has-post-thumbnail","6":"product_cat-lectures-per-preadolescents-6-12-anys","7":"product_cat-libros-preadolescentes-6-12-anos","9":"first","10":"instock","11":"taxable","12":"shipping-taxable","13":"purchasable","14":"product-type-simple"},"acf":{"autor":"RENA ORTEGA","codart":"138750154","libros-coleccion":"","ediciones":"1","encuadernacion":"Carton\u00e9","fecha_de_publicacion":"01\/03\/2026","novedad":"1","paginas":"48","subtitulo":"UN VIATGE IL\u00b7LUSTRAT AL FASCINANT M\u00d3N DELS V\u00cdKINGS PER A NENS A PARTIR DE 8 ANYS","orden":"0","portada":"0","idioma":"cat","booktrailer":"","resenas":"","editorial":[{"ID":988051,"post_author":"3","post_date":"2024-10-24 12:30:41","post_date_gmt":"2024-10-24 10:30:41","post_content":"","post_title":"Triqueta VerdeU","post_excerpt":"","post_status":"publish","comment_status":"closed","ping_status":"closed","post_password":"","post_name":"triqueta-verdeu","to_ping":"","pinged":"","post_modified":"2024-10-24 12:30:41","post_modified_gmt":"2024-10-24 10:30:41","post_content_filtered":"","post_parent":0,"guid":"https:\/\/www.claret.cat\/editorial\/triqueta-verdeu\/","menu_order":0,"post_type":"editorial","post_mime_type":"","comment_count":"0","filter":"raw"}]},"aioseo_notices":[],"_links":{"self":[{"href":"https:\/\/www.claret.cat\/es\/wp-json\/wp\/v2\/product\/1091858","targetHints":{"allow":["GET"]}}],"collection":[{"href":"https:\/\/www.claret.cat\/es\/wp-json\/wp\/v2\/product"}],"about":[{"href":"https:\/\/www.claret.cat\/es\/wp-json\/wp\/v2\/types\/product"}],"wp:featuredmedia":[{"embeddable":true,"href":"https:\/\/www.claret.cat\/es\/wp-json\/wp\/v2\/media\/1091859"}],"wp:attachment":[{"href":"https:\/\/www.claret.cat\/es\/wp-json\/wp\/v2\/media?parent=1091858"}],"wp:term":[{"taxonomy":"product_brand","embeddable":true,"href":"https:\/\/www.claret.cat\/es\/wp-json\/wp\/v2\/product_brand?post=1091858"},{"taxonomy":"product_cat","embeddable":true,"href":"https:\/\/www.claret.cat\/es\/wp-json\/wp\/v2\/product_cat?post=1091858"},{"taxonomy":"product_tag","embeddable":true,"href":"https:\/\/www.claret.cat\/es\/wp-json\/wp\/v2\/product_tag?post=1091858"}],"curies":[{"name":"wp","href":"https:\/\/api.w.org\/{rel}","templated":true}]}}