{"id":1091908,"date":"2026-03-23T14:15:02","date_gmt":"2026-03-23T13:15:02","guid":{"rendered":"https:\/\/www.claret.cat\/llibre\/buu-9788411583114\/"},"modified":"2026-03-23T14:15:58","modified_gmt":"2026-03-23T13:15:58","slug":"buu-9788411583114","status":"publish","type":"product","link":"https:\/\/www.claret.cat\/es\/libro\/buu-9788411583114\/","title":{"rendered":"\u00a1BUU!"},"content":{"rendered":"<p>Tuli es un primer paso l\u00fadico hacia las aventuras en formato c\u00f3mic. Una colecci\u00f3n de libros todo cart\u00f3n especialmente pensada para prelectores que combina el atractivo de los c\u00f3mics con el juego interactivo de las solapas.<br \/> Con guiones sencillos, ilustraciones atrevidas y expresivas, y un final sorpresa, Tuli invita a los m\u00e1s peque\u00f1os a seguir una historia por s\u00ed mismos, ayud\u00e1ndoles a desarrollar confianza, independencia y amor por la narraci\u00f3n.<br \/> Cada doble p\u00e1gina ofrece momentos para levantar solapas, juegos del cuc\u00fa y pistas visuales que permiten que la historia avance de manera natural.<\/p>\n","protected":false},"excerpt":{"rendered":"<p>KATIA KLEIN CARULLA<\/p>\n","protected":false},"featured_media":1091909,"template":"","meta":{"_acf_changed":false,"om_disable_all_campaigns":false,"rs_blank_template":"","rs_page_bg_color":"","slide_template_v7":"","inline_featured_image":false,"_monsterinsights_skip_tracking":false,"_monsterinsights_sitenote_active":false,"_monsterinsights_sitenote_note":"","_monsterinsights_sitenote_category":0},"product_brand":[],"product_cat":[131,361],"product_tag":[],"class_list":{"0":"post-1091908","1":"product","2":"type-product","3":"status-publish","4":"has-post-thumbnail","6":"product_cat-contes-per-infants-0-6-anys","7":"product_cat-cuentos-para-ninos-0-6-anos","9":"first","10":"instock","11":"taxable","12":"shipping-taxable","13":"purchasable","14":"product-type-simple"},"acf":{"autor":"KATIA KLEIN CARULLA","codart":"841158311","libros-coleccion":"","ediciones":"1","encuadernacion":"Carpeta","fecha_de_publicacion":"01\/02\/2026","novedad":"1","paginas":"14","subtitulo":"","orden":"0","portada":"0","idioma":"spa","booktrailer":"","resenas":"","editorial":[{"ID":147649,"post_author":"3","post_date":"2022-10-14 11:52:11","post_date_gmt":"2022-10-14 09:52:11","post_content":"","post_title":"COMBEL EDITORIAL","post_excerpt":"","post_status":"publish","comment_status":"closed","ping_status":"closed","post_password":"","post_name":"combel-editorial","to_ping":"","pinged":"","post_modified":"2022-10-14 11:52:11","post_modified_gmt":"2022-10-14 09:52:11","post_content_filtered":"","post_parent":0,"guid":"http:\/\/dev.claret.cat\/editorial\/combel-editorial\/","menu_order":0,"post_type":"editorial","post_mime_type":"","comment_count":"0","filter":"raw"}]},"aioseo_notices":[],"_links":{"self":[{"href":"https:\/\/www.claret.cat\/es\/wp-json\/wp\/v2\/product\/1091908","targetHints":{"allow":["GET"]}}],"collection":[{"href":"https:\/\/www.claret.cat\/es\/wp-json\/wp\/v2\/product"}],"about":[{"href":"https:\/\/www.claret.cat\/es\/wp-json\/wp\/v2\/types\/product"}],"wp:featuredmedia":[{"embeddable":true,"href":"https:\/\/www.claret.cat\/es\/wp-json\/wp\/v2\/media\/1091909"}],"wp:attachment":[{"href":"https:\/\/www.claret.cat\/es\/wp-json\/wp\/v2\/media?parent=1091908"}],"wp:term":[{"taxonomy":"product_brand","embeddable":true,"href":"https:\/\/www.claret.cat\/es\/wp-json\/wp\/v2\/product_brand?post=1091908"},{"taxonomy":"product_cat","embeddable":true,"href":"https:\/\/www.claret.cat\/es\/wp-json\/wp\/v2\/product_cat?post=1091908"},{"taxonomy":"product_tag","embeddable":true,"href":"https:\/\/www.claret.cat\/es\/wp-json\/wp\/v2\/product_tag?post=1091908"}],"curies":[{"name":"wp","href":"https:\/\/api.w.org\/{rel}","templated":true}]}}