{"id":1092124,"date":"2026-03-24T13:40:02","date_gmt":"2026-03-24T12:40:02","guid":{"rendered":"https:\/\/www.claret.cat\/llibre\/las-pruebas-de-mi-inocencia-9788433949295\/"},"modified":"2026-04-02T16:40:13","modified_gmt":"2026-04-02T14:40:13","slug":"las-pruebas-de-mi-inocencia-9788433949295","status":"publish","type":"product","link":"https:\/\/www.claret.cat\/es\/libro\/las-pruebas-de-mi-inocencia-9788433949295\/","title":{"rendered":"LAS PRUEBAS DE MI INOCENCIA"},"content":{"rendered":"<p>Una novela detectivesca, pol\u00edtica y sat\u00edrica sobre los tiempos de la posverdad. Terminados los estudios literarios en la universidad, Phyllida ha tenido que volver a instalarse en casa de sus padres y sobrevive con un trabajo mal pagado en el aeropuerto de Heathrow. En cuanto a sus incipientes planes de convertirse en escritora, de momento no van a ninguna parte. Hasta que un d\u00eda su madre invita a cenar a un viejo amigo de la familia, Christopher Swann, que tiene un blog pol\u00edtico interesado en oscuras conspiraciones y est\u00e1 investigando los tejemanejes de un siniestro conjunto de expertos, fundado en la Universidad de Cambridge en la d\u00e9cada de 1980. Este grupo ha estado conspirando para empujar al Gobierno brit\u00e1nico hacia una direcci\u00f3n m\u00e1s extremista y finalmente est\u00e1 listo para actuar.Mientras Gran Breta\u00f1a se encuentra bajo el liderazgo de una nueva primera ministra cuyo mandato solo durar\u00e1 siete semanas, la indagaci\u00f3n de Chris lo lleva a un congreso que se celebra en lo profundo de los Cotswolds. Aunque enfrentarse al poder puede ser peligroso, y el poder no se detendr\u00e1 ante nada para mantenerse en la cima\u2026 As\u00ed que los acontecimientos dan un giro siniestro y pronto se iniciar\u00e1 una investigaci\u00f3n por asesinato.Pero \u00bfla soluci\u00f3n al misterio se encuentra en la pol\u00edtica contempor\u00e1nea o en un enigma literario de hace casi cuarenta a\u00f1os?Coe ha orquestado una sugestiva y amen\u00edsima pirueta literaria, ambientada durante el breve y desastroso gobierno de la conservadora Liz Truss, que juega con la descripci\u00f3n de los sucesos narrados al m\u00e1s puro estilo Agatha Christie, el recuerdo de lo ocurrido a\u00f1os atr\u00e1s que recogen unas memorias universitarias de Cambridge, y un ensayo de autoficci\u00f3n a dos voces donde la colaboraci\u00f3n de Rashida, la hija adoptiva de Swann, resulta imprescindible.No es la primera vez que el autor despliega este tipo de virtuosismo ni que nos deleita con su aguda e implacable mirada sobre las miserias pol\u00edticas de la Gran Breta\u00f1a actual, para acabar demostr\u00e1ndonos que la clave para comprender el presente a menudo se encuentra en los rincones m\u00e1s oscuros del pasado.Inteligente, perspicaz, ingeniosa y muy divertida, esta novela deslumbrante que va saltando entre g\u00e9neros y d\u00e9cadas es una nueva muestra del talento de un escritor que ya se ha convertido en un cl\u00e1sico contempor\u00e1neo.<\/p>\n","protected":false},"excerpt":{"rendered":"<p>JONATHAN COE<\/p>\n","protected":false},"featured_media":1092355,"template":"","meta":{"_acf_changed":false,"om_disable_all_campaigns":false,"rs_blank_template":"","rs_page_bg_color":"","slide_template_v7":"","inline_featured_image":false,"_monsterinsights_skip_tracking":false,"_monsterinsights_sitenote_active":false,"_monsterinsights_sitenote_note":"","_monsterinsights_sitenote_category":0},"product_brand":[],"product_cat":[127,357],"product_tag":[],"class_list":{"0":"post-1092124","1":"product","2":"type-product","3":"status-publish","4":"has-post-thumbnail","6":"product_cat-novella-contemporania","7":"product_cat-novela-contemporanea","9":"first","10":"instock","11":"taxable","12":"shipping-taxable","13":"purchasable","14":"product-type-simple"},"acf":{"autor":"JONATHAN COE","codart":"843394929","libros-coleccion":"","ediciones":"1","encuadernacion":"R\u00fastica","fecha_de_publicacion":"01\/03\/2026","novedad":"1","paginas":"432","subtitulo":"","orden":"0","portada":"0","idioma":"spa","booktrailer":"","resenas":"","editorial":[{"ID":147428,"post_author":"3","post_date":"2022-10-14 11:50:30","post_date_gmt":"2022-10-14 09:50:30","post_content":"","post_title":"ANAGRAMA","post_excerpt":"","post_status":"publish","comment_status":"closed","ping_status":"closed","post_password":"","post_name":"anagrama","to_ping":"","pinged":"","post_modified":"2022-10-14 11:50:30","post_modified_gmt":"2022-10-14 09:50:30","post_content_filtered":"","post_parent":0,"guid":"http:\/\/dev.claret.cat\/editorial\/anagrama\/","menu_order":0,"post_type":"editorial","post_mime_type":"","comment_count":"0","filter":"raw"}]},"aioseo_notices":[],"_links":{"self":[{"href":"https:\/\/www.claret.cat\/es\/wp-json\/wp\/v2\/product\/1092124","targetHints":{"allow":["GET"]}}],"collection":[{"href":"https:\/\/www.claret.cat\/es\/wp-json\/wp\/v2\/product"}],"about":[{"href":"https:\/\/www.claret.cat\/es\/wp-json\/wp\/v2\/types\/product"}],"wp:featuredmedia":[{"embeddable":true,"href":"https:\/\/www.claret.cat\/es\/wp-json\/wp\/v2\/media\/1092355"}],"wp:attachment":[{"href":"https:\/\/www.claret.cat\/es\/wp-json\/wp\/v2\/media?parent=1092124"}],"wp:term":[{"taxonomy":"product_brand","embeddable":true,"href":"https:\/\/www.claret.cat\/es\/wp-json\/wp\/v2\/product_brand?post=1092124"},{"taxonomy":"product_cat","embeddable":true,"href":"https:\/\/www.claret.cat\/es\/wp-json\/wp\/v2\/product_cat?post=1092124"},{"taxonomy":"product_tag","embeddable":true,"href":"https:\/\/www.claret.cat\/es\/wp-json\/wp\/v2\/product_tag?post=1092124"}],"curies":[{"name":"wp","href":"https:\/\/api.w.org\/{rel}","templated":true}]}}