{"id":1092130,"date":"2026-03-24T13:40:39","date_gmt":"2026-03-24T12:40:39","guid":{"rendered":"https:\/\/www.claret.cat\/llibre\/el-poblenou-19001930-targeta-postal-9791387658717\/"},"modified":"2026-03-24T13:41:20","modified_gmt":"2026-03-24T12:41:20","slug":"el-poblenou-19001930-targeta-postal-9791387658717","status":"publish","type":"product","link":"https:\/\/www.claret.cat\/es\/libro\/el-poblenou-19001930-targeta-postal-9791387658717\/","title":{"rendered":"EL POBLENOU 1900-1930. TARGETA POSTAL"},"content":{"rendered":"<p>Les imatges s\u00f3n el gran mitj\u00e0 de comunicaci\u00f3 de la nostra \u00e8poca. En aquest sentit, les postals s\u00f3n la mem\u00f2ria no oblidada dels petits grans moments que conformen la nostra vida, tant intel\u00b7lectual com col\u00b7lectiva. Per aquest motiu, cal recordar; preservar i tornar a publicar aquests petits fragments de la mem\u00f2ria. Amb el pas del temps, les postals es van convertir en un element inseparable dels viatges tur\u00edstics i en la certificaci\u00f3 real de com era la nostra vida quotidiana. Els fot\u00f2grafs del barri, com Jordi Rovira, Raphael, Albalat o Fotos Esp\u00e9s, han estat i s\u00f3n el complement dels fotoperiodistes, que mostren les not\u00edcies m\u00e9s enll\u00e0 dels l\u00edmits del barri.<\/p>\n","protected":false},"excerpt":{"rendered":"<p>JORDI FOSSAS<\/p>\n","protected":false},"featured_media":1092131,"template":"","meta":{"_acf_changed":false,"om_disable_all_campaigns":false,"rs_blank_template":"","rs_page_bg_color":"","slide_template_v7":"","inline_featured_image":false,"_monsterinsights_skip_tracking":false,"_monsterinsights_sitenote_active":false,"_monsterinsights_sitenote_note":"","_monsterinsights_sitenote_category":0},"product_brand":[],"product_cat":[430,153,105,555],"product_tag":[],"class_list":{"0":"post-1092130","1":"product","2":"type-product","3":"status-publish","4":"has-post-thumbnail","6":"product_cat-cataluna","7":"product_cat-catalunya","8":"product_cat-regal","9":"product_cat-regalo","11":"first","12":"instock","13":"taxable","14":"shipping-taxable","15":"purchasable","16":"product-type-simple"},"acf":{"autor":"JORDI FOSSAS","codart":"138765871","libros-coleccion":"","ediciones":"1","encuadernacion":"Carton\u00e9","fecha_de_publicacion":"01\/03\/2026","novedad":"1","paginas":"152","subtitulo":"","orden":"0","portada":"0","idioma":"cat","booktrailer":"","resenas":"","editorial":[{"ID":148056,"post_author":"3","post_date":"2022-10-14 11:55:18","post_date_gmt":"2022-10-14 09:55:18","post_content":"","post_title":"EFAD\u00d3S EDITORIAL","post_excerpt":"","post_status":"publish","comment_status":"closed","ping_status":"closed","post_password":"","post_name":"efados-editorial","to_ping":"","pinged":"","post_modified":"2022-10-14 11:55:18","post_modified_gmt":"2022-10-14 09:55:18","post_content_filtered":"","post_parent":0,"guid":"http:\/\/dev.claret.cat\/editorial\/efados-editorial\/","menu_order":0,"post_type":"editorial","post_mime_type":"","comment_count":"0","filter":"raw"}]},"aioseo_notices":[],"_links":{"self":[{"href":"https:\/\/www.claret.cat\/es\/wp-json\/wp\/v2\/product\/1092130","targetHints":{"allow":["GET"]}}],"collection":[{"href":"https:\/\/www.claret.cat\/es\/wp-json\/wp\/v2\/product"}],"about":[{"href":"https:\/\/www.claret.cat\/es\/wp-json\/wp\/v2\/types\/product"}],"wp:featuredmedia":[{"embeddable":true,"href":"https:\/\/www.claret.cat\/es\/wp-json\/wp\/v2\/media\/1092131"}],"wp:attachment":[{"href":"https:\/\/www.claret.cat\/es\/wp-json\/wp\/v2\/media?parent=1092130"}],"wp:term":[{"taxonomy":"product_brand","embeddable":true,"href":"https:\/\/www.claret.cat\/es\/wp-json\/wp\/v2\/product_brand?post=1092130"},{"taxonomy":"product_cat","embeddable":true,"href":"https:\/\/www.claret.cat\/es\/wp-json\/wp\/v2\/product_cat?post=1092130"},{"taxonomy":"product_tag","embeddable":true,"href":"https:\/\/www.claret.cat\/es\/wp-json\/wp\/v2\/product_tag?post=1092130"}],"curies":[{"name":"wp","href":"https:\/\/api.w.org\/{rel}","templated":true}]}}