{"id":109286,"date":"2022-10-12T09:58:07","date_gmt":"2022-10-12T07:58:07","guid":{"rendered":"http:\/\/dev.claret.cat\/producte\/el-infinito\/"},"modified":"2026-04-01T17:54:59","modified_gmt":"2026-04-01T15:54:59","slug":"el-infinito-9788429329407","status":"publish","type":"product","link":"https:\/\/www.claret.cat\/es\/libro\/el-infinito-9788429329407\/","title":{"rendered":"EL INFINITO"},"content":{"rendered":"<p>En este libro, adem\u00e1s de estudiar a fondo el infinito en las matem\u00e1ticas, el presitigioso matem\u00e1tico y divulgador cient\u00edfico de la Royal Society, analiza los rasgos de otros aspectos del infinito y plantea algunos de los grandes problemas y conocimientos derivados de este concepto en el mundo real, incluso en situaci\u00f3nes o instrumentos de nuestras vidas completamente insospechados.<\/p>\n","protected":false},"excerpt":{"rendered":"<p>STEWART, IAN<\/p>\n","protected":false},"featured_media":340793,"template":"","meta":{"_acf_changed":false,"om_disable_all_campaigns":false,"rs_blank_template":"","rs_page_bg_color":"","slide_template_v7":"","inline_featured_image":false,"_monsterinsights_skip_tracking":false,"_monsterinsights_sitenote_active":false,"_monsterinsights_sitenote_note":"","_monsterinsights_sitenote_category":0},"product_brand":[],"product_cat":[90,540],"product_tag":[],"class_list":{"0":"post-109286","1":"product","2":"type-product","3":"status-publish","4":"has-post-thumbnail","6":"product_cat-altres","7":"product_cat-otros","9":"first","10":"instock","11":"taxable","12":"shipping-taxable","13":"purchasable","14":"product-type-simple"},"acf":{"editorial":[{"ID":6351,"post_author":"3","post_date":"2022-07-28 17:50:19","post_date_gmt":"2022-07-28 15:50:19","post_content":"","post_title":"Sal Terrae","post_excerpt":"","post_status":"publish","comment_status":"closed","ping_status":"closed","post_password":"","post_name":"sal-terrae","to_ping":"","pinged":"","post_modified":"2022-07-28 17:50:19","post_modified_gmt":"2022-07-28 15:50:19","post_content_filtered":"","post_parent":0,"guid":"http:\/\/dev.claret.cat\/editorial\/sal-terrae\/","menu_order":0,"post_type":"editorial","post_mime_type":"","comment_count":"0","filter":"raw"}],"autor":"STEWART, IAN","codart":"842932940","libros-coleccion":"Ciencia y religi\u00f3n","ediciones":"1","encuadernacion":"R\u00fastica","fecha_de_publicacion":"29\/06\/2020","novedad":"1","paginas":"160","subtitulo":"UNA INTRODUCCI\u00d3N","orden":"0","portada":"0","idioma":"spa","autores-libros":[{"ID":157717,"post_author":"3","post_date":"2022-10-14 15:31:03","post_date_gmt":"2022-10-14 13:31:03","post_content":"","post_title":"IAN STEWART","post_excerpt":"","post_status":"publish","comment_status":"closed","ping_status":"closed","post_password":"","post_name":"ian-stewart","to_ping":"","pinged":"","post_modified":"2022-10-14 15:31:03","post_modified_gmt":"2022-10-14 13:31:03","post_content_filtered":"","post_parent":0,"guid":"http:\/\/dev.claret.cat\/autor\/ian-stewart\/","menu_order":0,"post_type":"autor","post_mime_type":"","comment_count":"0","filter":"raw"}],"booktrailer":"","resenas":""},"aioseo_notices":[],"_links":{"self":[{"href":"https:\/\/www.claret.cat\/es\/wp-json\/wp\/v2\/product\/109286","targetHints":{"allow":["GET"]}}],"collection":[{"href":"https:\/\/www.claret.cat\/es\/wp-json\/wp\/v2\/product"}],"about":[{"href":"https:\/\/www.claret.cat\/es\/wp-json\/wp\/v2\/types\/product"}],"wp:featuredmedia":[{"embeddable":true,"href":"https:\/\/www.claret.cat\/es\/wp-json\/wp\/v2\/media\/340793"}],"wp:attachment":[{"href":"https:\/\/www.claret.cat\/es\/wp-json\/wp\/v2\/media?parent=109286"}],"wp:term":[{"taxonomy":"product_brand","embeddable":true,"href":"https:\/\/www.claret.cat\/es\/wp-json\/wp\/v2\/product_brand?post=109286"},{"taxonomy":"product_cat","embeddable":true,"href":"https:\/\/www.claret.cat\/es\/wp-json\/wp\/v2\/product_cat?post=109286"},{"taxonomy":"product_tag","embeddable":true,"href":"https:\/\/www.claret.cat\/es\/wp-json\/wp\/v2\/product_tag?post=109286"}],"curies":[{"name":"wp","href":"https:\/\/api.w.org\/{rel}","templated":true}]}}